{"id":153530,"date":"2024-11-29T07:52:15","date_gmt":"2024-11-29T07:52:15","guid":{"rendered":"https:\/\/moto-oprema.com\/Artikel\/alpinestars-1-kom-gp-tech-v4-alpinestars-tech-air-7x\/"},"modified":"2024-11-29T07:52:15","modified_gmt":"2024-11-29T07:52:15","slug":"alpinestars-1-kom-gp-tech-v4-alpinestars-tech-air-7x","status":"publish","type":"product","link":"https:\/\/moto-oprema.com\/hr\/Artikel\/alpinestars-1-kom-gp-tech-v4-alpinestars-tech-air-7x\/","title":{"rendered":"ALPINESTARS 1 KOM GP TECH V4 + ALPINESTARS TECH AIR 7X"},"content":{"rendered":"<div class=\"rte\">Alpinestars GP Tech V4 jednodijelno odijelo je novi model za profesionalnu upotrebu.<\/div>\n<div class=\"rte\">\n<p>Preporu\u010duju ga najbolji prvaci koji nose ovu marku. Razvijeno za maksimalne performanse, sigurnost i izvrsnu udobnost. Odijelo dizajnirano za no\u0161enje sustava zra\u010dnih jastuka Tech-Air 10, koji istovremeno pru\u017ea za\u0161titu i slobodu kretanja. Izra\u0111eno od novih materijala kao \u0161to je MATRYX, prozra\u010dno i s izvrsnom otporno\u0161\u0107u na habanje. Odijelo je tretirano Cool-iR Tech tehnologijom kako bi se sprije\u010dilo nakupljanje topline, dok oja\u010danje od Kevlar mre\u017ee sprje\u010dava prijenos topline.     Kori\u0161tenjem naprednih materijala, MATRYX paneli prisutni su na dijelovima tijela koji su najvi\u0161e izlo\u017eeni habanju. Tako\u0111er nude bolju ventilaciju i mehani\u010dku otpornost na kidanje i abraziju; a pritom ostaju vrlo tanki i lagani. Potkoljenica je tako\u0111er izra\u0111ena od MATRYX-a, tako\u0111er presvu\u010dena visokou\u010dinkovitim poliuretanom; kakav se koristi u MotoGP-u. Ova tehnologija se koristi kako bi se osiguralo manje optere\u0107enje nogu te bolja ventilacija i izvrsna pokretljivost.   <\/p>\n<p>Tehni\u010dke zna\u010dajke odijela Alpinestars Gp Tech V4<\/p>\n<p>Izra\u0111ena od klokanove ko\u017ee s umetcima od kravlje ko\u017ee<br \/>\nKevlar rastezljive plo\u010de prote\u017eu se oko prsa, ruku i stra\u017enjeg dijela nogu za dodatnu udobnost i izdr\u017eljivost<br \/>\nPrisutni su vanjski za\u0161titni elementi GP-DFS koji pru\u017eaju izvrsnu otpornost na udarce i habanje s izvrsnom kontrolom trenja<br \/>\nZamjenjivi kliza\u010di za laktove<br \/>\nMekana GP-R unutarnja za\u0161tita koja pru\u017ea udobnost i produ\u017eenu pokrivenost na dijelovima tijela gdje je najpotrebnija<br \/>\nBio-Flex Race za\u0161tita bokova za optimalnu otpornost na udarce<br \/>\nStrate\u0161ke perforacije na rukama i nogama za bolju cirkulaciju zraka<br \/>\nUklonjiva ulo\u017eak s patentnim zatvara\u010dem za dodatnu udobnost s Polygiene tretmanom za dugotrajnu svje\u017einu<br \/>\nUnutarnji sustav kuka za remen dr\u017ei odijelo na mjestu kada si\u0111ete s bicikla, s gornjim dijelom odijela koji viri iz ramena<br \/>\nUre\u0111aj odobren CE &#8211; Cat II (EN17092) klasa AAA<\/p>\n<\/div>\n<div class=\"rte\">Sastav sirovine: 100% ko\u017ea<\/div>\n<div><\/div>\n<div>\n<p>Alpinestars Tech-Air\u00ae 7x zra\u010dna jakna &#8211; ZRA\u010cNI JASTUK<\/p>\n<p>Tech-Air\u00ae 7x dizajniran je za natjecateljsku i rekreativnu vo\u017enju te pru\u017ea potpunu za\u0161titu gornjeg dijela tijela, pokrivaju\u0107i ramena, prsa i cijela le\u0111a. Sustav Tech-Air\u00ae 7x mo\u017ee se koristiti kao samostalni sustav ili kao integrirani sustav u kompatibilnom odijelu ili jakni. Sustav je dizajniran za upotrebu na zatvorenim trka\u0107im stazama, na cesti i na laganom terenu izvan ceste. Najsuvremeniji sustav nosivih zra\u010dnih jastuka, Tech-Air\u00ae 7x, ima aktivni elektroni\u010dki sustav s dvanaest integriranih senzora: tri aksijalna akcelerometra (jedan na \u0161titniku za le\u0111a i dva na ramenima) i troosni \u017eiroskop (u \u0161titniku za le\u0111a). Ovi senzori prate tijelo voza\u010da u slu\u010daju udara ili neo\u010dekivanih pokreta. Kroz godine istra\u017eivanja, u suradnji s preko 50% vode\u0107ih svjetskih MotoGP trka\u010da i Alpinestars kupaca koji voze Tech-Air\u00ae sustave, na\u0161 je tim analizirao milijune kilometara podataka o vo\u017enji i tisu\u0107e sudara kako bi kontinuirano pobolj\u0161avao inteligentni algoritam za detekciju sudara. Kada algoritam otkrije sudar u kojem je tijelo voza\u010da izlo\u017eeno velikoj i\/ili iznenadnoj koli\u010dini energije, aktivira se napuhavanje za\u0161titnog zra\u010dnog jastuka, pru\u017eaju\u0107i neusporedivu za\u0161titu za voza\u010da ili suvoza\u010da koji nosi sustav (s maksimalnim vremenom napuhavanja od 44 ms, ovisno o veli\u010dini zra\u010dnog jastuka). Sustav Tech-Air\u00ae 7x ima dva razli\u010dita na\u010dina vo\u017enje: na\u010din rada RACE za vo\u017enju na zatvorenim trka\u0107im stazama i na\u010din rada STREET za vo\u017enju po cesti i laganom terenu. Korisnici mogu jednostavno prebacivati izme\u0111u na\u010dina rada STREET i RACE pomo\u0107u aplikacije Tech-Air\u00ae. Prilikom vo\u017enje javnim cestama, a NE na zatvorenoj trka\u0107oj stazi, sustav bi uvijek trebao biti u na\u010dinu rada STREET. Voza\u010di bi trebali imati na umu da prije\u0111u iz na\u010dina rada RACE u na\u010din rada STREET prilikom napu\u0161tanja staze kako bi osigurali potpunu za\u0161titu \u010dak i prilikom zaustavljanja na semaforima, raskri\u017ejima ili iz drugih razloga. Za\u0161titu zra\u010dnog jastuka pri zaustavljanju pru\u017ea samo algoritam na\u010dina rada STREET.           <\/p>\n<\/div>\n","protected":false},"excerpt":{"rendered":"<p>Alpinestars jednodijelno GP Tech V4 odijelo i set zra\u010dnih jastuka Tech Air 7x<\/p>\n","protected":false},"featured_media":32367,"comment_status":"open","ping_status":"closed","template":"","meta":{"_acf_changed":false},"brand":[2748],"gender":[],"product_brand":[],"product_cat":[2879,1356],"product_tag":[],"class_list":{"0":"post-153530","1":"product","2":"type-product","3":"status-publish","4":"has-post-thumbnail","6":"brand-alpinestars-hr","7":"product_cat-jednodijelni-kombinezoni","8":"product_cat-motociklisticka-oprema","9":"pa_barva-crna-hr-2","10":"pa_barva-plava-hr","11":"pa_barva-redoslijed","12":"pa_velikost-airbag-2xl-hr","13":"pa_velikost-airbag-l-hr","14":"pa_velikost-airbag-m-hr","15":"pa_velikost-airbag-s-hr","16":"pa_velikost-airbag-xl-hr","17":"pa_velikost-airbag-xs-hr","18":"pa_velikost-st-48-hr","19":"pa_velikost-st-50-hr","20":"pa_velikost-st-52-hr","21":"pa_velikost-st-54-hr","22":"pa_velikost-st-56-hr","23":"pa_velikost-st-58-hr","25":"first","26":"onbackorder","27":"sale","28":"taxable","29":"shipping-taxable","30":"purchasable","31":"product-type-variable"},"acf":[],"_links":{"self":[{"href":"https:\/\/moto-oprema.com\/hr\/wp-json\/wp\/v2\/product\/153530","targetHints":{"allow":["GET"]}}],"collection":[{"href":"https:\/\/moto-oprema.com\/hr\/wp-json\/wp\/v2\/product"}],"about":[{"href":"https:\/\/moto-oprema.com\/hr\/wp-json\/wp\/v2\/types\/product"}],"replies":[{"embeddable":true,"href":"https:\/\/moto-oprema.com\/hr\/wp-json\/wp\/v2\/comments?post=153530"}],"wp:featuredmedia":[{"embeddable":true,"href":"https:\/\/moto-oprema.com\/hr\/wp-json\/wp\/v2\/media\/32367"}],"wp:attachment":[{"href":"https:\/\/moto-oprema.com\/hr\/wp-json\/wp\/v2\/media?parent=153530"}],"wp:term":[{"taxonomy":"brand","embeddable":true,"href":"https:\/\/moto-oprema.com\/hr\/wp-json\/wp\/v2\/brand?post=153530"},{"taxonomy":"gender","embeddable":true,"href":"https:\/\/moto-oprema.com\/hr\/wp-json\/wp\/v2\/gender?post=153530"},{"taxonomy":"product_brand","embeddable":true,"href":"https:\/\/moto-oprema.com\/hr\/wp-json\/wp\/v2\/product_brand?post=153530"},{"taxonomy":"product_cat","embeddable":true,"href":"https:\/\/moto-oprema.com\/hr\/wp-json\/wp\/v2\/product_cat?post=153530"},{"taxonomy":"product_tag","embeddable":true,"href":"https:\/\/moto-oprema.com\/hr\/wp-json\/wp\/v2\/product_tag?post=153530"}],"curies":[{"name":"wp","href":"https:\/\/api.w.org\/{rel}","templated":true}]}}