{"id":153487,"date":"2024-03-05T10:05:58","date_gmt":"2024-03-05T10:05:58","guid":{"rendered":"https:\/\/moto-oprema.com\/Artikel\/alpinestars-gp-plus-v2-djecje-1-dijel-crvene\/"},"modified":"2024-03-05T10:05:58","modified_gmt":"2024-03-05T10:05:58","slug":"alpinestars-gp-plus-v2-djecje-1-dijel-crvene","status":"publish","type":"product","link":"https:\/\/moto-oprema.com\/hr\/Artikel\/alpinestars-gp-plus-v2-djecje-1-dijel-crvene\/","title":{"rendered":"ALPINESTARS GP PLUS V2 DJE\u010cJE 1-DIJEL CRVENE"},"content":{"rendered":"<p>GP Plus V2 1PC juniorsko ko\u017eno odijelo je visokou\u010dinkovito odijelo za trkanje posebno dizajnirano i optimizirano za mla\u0111e trka\u010de, pru\u017eaju\u0107i vrhunsku za\u0161titu, udobnost i slobodu kretanja bez kompromisa u pogledu sigurnosti u kompletu prikladnom za mini prvake.<\/p>\n<p>1. Izrada od te\u0161ke kravlje ko\u017ee s dva sloja na izlo\u017eenim podru\u010djima za izvrsnu otpornost na habanje.<br \/>\n2. Perforirana ko\u017ena plo\u010da na prsima s dodatnim strate\u0161ki postavljenim lokalnim perforacijama za maksimalnu cirkulaciju zraka i ventilaciju.<br \/>\nventilacija.<br \/>\n3. Opse\u017eni tehni\u010dki rastezljivi umeci ispod pazuha, na unutarnjoj strani ruku, unutarnjoj strani bedara i stra\u017enjoj strani potkoljenica,<br \/>\n i u podru\u010dju me\u0111uno\u017eja za optimalno pristajanje.<br \/>\nKo\u017eni harmonika umetci na donjem dijelu le\u0111a i koljenima za dodatnu rastezljivost i optimizirano sportsko pristajanje.<br \/>\n\u0160titnici za ramena Nucleon Flex Plus i \u0161titnici za laktove i koljena GP-R za u\u010dinkovitu za\u0161titu od udara.<br \/>\nIntegrirani DFS Lite \u0161titnik za ramena za izvrsnu kontrolu trenja.<br \/>\nU skladu s europskim zakonodavstvom, oznaka CE uvjet je za uskla\u0111enost prilikom stavljanja ovog proizvoda na tr\u017ei\u0161te. Web-stranica<br \/>\n Primjenjuju se sljede\u0107i standardi: potpuno CE certificirana odje\u0107a za jahanje u skladu s CE standardom &#8211; kategorija II EN17092-4:2020 &#8211; klasa A. <\/p>\n<p>Sastav sirovine: 77% ko\u017ea, 23% poliamid<\/p>\n","protected":false},"excerpt":{"rendered":"<p>Alpinestars GP Plus V2 dje\u010dje ko\u017eno jednodijelno odijelo za najmla\u0111e. DOSTAVA PO NARUD\u017dBI!!!<\/p>\n","protected":false},"featured_media":26862,"comment_status":"open","ping_status":"open","template":"","meta":{"_acf_changed":false},"brand":[2748],"gender":[],"product_brand":[],"product_cat":[2879,1356],"product_tag":[],"class_list":{"0":"post-153487","1":"product","2":"type-product","3":"status-publish","4":"has-post-thumbnail","6":"brand-alpinestars-hr","7":"product_cat-jednodijelni-kombinezoni","8":"product_cat-motociklisticka-oprema","9":"pa_size-130-hr","10":"pa_size-150-hr","11":"pa_size-47-hr","12":"pa_size-xl-hr","14":"first","15":"onbackorder","16":"sale","17":"taxable","18":"shipping-taxable","19":"purchasable","20":"product-type-variable"},"acf":[],"_links":{"self":[{"href":"https:\/\/moto-oprema.com\/hr\/wp-json\/wp\/v2\/product\/153487","targetHints":{"allow":["GET"]}}],"collection":[{"href":"https:\/\/moto-oprema.com\/hr\/wp-json\/wp\/v2\/product"}],"about":[{"href":"https:\/\/moto-oprema.com\/hr\/wp-json\/wp\/v2\/types\/product"}],"replies":[{"embeddable":true,"href":"https:\/\/moto-oprema.com\/hr\/wp-json\/wp\/v2\/comments?post=153487"}],"wp:featuredmedia":[{"embeddable":true,"href":"https:\/\/moto-oprema.com\/hr\/wp-json\/wp\/v2\/media\/26862"}],"wp:attachment":[{"href":"https:\/\/moto-oprema.com\/hr\/wp-json\/wp\/v2\/media?parent=153487"}],"wp:term":[{"taxonomy":"brand","embeddable":true,"href":"https:\/\/moto-oprema.com\/hr\/wp-json\/wp\/v2\/brand?post=153487"},{"taxonomy":"gender","embeddable":true,"href":"https:\/\/moto-oprema.com\/hr\/wp-json\/wp\/v2\/gender?post=153487"},{"taxonomy":"product_brand","embeddable":true,"href":"https:\/\/moto-oprema.com\/hr\/wp-json\/wp\/v2\/product_brand?post=153487"},{"taxonomy":"product_cat","embeddable":true,"href":"https:\/\/moto-oprema.com\/hr\/wp-json\/wp\/v2\/product_cat?post=153487"},{"taxonomy":"product_tag","embeddable":true,"href":"https:\/\/moto-oprema.com\/hr\/wp-json\/wp\/v2\/product_tag?post=153487"}],"curies":[{"name":"wp","href":"https:\/\/api.w.org\/{rel}","templated":true}]}}