{"id":153307,"date":"2024-03-04T08:41:18","date_gmt":"2024-03-04T08:41:18","guid":{"rendered":"https:\/\/moto-oprema.com\/Artikel\/airoh-commander-2-bijeli\/"},"modified":"2024-03-04T08:41:18","modified_gmt":"2024-03-04T08:41:18","slug":"airoh-commander-2-bijeli","status":"publish","type":"product","link":"https:\/\/moto-oprema.com\/hr\/Artikel\/airoh-commander-2-bijeli\/","title":{"rendered":"AIROH COMMANDER 2 BIJELI"},"content":{"rendered":"<p>Kaciga za motokros Airoh Commander 2<\/p>\n<p>Preuzmite vodstvo i slijedite svoj put. Commander 2 je savr\u0161en partner. Uvijek spreman i responzivan. Za prevladavanje svake prepreke koja vam se na\u0111e na putu. Commander je bio hit. Kaciga za prave avanturiste, dostupna u tri razli\u010dite verzije. Ova nova nadogradnja potpuno mijenja pravila igre! Klju\u010dne inovacije u kacigi Commander 2 uklju\u010duju ASN i AEFR sustave, koji dodatno pove\u0107avaju sigurnost voza\u010da, te sofisticirani sustav ventilacije, razvijen i optimiziran izravno u zra\u010dnom tunelu. Uz sve to, u kutiji se nalazi iznimna oprema koja uklju\u010duje Pinlock 120 XLT sustav za eksponencijalno pove\u0107anje u\u017eitka vo\u017enje.        <\/p>\n<p>Zna\u010dajke:<\/p>\n<p>A3S (Airoh automatski sustav protiv zamagljivanja)<br \/>\n ASN (Airoh klizna mre\u017ea)<br \/>\n AEFR (Airoh brzo otpu\u0161tanje u nu\u017edi)<br \/>\n Spreman za Bluetooth<br \/>\n Tehni\u010dki podaci:<\/p>\n<p>Veli\u010dina: Airoh Airoh Airoh Airoh Airoh Airoh Airoh Airoh Airoh XS &#8211; XXXL<br \/>\n Materijal: HPC (visokou\u010dinkoviti kompozit)<br \/>\n Zatvaranje: Dvostruko D<br \/>\n ECE: 22.06<\/p>\n","protected":false},"excerpt":{"rendered":"<p>Kaciga za motokros Airoh Commander 2 Preuzmite vodstvo i slijedite svoj put. Commander 2 je savr\u0161en&#8230;<\/p>\n","protected":false},"featured_media":26723,"comment_status":"open","ping_status":"open","template":"","meta":{"_acf_changed":false},"brand":[2768],"gender":[],"product_brand":[],"product_cat":[1358,1356,2733,1359],"product_tag":[],"class_list":{"0":"post-153307","1":"product","2":"type-product","3":"status-publish","4":"has-post-thumbnail","6":"brand-airoh-hr","7":"product_cat-kacige","8":"product_cat-motociklisticka-oprema","9":"product_cat-oprema-za-motokros","10":"product_cat-sastavni","11":"pa_size-l-hr","12":"pa_size-m-hr","13":"pa_size-s-hr","14":"pa_size-xl-hr","15":"pa_size-xs-hr","16":"pa_size-xxl-hr","18":"first","19":"instock","20":"sale","21":"taxable","22":"shipping-taxable","23":"purchasable","24":"product-type-variable"},"acf":[],"_links":{"self":[{"href":"https:\/\/moto-oprema.com\/hr\/wp-json\/wp\/v2\/product\/153307","targetHints":{"allow":["GET"]}}],"collection":[{"href":"https:\/\/moto-oprema.com\/hr\/wp-json\/wp\/v2\/product"}],"about":[{"href":"https:\/\/moto-oprema.com\/hr\/wp-json\/wp\/v2\/types\/product"}],"replies":[{"embeddable":true,"href":"https:\/\/moto-oprema.com\/hr\/wp-json\/wp\/v2\/comments?post=153307"}],"wp:featuredmedia":[{"embeddable":true,"href":"https:\/\/moto-oprema.com\/hr\/wp-json\/wp\/v2\/media\/26723"}],"wp:attachment":[{"href":"https:\/\/moto-oprema.com\/hr\/wp-json\/wp\/v2\/media?parent=153307"}],"wp:term":[{"taxonomy":"brand","embeddable":true,"href":"https:\/\/moto-oprema.com\/hr\/wp-json\/wp\/v2\/brand?post=153307"},{"taxonomy":"gender","embeddable":true,"href":"https:\/\/moto-oprema.com\/hr\/wp-json\/wp\/v2\/gender?post=153307"},{"taxonomy":"product_brand","embeddable":true,"href":"https:\/\/moto-oprema.com\/hr\/wp-json\/wp\/v2\/product_brand?post=153307"},{"taxonomy":"product_cat","embeddable":true,"href":"https:\/\/moto-oprema.com\/hr\/wp-json\/wp\/v2\/product_cat?post=153307"},{"taxonomy":"product_tag","embeddable":true,"href":"https:\/\/moto-oprema.com\/hr\/wp-json\/wp\/v2\/product_tag?post=153307"}],"curies":[{"name":"wp","href":"https:\/\/api.w.org\/{rel}","templated":true}]}}