{"id":153269,"date":"2024-02-29T09:18:58","date_gmt":"2024-02-29T09:18:58","guid":{"rendered":"https:\/\/moto-oprema.com\/Artikel\/spidi-carbo-track-evo-plavo-fluorescentno-zuto\/"},"modified":"2024-02-29T09:18:58","modified_gmt":"2024-02-29T09:18:58","slug":"spidi-carbo-track-evo-plavo-fluorescentno-zuto","status":"publish","type":"product","link":"https:\/\/moto-oprema.com\/hr\/Artikel\/spidi-carbo-track-evo-plavo-fluorescentno-zuto\/","title":{"rendered":"SPIDI CARBO TRACK EVO PLAVO FLUORESCENTNO \u017dUTO"},"content":{"rendered":"<p>Rukavice Spidi Carbo Track EVO nova su i pobolj\u0161ana verzija popularnih Carbo Track rukavica. EVO verzija uklju\u010duje EN 13594:2015 KP Lev.1 testiranje i prikladna je i za natjecanja. Rukavice Carbo Track EVO izra\u0111ene su od kombinacije visokokvalitetne kravlje ko\u017ee i visoko\u010dvrstih ceramidnih oja\u010danja s detaljima Superfabric\u00ae na prstima, mikrovlaknima od antilopa otpornim na habanje i \u0161titnicima za zglobove od karbonskih vlakana. Ko\u017eni dijelovi rukavica su perforirani kako bi ruke ostale hladne i suhe, a debela man\u017eeta na zape\u0161\u0107u dr\u017ei rukavice na mjestu bez da ih ste\u017ee ili gnje\u010di. Stra\u017enja strana dlana oja\u010dana je ceramidom za dodatnu sigurnost, a Warrior Tech oklop koristi se cijelom du\u017einom kako bi se osigurala najbolja mogu\u0107a za\u0161tita.   <\/p>\n<p>Zna\u010dajke:<\/p>\n<p>Ratni\u010dka za\u0161tita na vanjskim stranama ruke<br \/>\nPodloga za dlan<br \/>\nErgonomski silikonski materijal koji vrlo dobro apsorbira udarce<br \/>\nCeramidna oja\u010danja na nadlanici dlana<br \/>\nJastu\u010di\u0107 na stra\u017enjoj strani dlana<br \/>\nJastu\u010di\u0107 na vanjskoj strani dlana<br \/>\nZa\u0161tita zglobova od mehani\u010dkih udara<br \/>\nProsje\u010dna te\u017eina 0,4 kg<br \/>\nPode\u0161avanje remena za zglob i zatvaranje zgloba<br \/>\nDvostruko pri\u010dvr\u0161\u0107ivanje man\u017eetom<br \/>\nIstezanje harmonike<br \/>\nGove\u0111a ko\u017ea debljine 0,8\/0,9 mm, visoki kroj<br \/>\nPerforirana ko\u017ea<br \/>\nCeramidni umeci za visoku za\u0161titu od habanja<br \/>\nKarbonski umetci<br \/>\nTkanina koja je vrlo otporna na kidanje, rezanje i probijanje<br \/>\nVisoko otporna velur mikrofibra<br \/>\nSchoeller Keprotec ulo\u0161ci za visoku za\u0161titu od habanja<br \/>\nRastezljiva tkanina\/rastezljivo<br \/>\nTehni\u010dki podaci:<\/p>\n<p>Izdr\u017eljiva ceramidna oja\u010danja na dlanu<br \/>\n Motociklisti\u010dke rukavice za osobnu za\u0161titnu opremu testirane prema EN13594:2015 sa \u0161titnicima za zglobove razine 1<br \/>\n Za\u0161titna odje\u0107a za motocikliste u skladu s Uredbom (EU) 2016\/454<\/p>\n","protected":false},"excerpt":{"rendered":"<p>Rukavice Spidi Carbo Track EVO nova su i pobolj\u0161ana verzija popularnih Carbo Track rukavica. EVO verzija&#8230;<\/p>\n","protected":false},"featured_media":26664,"comment_status":"open","ping_status":"open","template":"","meta":{"_acf_changed":false},"brand":[2732],"gender":[1313],"product_brand":[],"product_cat":[2835,1356,2816],"product_tag":[],"class_list":{"0":"post-153269","1":"product","2":"type-product","3":"status-publish","4":"has-post-thumbnail","6":"brand-spidi-hr","7":"gender-moski","8":"product_cat-kozne-rukavice","9":"product_cat-motociklisticka-oprema","10":"product_cat-rukavice","11":"pa_size-l-hr","12":"pa_size-m-hr","13":"pa_size-s-hr","14":"pa_size-xl-hr","15":"pa_size-xxl-hr","16":"pa_size-xxxl-hr","18":"first","19":"instock","20":"sale","21":"taxable","22":"shipping-taxable","23":"purchasable","24":"product-type-variable"},"acf":[],"_links":{"self":[{"href":"https:\/\/moto-oprema.com\/hr\/wp-json\/wp\/v2\/product\/153269","targetHints":{"allow":["GET"]}}],"collection":[{"href":"https:\/\/moto-oprema.com\/hr\/wp-json\/wp\/v2\/product"}],"about":[{"href":"https:\/\/moto-oprema.com\/hr\/wp-json\/wp\/v2\/types\/product"}],"replies":[{"embeddable":true,"href":"https:\/\/moto-oprema.com\/hr\/wp-json\/wp\/v2\/comments?post=153269"}],"wp:featuredmedia":[{"embeddable":true,"href":"https:\/\/moto-oprema.com\/hr\/wp-json\/wp\/v2\/media\/26664"}],"wp:attachment":[{"href":"https:\/\/moto-oprema.com\/hr\/wp-json\/wp\/v2\/media?parent=153269"}],"wp:term":[{"taxonomy":"brand","embeddable":true,"href":"https:\/\/moto-oprema.com\/hr\/wp-json\/wp\/v2\/brand?post=153269"},{"taxonomy":"gender","embeddable":true,"href":"https:\/\/moto-oprema.com\/hr\/wp-json\/wp\/v2\/gender?post=153269"},{"taxonomy":"product_brand","embeddable":true,"href":"https:\/\/moto-oprema.com\/hr\/wp-json\/wp\/v2\/product_brand?post=153269"},{"taxonomy":"product_cat","embeddable":true,"href":"https:\/\/moto-oprema.com\/hr\/wp-json\/wp\/v2\/product_cat?post=153269"},{"taxonomy":"product_tag","embeddable":true,"href":"https:\/\/moto-oprema.com\/hr\/wp-json\/wp\/v2\/product_tag?post=153269"}],"curies":[{"name":"wp","href":"https:\/\/api.w.org\/{rel}","templated":true}]}}