{"id":153261,"date":"2024-02-29T10:08:12","date_gmt":"2024-02-29T10:08:12","guid":{"rendered":"https:\/\/moto-oprema.com\/Artikel\/spidi-warrior-l2-stitnik-za-leda\/"},"modified":"2024-02-29T10:08:12","modified_gmt":"2024-02-29T10:08:12","slug":"spidi-warrior-l2-stitnik-za-leda","status":"publish","type":"product","link":"https:\/\/moto-oprema.com\/hr\/Artikel\/spidi-warrior-l2-stitnik-za-leda\/","title":{"rendered":"SPIDI WARRIOR L2 \u0160TITNIK ZA LE\u0110A"},"content":{"rendered":"<p>Spidi Warrior L2 je kompaktni \u0161titnik za le\u0111a dizajniran za upotrebu u gradskom prometu i na putovanjima. Unato\u010d smanjenoj debljini i minimalnoj te\u017eini, testiran je prema standardu EN1621-2:2014, razina 2. \u0160titnik za le\u0111a L2, izra\u0111en poznatom Warrior tehnologijom, naju\u010dinkovitije se odupire udarcima i smanjuje prijenos energije na tijelo voza\u010da. Za voza\u010de koji \u017eele iskusiti maksimalnu mogu\u0107u sigurnost.   <\/p>\n<p>Zna\u010dajke:<\/p>\n<p>Za\u0161titna oprema za motocikliste, testirana prema normi En 1621-2.<br \/>\n Uklonjivi Warrior \u0161titnik za le\u0111a (razina 2) En 1621-2:2014<br \/>\n Cirkulacija zraka: perforacije za bolju cirkulaciju zraka<\/p>\n","protected":false},"excerpt":{"rendered":"<p>Spidi Warrior L2 je za\u0161titni \u0161titnik za le\u0111a. Koristi se s ve\u0107inom Spidi jakni.<\/p>\n","protected":false},"featured_media":26714,"comment_status":"open","ping_status":"open","template":"","meta":{"_acf_changed":false},"brand":[2732],"gender":[],"product_brand":[],"product_cat":[1356,2855],"product_tag":[],"class_list":{"0":"post-153261","1":"product","2":"type-product","3":"status-publish","4":"has-post-thumbnail","6":"brand-spidi-hr","7":"product_cat-motociklisticka-oprema","8":"product_cat-zastitnici-i-zracni-jastuci","10":"first","11":"instock","12":"sale","13":"taxable","14":"shipping-taxable","15":"purchasable","16":"product-type-simple"},"acf":[],"_links":{"self":[{"href":"https:\/\/moto-oprema.com\/hr\/wp-json\/wp\/v2\/product\/153261","targetHints":{"allow":["GET"]}}],"collection":[{"href":"https:\/\/moto-oprema.com\/hr\/wp-json\/wp\/v2\/product"}],"about":[{"href":"https:\/\/moto-oprema.com\/hr\/wp-json\/wp\/v2\/types\/product"}],"replies":[{"embeddable":true,"href":"https:\/\/moto-oprema.com\/hr\/wp-json\/wp\/v2\/comments?post=153261"}],"wp:featuredmedia":[{"embeddable":true,"href":"https:\/\/moto-oprema.com\/hr\/wp-json\/wp\/v2\/media\/26714"}],"wp:attachment":[{"href":"https:\/\/moto-oprema.com\/hr\/wp-json\/wp\/v2\/media?parent=153261"}],"wp:term":[{"taxonomy":"brand","embeddable":true,"href":"https:\/\/moto-oprema.com\/hr\/wp-json\/wp\/v2\/brand?post=153261"},{"taxonomy":"gender","embeddable":true,"href":"https:\/\/moto-oprema.com\/hr\/wp-json\/wp\/v2\/gender?post=153261"},{"taxonomy":"product_brand","embeddable":true,"href":"https:\/\/moto-oprema.com\/hr\/wp-json\/wp\/v2\/product_brand?post=153261"},{"taxonomy":"product_cat","embeddable":true,"href":"https:\/\/moto-oprema.com\/hr\/wp-json\/wp\/v2\/product_cat?post=153261"},{"taxonomy":"product_tag","embeddable":true,"href":"https:\/\/moto-oprema.com\/hr\/wp-json\/wp\/v2\/product_tag?post=153261"}],"curies":[{"name":"wp","href":"https:\/\/api.w.org\/{rel}","templated":true}]}}