{"id":153248,"date":"2024-02-29T09:42:58","date_gmt":"2024-02-29T09:42:58","guid":{"rendered":"https:\/\/moto-oprema.com\/Artikel\/spidi-carbo-klokan-crna-crvena\/"},"modified":"2024-02-29T09:42:58","modified_gmt":"2024-02-29T09:42:58","slug":"spidi-carbo-klokan-crna-crvena","status":"publish","type":"product","link":"https:\/\/moto-oprema.com\/hr\/Artikel\/spidi-carbo-klokan-crna-crvena\/","title":{"rendered":"SPIDI CARBO KLOKAN CRNA CRVENA"},"content":{"rendered":"<p>Spidi Carbo Kangaroo motociklisti\u010dke rukavice<\/p>\n<p>Carbo Kangaroo ko\u017ene rukavice su lagane, visokou\u010dinkovite rukavice koje \u0161tite va\u0161e ruke i na cesti i na stazi. Rukavice su izra\u0111ene od izdr\u017eljive ko\u017ee s naprednim sinteti\u010dkim panelima od bru\u0161ene ko\u017ee za dodatnu za\u0161titu od habanja. <\/p>\n<p>Zna\u010dajke:<\/p>\n<p>Za\u0161titni elementi za ratnike izvana<br \/>\nPremaz na dlanu &#8211; visoko otporni ceramidni dlan<br \/>\nZa\u0161titne rukavice za motocikle OZO EN 13594: 2015 Lev.1 za za\u0161titu zglobova<br \/>\nErgonomski materijal na bazi silikona s jakom apsorpcijom udaraca<br \/>\nStra\u017enja strana oja\u010dana ceramidom<br \/>\nJastu\u010di\u0107 na stra\u017enjoj strani dlana<br \/>\nBo\u010dno podstavljanje<br \/>\nZa\u0161titna oprema za motocikle u skladu s Uredbom (EU) 2016\/454<br \/>\nDinami\u010dka kinemati\u010dka za\u0161tita zglobova<br \/>\nIzjava o sukladnosti CE-kod: A203<br \/>\nProsje\u010dna te\u017eina 0,3 kg<br \/>\nGove\u0111a ko\u017ea, debljine 0,8\/0,9 mm, visoki kroj<br \/>\nVentilirana ko\u017ea<br \/>\nCeramidna oja\u010danja s visokom otporno\u0161\u0107u na habanje<br \/>\nKarbonski dijelovi<br \/>\nSuperfabric\u00ae tekstil, gornja strana, otporan na rezanje i probijanje<br \/>\nKlokanova ko\u017ea, debljine 0,7\/0,8 mm, visoke sigurnosne performanse<br \/>\nKeprotec Schoeller oja\u010danja s visokom otporno\u0161\u0107u na abraziju<br \/>\nElasti\u010dna tkanina<br \/>\nPodesiva man\u017eeta i zglob<br \/>\nHarmonika<\/p>\n","protected":false},"excerpt":{"rendered":"<p>Spidi Carbo Kangaroo motociklisti\u010dke rukavice Carbo Kangaroo ko\u017ene rukavice su lagane, visokou\u010dinkovite rukavice koje \u0161tite va\u0161e&#8230;<\/p>\n","protected":false},"featured_media":26699,"comment_status":"open","ping_status":"open","template":"","meta":{"_acf_changed":false},"brand":[2732],"gender":[1313],"product_brand":[],"product_cat":[2835,1356,2816],"product_tag":[],"class_list":{"0":"post-153248","1":"product","2":"type-product","3":"status-publish","4":"has-post-thumbnail","6":"brand-spidi-hr","7":"gender-moski","8":"product_cat-kozne-rukavice","9":"product_cat-motociklisticka-oprema","10":"product_cat-rukavice","11":"pa_size-l-hr","12":"pa_size-m-hr","13":"pa_size-s-hr","14":"pa_size-xl-hr","15":"pa_size-xxl-hr","16":"pa_size-xxxl-hr","18":"first","19":"instock","20":"sale","21":"taxable","22":"shipping-taxable","23":"purchasable","24":"product-type-variable"},"acf":[],"_links":{"self":[{"href":"https:\/\/moto-oprema.com\/hr\/wp-json\/wp\/v2\/product\/153248","targetHints":{"allow":["GET"]}}],"collection":[{"href":"https:\/\/moto-oprema.com\/hr\/wp-json\/wp\/v2\/product"}],"about":[{"href":"https:\/\/moto-oprema.com\/hr\/wp-json\/wp\/v2\/types\/product"}],"replies":[{"embeddable":true,"href":"https:\/\/moto-oprema.com\/hr\/wp-json\/wp\/v2\/comments?post=153248"}],"wp:featuredmedia":[{"embeddable":true,"href":"https:\/\/moto-oprema.com\/hr\/wp-json\/wp\/v2\/media\/26699"}],"wp:attachment":[{"href":"https:\/\/moto-oprema.com\/hr\/wp-json\/wp\/v2\/media?parent=153248"}],"wp:term":[{"taxonomy":"brand","embeddable":true,"href":"https:\/\/moto-oprema.com\/hr\/wp-json\/wp\/v2\/brand?post=153248"},{"taxonomy":"gender","embeddable":true,"href":"https:\/\/moto-oprema.com\/hr\/wp-json\/wp\/v2\/gender?post=153248"},{"taxonomy":"product_brand","embeddable":true,"href":"https:\/\/moto-oprema.com\/hr\/wp-json\/wp\/v2\/product_brand?post=153248"},{"taxonomy":"product_cat","embeddable":true,"href":"https:\/\/moto-oprema.com\/hr\/wp-json\/wp\/v2\/product_cat?post=153248"},{"taxonomy":"product_tag","embeddable":true,"href":"https:\/\/moto-oprema.com\/hr\/wp-json\/wp\/v2\/product_tag?post=153248"}],"curies":[{"name":"wp","href":"https:\/\/api.w.org\/{rel}","templated":true}]}}