{"id":153190,"date":"2024-02-27T10:48:51","date_gmt":"2024-02-27T10:48:51","guid":{"rendered":"https:\/\/moto-oprema.com\/Artikel\/spidi-hoodie-warrior-crno-crvena\/"},"modified":"2024-02-27T10:48:51","modified_gmt":"2024-02-27T10:48:51","slug":"spidi-hoodie-warrior-crno-crvena","status":"publish","type":"product","link":"https:\/\/moto-oprema.com\/hr\/Artikel\/spidi-hoodie-warrior-crno-crvena\/","title":{"rendered":"SPIDI HOODIE WARRIOR CRNO CRVENA"},"content":{"rendered":"<p>SPIDI Hoodie Warrior postavlja nove standarde u visokou\u010dinkovitim motociklisti\u010dkim jaknama, pru\u017eaju\u0107i iznimnu modularnost i maksimalnu udobnost.<\/p>\n<p>Ova vi\u0161egodi\u0161nja jakna ima izdr\u017eljivu troslojnu tkaninu s podstavom od mikrovlakana laminiranom na Windout membranu, kombiniraju\u0107i laganu udobnost sa za\u0161titom od vremenskih uvjeta. Ima odvojivu kapulja\u010du s patentnim zatvara\u010dem i vezicom za pode\u0161avanje. <\/p>\n<p>Vi\u0161egodi\u0161nja upotrebljivost ove jakne osigurana je s 4 velikodu\u0161na otvora za prozra\u010divanje i tehnologijom Step-In Wear, koja vam omogu\u0107uje dodavanje unutarnjih slojeva za suo\u010davanje s najhladnijim klimama: razni vodootporni i toplinski slojevi dostupni su kao opcije.<\/p>\n<p>Uklonjivi Warrior Lite Level 2 CE \u0161titnici u kombinaciji s Warrior Shield vanjskim umetcima pru\u017eaju neusporedivu razinu za\u0161tite u podru\u010dju ramena; sigurnosna oprema uklju\u010duje uklonjive Force-Tech Level 1 \u0161titnike za laktove, Warrior \u0161titnike za le\u0111a (Level 1 ili 2, dostupni kao opcija) i 3M\u00ae reflektiraju\u0107e elemente. Jakna ima CE\/UKCA certifikat kao motociklisti\u010dka jakna klase A.     <\/p>\n<p>Sastav sirovine:<\/p>\n<p>&#8211; 100% poliester<\/p>\n","protected":false},"excerpt":{"rendered":"<p>SPIDI Hoodie Warrior postavlja nove standarde u visokou\u010dinkovitim motociklisti\u010dkim jaknama, pru\u017eaju\u0107i iznimnu modularnost i maksimalnu udobnost&#8230;.<\/p>\n","protected":false},"featured_media":26621,"comment_status":"open","ping_status":"open","template":"","meta":{"_acf_changed":false},"brand":[2732],"gender":[1313],"product_brand":[],"product_cat":[2759,1356,2761],"product_tag":[],"class_list":{"0":"post-153190","1":"product","2":"type-product","3":"status-publish","4":"has-post-thumbnail","6":"brand-spidi-hr","7":"gender-moski","8":"product_cat-jakne-hr","9":"product_cat-motociklisticka-oprema","10":"product_cat-tekstilne-jakne-hr","11":"pa_size-l-hr","12":"pa_size-m-hr","13":"pa_size-s-hr","14":"pa_size-xl-hr","15":"pa_size-xxl-hr","16":"pa_size-xxxl-hr","17":"pa_size-xxxxl-hr","19":"first","20":"instock","21":"sale","22":"taxable","23":"shipping-taxable","24":"purchasable","25":"product-type-variable"},"acf":[],"_links":{"self":[{"href":"https:\/\/moto-oprema.com\/hr\/wp-json\/wp\/v2\/product\/153190","targetHints":{"allow":["GET"]}}],"collection":[{"href":"https:\/\/moto-oprema.com\/hr\/wp-json\/wp\/v2\/product"}],"about":[{"href":"https:\/\/moto-oprema.com\/hr\/wp-json\/wp\/v2\/types\/product"}],"replies":[{"embeddable":true,"href":"https:\/\/moto-oprema.com\/hr\/wp-json\/wp\/v2\/comments?post=153190"}],"wp:featuredmedia":[{"embeddable":true,"href":"https:\/\/moto-oprema.com\/hr\/wp-json\/wp\/v2\/media\/26621"}],"wp:attachment":[{"href":"https:\/\/moto-oprema.com\/hr\/wp-json\/wp\/v2\/media?parent=153190"}],"wp:term":[{"taxonomy":"brand","embeddable":true,"href":"https:\/\/moto-oprema.com\/hr\/wp-json\/wp\/v2\/brand?post=153190"},{"taxonomy":"gender","embeddable":true,"href":"https:\/\/moto-oprema.com\/hr\/wp-json\/wp\/v2\/gender?post=153190"},{"taxonomy":"product_brand","embeddable":true,"href":"https:\/\/moto-oprema.com\/hr\/wp-json\/wp\/v2\/product_brand?post=153190"},{"taxonomy":"product_cat","embeddable":true,"href":"https:\/\/moto-oprema.com\/hr\/wp-json\/wp\/v2\/product_cat?post=153190"},{"taxonomy":"product_tag","embeddable":true,"href":"https:\/\/moto-oprema.com\/hr\/wp-json\/wp\/v2\/product_tag?post=153190"}],"curies":[{"name":"wp","href":"https:\/\/api.w.org\/{rel}","templated":true}]}}