{"id":153153,"date":"2024-02-23T09:13:26","date_gmt":"2024-02-23T09:13:26","guid":{"rendered":"https:\/\/moto-oprema.com\/Artikel\/spidi-dp-progresivna-hibridna-perforirana-jakna-crna-crvena\/"},"modified":"2024-02-23T09:13:26","modified_gmt":"2024-02-23T09:13:26","slug":"spidi-dp-progresivna-hibridna-perforirana-jakna-crna-crvena","status":"publish","type":"product","link":"https:\/\/moto-oprema.com\/hr\/Artikel\/spidi-dp-progresivna-hibridna-perforirana-jakna-crna-crvena\/","title":{"rendered":"SPIDI DP PROGRESIVNA HIBRIDNA PERFORIRANA JAKNA CRNA CRVENA"},"content":{"rendered":"<p>SPIDI DP Progresivna hibridna ko\u017ena jakna: vrhunska trka\u0107a jakna koja pru\u017ea maksimalnu ventilaciju i za\u0161titu za voza\u010de sportskih bicikala. Punozrnata kravlja ko\u017ea &#8211; 1,1 do 1,2 mm &#8211; olak\u0161ana je lokalnom perforacijom kako bi se osigurala izravna ventilacija i zna\u010dajno smanjila te\u017eina. Glavni vi\u0161esmjerni elasti\u010dni softshell paneli na prednjoj i stra\u017enjoj strani dodatno pove\u0107avaju razinu udobnosti pri vo\u017enji u najtoplijim klimama. Ukupna te\u017eina jakne je otprilike pola kilograma manja od tradicionalne trka\u0107e ko\u017ene jakne.   <\/p>\n<p>DP Progressive Hybrid je jakna certificirana prema CE prEN 17092-2:2020 klasi AA s vanjskim \u0161titnicima za ramena Warrior, uklonjivim unutarnjim \u0161titnicima za ramena Warrior Lite i \u0161titnicima za laktove Force-Tech. Za dodatnu za\u0161titu, postoji unutarnja odredba za \u0161titnik za le\u0111a Warrior razine 1 ili 2 i \u0161titnik za prsa Warrior, koji se prodaju zasebno. Visoko elasti\u010dni dijelovi Flex Tenax Nylon 6.6 na podlakticama i elasti\u010dni ko\u017eni umeci na le\u0111ima osiguravaju veliku udobnost u natjecateljskom polo\u017eaju. Za pri\u010dvr\u0161\u0107ivanje hla\u010da predvi\u0111eni su patentni zatvara\u010d i kop\u010de, dok podesivo kop\u010danje u struku osigurava savr\u0161eno pristajanje. Na le\u0111ima se nalaze otvori za ventilaciju kako bi se osigurala savr\u0161ena cirkulacija zraka.      <\/p>\n<p>Sastav sirovine: 100% ko\u017ea<\/p>\n","protected":false},"excerpt":{"rendered":"<p>SPIDI DP Progresivna hibridna ko\u017ena jakna: vrhunska trka\u0107a jakna koja pru\u017ea maksimalnu ventilaciju i za\u0161titu za&#8230;<\/p>\n","protected":false},"featured_media":26552,"comment_status":"open","ping_status":"open","template":"","meta":{"_acf_changed":false},"brand":[2732],"gender":[1313],"product_brand":[],"product_cat":[2759,1356,2761],"product_tag":[],"class_list":{"0":"post-153153","1":"product","2":"type-product","3":"status-publish","4":"has-post-thumbnail","6":"brand-spidi-hr","7":"gender-moski","8":"product_cat-jakne-hr","9":"product_cat-motociklisticka-oprema","10":"product_cat-tekstilne-jakne-hr","11":"pa_size-46-hr","12":"pa_size-48-hr","13":"pa_size-50-hr","14":"pa_size-52-hr","15":"pa_size-54-hr","16":"pa_size-56-hr","17":"pa_size-58-hr","19":"first","20":"instock","21":"sale","22":"taxable","23":"shipping-taxable","24":"purchasable","25":"product-type-variable"},"acf":[],"_links":{"self":[{"href":"https:\/\/moto-oprema.com\/hr\/wp-json\/wp\/v2\/product\/153153","targetHints":{"allow":["GET"]}}],"collection":[{"href":"https:\/\/moto-oprema.com\/hr\/wp-json\/wp\/v2\/product"}],"about":[{"href":"https:\/\/moto-oprema.com\/hr\/wp-json\/wp\/v2\/types\/product"}],"replies":[{"embeddable":true,"href":"https:\/\/moto-oprema.com\/hr\/wp-json\/wp\/v2\/comments?post=153153"}],"wp:featuredmedia":[{"embeddable":true,"href":"https:\/\/moto-oprema.com\/hr\/wp-json\/wp\/v2\/media\/26552"}],"wp:attachment":[{"href":"https:\/\/moto-oprema.com\/hr\/wp-json\/wp\/v2\/media?parent=153153"}],"wp:term":[{"taxonomy":"brand","embeddable":true,"href":"https:\/\/moto-oprema.com\/hr\/wp-json\/wp\/v2\/brand?post=153153"},{"taxonomy":"gender","embeddable":true,"href":"https:\/\/moto-oprema.com\/hr\/wp-json\/wp\/v2\/gender?post=153153"},{"taxonomy":"product_brand","embeddable":true,"href":"https:\/\/moto-oprema.com\/hr\/wp-json\/wp\/v2\/product_brand?post=153153"},{"taxonomy":"product_cat","embeddable":true,"href":"https:\/\/moto-oprema.com\/hr\/wp-json\/wp\/v2\/product_cat?post=153153"},{"taxonomy":"product_tag","embeddable":true,"href":"https:\/\/moto-oprema.com\/hr\/wp-json\/wp\/v2\/product_tag?post=153153"}],"curies":[{"name":"wp","href":"https:\/\/api.w.org\/{rel}","templated":true}]}}