{"id":153058,"date":"2024-02-20T10:17:59","date_gmt":"2024-02-20T10:17:59","guid":{"rendered":"https:\/\/moto-oprema.com\/Artikel\/spidi-sport-warrior-pro-perforirane-crno-crvene\/"},"modified":"2024-02-20T10:17:59","modified_gmt":"2024-02-20T10:17:59","slug":"spidi-sport-warrior-pro-perforirane-crno-crvene","status":"publish","type":"product","link":"https:\/\/moto-oprema.com\/hr\/Artikel\/spidi-sport-warrior-pro-perforirane-crno-crvene\/","title":{"rendered":"SPIDI SPORT WARRIOR PRO PERFORIRANE CRNO\/CRVENE"},"content":{"rendered":"<p>Spidi Sport Warrior PRO je najbolja aproksimacija stvarnih odijela koja se koriste u klasama MotoGP i WSBK. Rezultat je pa\u017eljivih studija i ergonomskih istra\u017eivanja te voza\u010du daje potpunu slobodu kretanja. Istovremeno, osigurava da se voza\u010d ne pregrije i da se ne umori prebrzo. Izra\u0111en je od talijanske ko\u017ee s lokalnim perforacijama, \u0161to osigurava izvrsnu cirkulaciju zraka, ali unato\u010d mraku, nema kompromisa u pogledu sigurnosti. Ovo jednodijelno odijelo certificirano je: Pr En 17092-2: 2017 Klasa AAA    <\/p>\n<p>Zna\u010dajke:<\/p>\n<ul>\n<li>Mogu\u0107nost ugradnje dodatnih za\u0161titnika razine 1 na le\u0111a i prsa<\/li>\n<li>Mogu\u0107nost ugradnje dodatnog \u0161titnika razine 2 na stra\u017enju stranu<\/li>\n<li>Aerodinami\u010dka grba<\/li>\n<li>Podesivi i uklonjivi kliza\u010di za koljena<\/li>\n<li>Uklonjivi Fore-Tech \u0161titnici za laktove certificirani prema EN 1621-1:2012 normi<\/li>\n<li>Warrior \u0161titnici za ramena certificirani prema EN 1621-1 razini 1<\/li>\n<li>Uklonjiva mre\u017easta podstava<\/li>\n<li>Udobna ogrlica s neoprenskim umetcima<\/li>\n<li>Mogu\u0107nost kori\u0161tenja Hydrobacka<\/li>\n<li>Fleksibilna konstrukcija koljena<\/li>\n<li>Reflektori za pobolj\u0161anu vidljivost no\u0107u i u lo\u0161em vremenu<\/li>\n<li>Perforirana ko\u017ea<\/li>\n<li>Neoprenska tkanina koja je elasti\u010dna, vodootporna i pru\u017ea vam udobnost<\/li>\n<li>Ko\u017ea debljine 1,2\/1,3 mm, proizvedeno u Italiji<\/li>\n<li>prosje\u010dna te\u017eina 4,5 kg<\/li>\n<\/ul>\n<p>Sastav sirovine: 90% gove\u0111a ko\u017ea, 10% neopren<\/p>\n","protected":false},"excerpt":{"rendered":"<p>Spidi Sport Warrior PRO je najbolja aproksimacija stvarnih odijela koja se koriste u klasama MotoGP i&#8230;<\/p>\n","protected":false},"featured_media":8014,"comment_status":"open","ping_status":"open","template":"","meta":{"_acf_changed":false},"brand":[2732],"gender":[1313],"product_brand":[],"product_cat":[2879,1356],"product_tag":[],"class_list":{"0":"post-153058","1":"product","2":"type-product","3":"status-publish","4":"has-post-thumbnail","6":"brand-spidi-hr","7":"gender-moski","8":"product_cat-jednodijelni-kombinezoni","9":"product_cat-motociklisticka-oprema","10":"pa_size-46-hr","11":"pa_size-48-hr","12":"pa_size-50-hr","13":"pa_size-52-hr","14":"pa_size-54-hr","15":"pa_size-56-hr","16":"pa_size-58-hr","17":"pa_size-60-hr","19":"first","20":"instock","21":"sale","22":"taxable","23":"shipping-taxable","24":"purchasable","25":"product-type-variable"},"acf":[],"_links":{"self":[{"href":"https:\/\/moto-oprema.com\/hr\/wp-json\/wp\/v2\/product\/153058","targetHints":{"allow":["GET"]}}],"collection":[{"href":"https:\/\/moto-oprema.com\/hr\/wp-json\/wp\/v2\/product"}],"about":[{"href":"https:\/\/moto-oprema.com\/hr\/wp-json\/wp\/v2\/types\/product"}],"replies":[{"embeddable":true,"href":"https:\/\/moto-oprema.com\/hr\/wp-json\/wp\/v2\/comments?post=153058"}],"wp:featuredmedia":[{"embeddable":true,"href":"https:\/\/moto-oprema.com\/hr\/wp-json\/wp\/v2\/media\/8014"}],"wp:attachment":[{"href":"https:\/\/moto-oprema.com\/hr\/wp-json\/wp\/v2\/media?parent=153058"}],"wp:term":[{"taxonomy":"brand","embeddable":true,"href":"https:\/\/moto-oprema.com\/hr\/wp-json\/wp\/v2\/brand?post=153058"},{"taxonomy":"gender","embeddable":true,"href":"https:\/\/moto-oprema.com\/hr\/wp-json\/wp\/v2\/gender?post=153058"},{"taxonomy":"product_brand","embeddable":true,"href":"https:\/\/moto-oprema.com\/hr\/wp-json\/wp\/v2\/product_brand?post=153058"},{"taxonomy":"product_cat","embeddable":true,"href":"https:\/\/moto-oprema.com\/hr\/wp-json\/wp\/v2\/product_cat?post=153058"},{"taxonomy":"product_tag","embeddable":true,"href":"https:\/\/moto-oprema.com\/hr\/wp-json\/wp\/v2\/product_tag?post=153058"}],"curies":[{"name":"wp","href":"https:\/\/api.w.org\/{rel}","templated":true}]}}