{"id":153038,"date":"2024-02-21T09:26:41","date_gmt":"2024-02-21T09:26:41","guid":{"rendered":"https:\/\/moto-oprema.com\/Artikel\/spidi-mack-kozna-jakna-crna\/"},"modified":"2024-02-21T09:26:41","modified_gmt":"2024-02-21T09:26:41","slug":"spidi-mack-kozna-jakna-crna","status":"publish","type":"product","link":"https:\/\/moto-oprema.com\/hr\/Artikel\/spidi-mack-kozna-jakna-crna\/","title":{"rendered":"SPIDI MACK KO\u017dNA JAKNA CRNA"},"content":{"rendered":"<p>Ko\u017ena motociklisti\u010dka jakna Spidi Mack<\/p>\n<p>Spidi Mack je ko\u017ena motociklisti\u010dka jakna za 4 godi\u0161nja doba dizajnirana za udobnu vo\u017enju na touring, naked i cruiser motociklima. Debljina bivolje ko\u017ee kori\u0161tene u ovoj jakni je 1,0\/1,1 mm. To osigurava udobno pristajanje u kombinaciji s visokom izdr\u017eljivo\u0161\u0107u i otporno\u0161\u0107u. Mack jakna zadovoljava sigurnosni standard EN 17092-2: 2020 klase AA i ima uklonjive Warrior Lite \u0161titnike (EN1621-1: 2012) na ramenima i laktovima. Stra\u017enji d\u017eep mo\u017ee primiti Warrior serije \u0161titnike za le\u0111a (razina 1 ili 2). YKK\u00ae metalni patentni zatvara\u010di osiguravaju visoku pouzdanost i \u010dvrsto\u0107u. Uklonjiva unutarnja podstava od 100 gr\/m\u00b2 omogu\u0107uje kori\u0161tenje Macka \u010dak i u najhladnijim godi\u0161njim dobima. Zahvaljuju\u0107i kop\u010di, jakna je tako\u0111er kompatibilna sa svim hla\u010dama s om\u010dom za remen.       <\/p>\n<p>Zna\u010dajke:<\/p>\n<p>Za\u0161titna odje\u0107a za motocikliste u skladu s Uredbom (EU) 2016\/454<br \/>\n Osobna za\u0161titna oprema &#8211; Osobna za\u0161titna oprema za motocikliste u skladu s normom EN 17092-3:2020, klasa AA<br \/>\n Ure\u0111aj za pri\u010dvr\u0161\u0107ivanje \u0161titnika za le\u0111a (Z53, Z54 \/ razina 1)<br \/>\n Za\u0161titni elementi za ratnike na ramenima i laktovima (EN 1621-1, razina 1)<br \/>\n Vodootporna odje\u0107a<br \/>\n uklonjiva, podstavljena podstava<br \/>\n kompatibilno sa Spidi Step-In-Wear proizvodima<br \/>\n podesivo kop\u010danje u struku<br \/>\n izra\u0111ena od izuzetno mekane bivolje ko\u017ee debljine 1,0\/1,1 mm<br \/>\n Uklju\u010deno u isporuku:<\/p>\n<p>Uklju\u010deno: 1 x Spidi jakna<br \/>\n 1 par jastu\u010di\u0107a za ramena<br \/>\n 1 par \u0161titnika za laktove<br \/>\n bez \u0161titnika za le\u0111a (mora se kupiti zasebno)<\/p>\n","protected":false},"excerpt":{"rendered":"<p>Ko\u017ena motociklisti\u010dka jakna Spidi Mack Spidi Mack je ko\u017ena motociklisti\u010dka jakna za 4 godi\u0161nja doba dizajnirana&#8230;<\/p>\n","protected":false},"featured_media":26497,"comment_status":"open","ping_status":"open","template":"","meta":{"_acf_changed":false},"brand":[2732],"gender":[1313],"product_brand":[],"product_cat":[2759,2915,1356],"product_tag":[],"class_list":{"0":"post-153038","1":"product","2":"type-product","3":"status-publish","4":"has-post-thumbnail","6":"brand-spidi-hr","7":"gender-moski","8":"product_cat-jakne-hr","9":"product_cat-kozne-jakne","10":"product_cat-motociklisticka-oprema","11":"pa_size-46-hr","12":"pa_size-48-hr","13":"pa_size-50-hr","14":"pa_size-52-hr","15":"pa_size-54-hr","16":"pa_size-56-hr","17":"pa_size-58-hr","19":"first","20":"instock","21":"sale","22":"taxable","23":"shipping-taxable","24":"purchasable","25":"product-type-variable"},"acf":[],"_links":{"self":[{"href":"https:\/\/moto-oprema.com\/hr\/wp-json\/wp\/v2\/product\/153038","targetHints":{"allow":["GET"]}}],"collection":[{"href":"https:\/\/moto-oprema.com\/hr\/wp-json\/wp\/v2\/product"}],"about":[{"href":"https:\/\/moto-oprema.com\/hr\/wp-json\/wp\/v2\/types\/product"}],"replies":[{"embeddable":true,"href":"https:\/\/moto-oprema.com\/hr\/wp-json\/wp\/v2\/comments?post=153038"}],"wp:featuredmedia":[{"embeddable":true,"href":"https:\/\/moto-oprema.com\/hr\/wp-json\/wp\/v2\/media\/26497"}],"wp:attachment":[{"href":"https:\/\/moto-oprema.com\/hr\/wp-json\/wp\/v2\/media?parent=153038"}],"wp:term":[{"taxonomy":"brand","embeddable":true,"href":"https:\/\/moto-oprema.com\/hr\/wp-json\/wp\/v2\/brand?post=153038"},{"taxonomy":"gender","embeddable":true,"href":"https:\/\/moto-oprema.com\/hr\/wp-json\/wp\/v2\/gender?post=153038"},{"taxonomy":"product_brand","embeddable":true,"href":"https:\/\/moto-oprema.com\/hr\/wp-json\/wp\/v2\/product_brand?post=153038"},{"taxonomy":"product_cat","embeddable":true,"href":"https:\/\/moto-oprema.com\/hr\/wp-json\/wp\/v2\/product_cat?post=153038"},{"taxonomy":"product_tag","embeddable":true,"href":"https:\/\/moto-oprema.com\/hr\/wp-json\/wp\/v2\/product_tag?post=153038"}],"curies":[{"name":"wp","href":"https:\/\/api.w.org\/{rel}","templated":true}]}}