{"id":152982,"date":"2024-12-27T09:23:39","date_gmt":"2024-12-27T09:23:39","guid":{"rendered":"https:\/\/moto-oprema.com\/Artikel\/alpinestars-mx-djecacke-radar-rukavice-plavo-crne-25\/"},"modified":"2024-12-27T09:23:39","modified_gmt":"2024-12-27T09:23:39","slug":"alpinestars-mx-djecacke-radar-rukavice-plavo-crne-25","status":"publish","type":"product","link":"https:\/\/moto-oprema.com\/hr\/Artikel\/alpinestars-mx-djecacke-radar-rukavice-plavo-crne-25\/","title":{"rendered":"ALPINESTARS MX DJE\u010cA\u010cKE RADAR RUKAVICE PLAVO-CRNE 25"},"content":{"rendered":"<p>Radarove rukavice za mlade i djecu lagane su i dizajnirane s izvrsnim zna\u010dajkama udobnosti, s jednoslojnom konstrukcijom s jednoslojnim rastezljivim stra\u017enjim slojem i dlanom od sinteti\u010dke bru\u0161ene ko\u017ee za visoku razinu udobnosti i pobolj\u0161ani osje\u0107aj pri upravljanju biciklom. Za liniju MX25, Radarove rukavice za mlade i djecu imaju vodljivi materijal na dlanu i prstima te prakti\u010dnu be\u0161avnu traku za zatvaranje. <\/p>\n<p>Lagane i dizajnirane s izvrsnim zna\u010dajkama udobnosti, rukavice za mlade i djecu Radar imaju jednoslojnu konstrukciju sa svih strana, s jednoslojnom rastezljivom gornjom stranom i dlanom od sinteti\u010dke bru\u0161ene ko\u017ee za visoku razinu udobnosti i pobolj\u0161ani osje\u0107aj s kontrolama bicikla. Za liniju MX25, rukavice za mlade i djecu Radar imaju vodljivi materijal za dlan i prste te prakti\u010dan be\u0161avni remen za zatvaranje. <\/p>\n<p>Die Radar-Handschuhe f\u00fcr Jugendlich und Kinder sind leicht und mit auszeitenchen Komforteigenschaften ausgestattt. Imaju jednoslojnu konstrukciju s jednoslojnim rastezljivim gornji\u0161tem i dlanom od sinteti\u010dke bru\u0161ene ko\u017ee za visoku udobnost i bolji osje\u0107aj za upravlja\u010dke elemente motocikla. F\u00fcr die MX25-Line sind die Youth &amp; Kids Radar Gloves mit leitf\u00e4higem Material auf der Handfl\u00e4che und den Fingern sowie einem prakticchen seamless Verschlussband ausgestattt.  <\/p>\n<p>&nbsp;<\/p>\n","protected":false},"excerpt":{"rendered":"<p>Alpinestars MX Youth Radar rukavice<\/p>\n","protected":false},"featured_media":33441,"comment_status":"open","ping_status":"open","template":"","meta":{"_acf_changed":false},"brand":[2748],"gender":[],"product_brand":[],"product_cat":[2754,3009,2733],"product_tag":[],"class_list":{"0":"post-152982","1":"product","2":"type-product","3":"status-publish","4":"has-post-thumbnail","6":"brand-alpinestars-hr","7":"product_cat-mx-rukavice","8":"product_cat-mx-rukavice-hr","9":"product_cat-oprema-za-motokros","10":"pa_size-l-hr","11":"pa_size-m-hr","12":"pa_size-s-hr","13":"pa_size-xs-hr","14":"pa_size-xxs-hr","15":"pa_size-xxxs-hr","17":"first","18":"instock","19":"sale","20":"taxable","21":"shipping-taxable","22":"purchasable","23":"product-type-variable"},"acf":[],"_links":{"self":[{"href":"https:\/\/moto-oprema.com\/hr\/wp-json\/wp\/v2\/product\/152982","targetHints":{"allow":["GET"]}}],"collection":[{"href":"https:\/\/moto-oprema.com\/hr\/wp-json\/wp\/v2\/product"}],"about":[{"href":"https:\/\/moto-oprema.com\/hr\/wp-json\/wp\/v2\/types\/product"}],"replies":[{"embeddable":true,"href":"https:\/\/moto-oprema.com\/hr\/wp-json\/wp\/v2\/comments?post=152982"}],"wp:featuredmedia":[{"embeddable":true,"href":"https:\/\/moto-oprema.com\/hr\/wp-json\/wp\/v2\/media\/33441"}],"wp:attachment":[{"href":"https:\/\/moto-oprema.com\/hr\/wp-json\/wp\/v2\/media?parent=152982"}],"wp:term":[{"taxonomy":"brand","embeddable":true,"href":"https:\/\/moto-oprema.com\/hr\/wp-json\/wp\/v2\/brand?post=152982"},{"taxonomy":"gender","embeddable":true,"href":"https:\/\/moto-oprema.com\/hr\/wp-json\/wp\/v2\/gender?post=152982"},{"taxonomy":"product_brand","embeddable":true,"href":"https:\/\/moto-oprema.com\/hr\/wp-json\/wp\/v2\/product_brand?post=152982"},{"taxonomy":"product_cat","embeddable":true,"href":"https:\/\/moto-oprema.com\/hr\/wp-json\/wp\/v2\/product_cat?post=152982"},{"taxonomy":"product_tag","embeddable":true,"href":"https:\/\/moto-oprema.com\/hr\/wp-json\/wp\/v2\/product_tag?post=152982"}],"curies":[{"name":"wp","href":"https:\/\/api.w.org\/{rel}","templated":true}]}}