{"id":152961,"date":"2024-12-27T10:44:38","date_gmt":"2024-12-27T10:44:38","guid":{"rendered":"https:\/\/moto-oprema.com\/Artikel\/alpinestars-mx-djecacka-sm3-radium-kaciga-siva-crna-zuta-fluo-matt-25\/"},"modified":"2024-12-27T10:44:38","modified_gmt":"2024-12-27T10:44:38","slug":"alpinestars-mx-djecacka-sm3-radium-kaciga-siva-crna-zuta-fluo-matt-25","status":"publish","type":"product","link":"https:\/\/moto-oprema.com\/hr\/Artikel\/alpinestars-mx-djecacka-sm3-radium-kaciga-siva-crna-zuta-fluo-matt-25\/","title":{"rendered":"ALPINESTARS MX DJE\u010cA\u010cKA SM3 RADIUM KACIGA SIVA CRNA \u017dUTA FLUO MATT 25"},"content":{"rendered":"<p>Potpuno nova kaciga SM3 Youth anatomski je dizajnirana i profilirana posebno za mlade i juniorske voza\u010de, optimizirana za upotrebu u MX, Enduro i Off-road klasama, te uklju\u010duje niz tehnologija i inovacija iz Alpinestarsove ponude kaciga za odrasle, pru\u017eaju\u0107i optimalnu kombinaciju performansi, za\u0161tite i udobnosti.<\/p>\n<p>Anatomski konstruirana i profilirana posebno za mlade i mla\u0111e voza\u010de, potpuno nova kaciga SM3 Youth optimizirana je za MX, Enduro i Off-road upotrebu te sadr\u017ei cijeli niz tehnologija i inovacija preuzetih iz Alpinestarsove linije kaciga za odrasle kako bi pru\u017eila optimalnu kombinaciju performansi, za\u0161tite i udobnosti.<\/p>\n<p>Nova SM3 Jugendhelm posebno je razvijena i profilirana za mlade ljude i mlade voza\u010de. Optimizirana je za MX, Enduro i Offroad upotrebu te ima cijeli niz tehnologija i inovacija koje su preuzete iz Alpinestars kaciga za odrasle kako bi ponudila optimalnu kombinaciju performansi, za\u0161tite i udobnosti. <\/p>\n<ul class=\"group\/features\">\n<li><span class=\"metafield-multi_line_text_field\">Ova lagana kaciga ima termoinjektiranu \u0161koljku koja uklju\u010duje posebnu mje\u0161avinu polimera pobolj\u0161anu razli\u010ditim stupnjevima debljine, a projektirana je kako bi pru\u017eila optimalnu kombinaciju za\u0161tite od udara i male te\u017eine.<\/span><\/li>\n<li>Lagana vanjska \u0161koljka izra\u0111ena je od tehnolo\u0161ki napredne termoplastike otporne na udarce u tri veli\u010dine (Youth Small, Youth Medium i Youth Large). SM3 Youth te\u017ei 1060 g (ECE) i 1170 g (DOT). <\/li>\n<li>Odvojene verzije \u0161koljki za DOT i ECE zahtjeve; DOT certificirana verzija unutarnje ljuske kacige izra\u0111ena je od kompozitnih vlakana sastavljenih izme\u0111u vanjske ljuske i EPS obloge za maksimalnu za\u0161titu od udara.<\/li>\n<li>Prilago\u0111avanje kacige glavi voza\u010da mo\u017ee se posti\u0107i zahvaljuju\u0107i jastu\u010di\u0107ima za glavu i obraze, koji su dostupni kao rezervni dijelovi razli\u010ditih debljina.<\/li>\n<li>Veli\u010dine Youth Medium (YM) i Youth Large (YL) dijele istu EPS veli\u010dinu, \u0161to omogu\u0107uje voza\u010dima s veli\u010dinom YM da u po\u010detku kupe kacigu YM, a zatim je konfiguriraju na Youth Large veli\u010dinu kako rastu pomo\u0107u rezervnih dijelova za krunu i jastu\u010di\u0107e za obraze.<\/li>\n<li>Dje\u010dja mala (YS) kaciga ima manju EPS veli\u010dinu i mo\u017ee se prilagoditi samo putem jastu\u010di\u0107a za obraze. Opse\u017eno istra\u017eivanje Alpinestarsa pokazalo je da su djeca koja nose YS veli\u010dinu vrlo mala, obi\u010dno u dobi od 3 do 4 godine, te im je stoga potrebna posebna kaciga. <\/li>\n<\/ul>\n<p>&nbsp;<\/p>\n","protected":false},"excerpt":{"rendered":"<p>Alpinestars MX Youth SM3 kaciga ECE06<\/p>\n","protected":false},"featured_media":33494,"comment_status":"open","ping_status":"open","template":"","meta":{"_acf_changed":false},"brand":[2748],"gender":[],"product_brand":[],"product_cat":[2764,2893,2733],"product_tag":[],"class_list":{"0":"post-152961","1":"product","2":"type-product","3":"status-publish","4":"has-post-thumbnail","6":"brand-alpinestars-hr","7":"product_cat-mx-kacige","8":"product_cat-mx-kacige-hr","9":"product_cat-oprema-za-motokros","10":"pa_size-y-m","11":"pa_size-y-s","12":"pa_size-yl-hr","14":"first","15":"instock","16":"sale","17":"taxable","18":"shipping-taxable","19":"purchasable","20":"product-type-variable"},"acf":[],"_links":{"self":[{"href":"https:\/\/moto-oprema.com\/hr\/wp-json\/wp\/v2\/product\/152961","targetHints":{"allow":["GET"]}}],"collection":[{"href":"https:\/\/moto-oprema.com\/hr\/wp-json\/wp\/v2\/product"}],"about":[{"href":"https:\/\/moto-oprema.com\/hr\/wp-json\/wp\/v2\/types\/product"}],"replies":[{"embeddable":true,"href":"https:\/\/moto-oprema.com\/hr\/wp-json\/wp\/v2\/comments?post=152961"}],"wp:featuredmedia":[{"embeddable":true,"href":"https:\/\/moto-oprema.com\/hr\/wp-json\/wp\/v2\/media\/33494"}],"wp:attachment":[{"href":"https:\/\/moto-oprema.com\/hr\/wp-json\/wp\/v2\/media?parent=152961"}],"wp:term":[{"taxonomy":"brand","embeddable":true,"href":"https:\/\/moto-oprema.com\/hr\/wp-json\/wp\/v2\/brand?post=152961"},{"taxonomy":"gender","embeddable":true,"href":"https:\/\/moto-oprema.com\/hr\/wp-json\/wp\/v2\/gender?post=152961"},{"taxonomy":"product_brand","embeddable":true,"href":"https:\/\/moto-oprema.com\/hr\/wp-json\/wp\/v2\/product_brand?post=152961"},{"taxonomy":"product_cat","embeddable":true,"href":"https:\/\/moto-oprema.com\/hr\/wp-json\/wp\/v2\/product_cat?post=152961"},{"taxonomy":"product_tag","embeddable":true,"href":"https:\/\/moto-oprema.com\/hr\/wp-json\/wp\/v2\/product_tag?post=152961"}],"curies":[{"name":"wp","href":"https:\/\/api.w.org\/{rel}","templated":true}]}}