{"id":152924,"date":"2024-12-05T09:47:49","date_gmt":"2024-12-05T09:47:49","guid":{"rendered":"https:\/\/moto-oprema.com\/Artikel\/alpinestars-vision-8-corp-mx-naocale-mirror-crne\/"},"modified":"2024-12-05T09:47:49","modified_gmt":"2024-12-05T09:47:49","slug":"alpinestars-vision-8-corp-mx-naocale-mirror-crne","status":"publish","type":"product","link":"https:\/\/moto-oprema.com\/hr\/Artikel\/alpinestars-vision-8-corp-mx-naocale-mirror-crne\/","title":{"rendered":"ALPINESTARS VISION 8 CORP MX NAO\u010cALE MIRROR CRNE"},"content":{"rendered":"<p>Testirane od strane vrhunskih trka\u010da diljem svijeta, Vision 8 nao\u010dale dizajnirane su i razvijene s dva cilja na umu: udobnost i performanse. Strate\u0161ki dizajnirani elementi s ekskluzivnim klinastim remenom od 13 stupnjeva omogu\u0107uju laganom A-FLEX okviru neusporedivo pristajanje. Napredni RAM-AIR sustav ventilacije, u kombinaciji s 3D oblikovanom pjenom za lice, osigurava da \u0107e Vision 8 nao\u010dale pru\u017eiti najvi\u0161u razinu performansi, bez obzira na uvjete.  <\/p>\n<p>Testirane od strane vrhunskih trka\u010da diljem svijeta, Vision 8 nao\u010dale dizajnirane su i razvijene s dva cilja na umu: udobnost i performanse. Strate\u0161ki dizajnirani outrigeri s ekskluzivnim 13-stupanjskim klinastim remenom koji omogu\u0107uje laganom A-FLEX okviru stvaranje neusporedivog prianjanja. Napredni RAM-AIR sustav ventilacije, zajedno s 3D oblikovanom pjenom za lice, osigurava da \u0107e Vision 8 nao\u010dale ponuditi maksimalnu razinu performansi bez obzira na uvjete.  <\/p>\n<p>Die von Top-Rennfahrern auf der ganzen Welt testestete Vision 8 Goggles wurde mit zwei Zielen im Hinterkopf espr\u00fcfung und entwickelt: Komfort und Leistung. Strate\u0161ki dizajniran Ausleger mit dem exclusive 13-Grad-Bandkeil, der dem leichten A-FLEX-Rahmen eine \u00fcbertroffene Fitform verleiht. Das fortschrittliche RAM-AIR-Bel\u00fcftungssystem und der 3D-geformte Gesichtsschaum sorgen daf\u00fcr dass die Vision 8 Goggles unh\u00e4glich von den Conditionsen ein H\u00f6chstma\u00df an Leistung bieten.  <\/p>\n<p><span class=\"metafield-multi_line_text_field\">Specifikacija:<\/span><\/p>\n<div class=\"collapsible__target max-h-0 w-full overflow-hidden overflow-y-auto bg-color-default duration-300 group-[.collapsible-is-open]\/collapsible:max-h-full\" data-collapsible-target=\"\">\n<div class=\"rte pb-4 text-sm leading-5\">\n<ul class=\"group\/features\">\n<li><span class=\"metafield-multi_line_text_field\">Polikarbonatna le\u0107a s tvrdim premazom protiv zamagljivanja pru\u017ea 100% UVA za\u0161titu.<\/span><\/li>\n<li>Okvir od uretana A-FLEX s tehnologijom kanala za vlagu za izvrsno pristajanje i upravljanje vlagom.<\/li>\n<li>Strate\u0161ki dizajniran, centralno postavljen sustav potpornih elemenata Vision 8 osigurava izravno povla\u010denje uz va\u0161e lice za savr\u0161eno pristajanje.<\/li>\n<li>Ultra \u0161iroko vidno polje dizajnirano je za besprijekornu integraciju s Alpinestars WIDE-VISION Roll-Off sustavom.<\/li>\n<li>Posebno konstruirani RAM-AIR ventilacijski sustav poti\u010de protok zraka i osloba\u0111anje vlage.<\/li>\n<li>Retikulirana ventilacijska pjena od 100 PPI pobolj\u0161ava ventilaciju.<\/li>\n<li>Jedinstveni klin za remen pod kutom od 13 stupnjeva savr\u0161eno pozicionira tkani remen \u0161irine 45 mm, pru\u017eaju\u0107i ravnomjeran pritisak povla\u010denja na lice za maksimalnu udobnost.<\/li>\n<li>3D oblikovana pjena za lice od 17 mm, vi\u0161eslojna, stvara udobno pristajanje za gotovo svaki oblik lica. Strate\u0161ki oblikovani dizajn osigurava savr\u0161eno brtvljenje, \u0161iroko otvoreno vidno polje i nudi u\u010dinkovito upravljanje znojem koje zahtijevaju profesionalni voza\u010di. <\/li>\n<li>Periferni vid vode\u0107i u klasi.<\/li>\n<\/ul>\n<\/div>\n<\/div>\n","protected":false},"excerpt":{"rendered":"<p>Alpinestars Vision 8 Corp Boja: Crna Le\u0107a: Zrcalna<\/p>\n","protected":false},"featured_media":32403,"comment_status":"open","ping_status":"open","template":"","meta":{"_acf_changed":false},"brand":[2748],"gender":[2172],"product_brand":[],"product_cat":[2861,2733],"product_tag":[],"class_list":{"0":"post-152924","1":"product","2":"type-product","3":"status-publish","4":"has-post-thumbnail","6":"brand-alpinestars-hr","7":"gender-unisex-hr","8":"product_cat-mx-naocale","9":"product_cat-oprema-za-motokros","11":"first","12":"instock","13":"sale","14":"taxable","15":"shipping-taxable","16":"purchasable","17":"product-type-simple"},"acf":[],"_links":{"self":[{"href":"https:\/\/moto-oprema.com\/hr\/wp-json\/wp\/v2\/product\/152924","targetHints":{"allow":["GET"]}}],"collection":[{"href":"https:\/\/moto-oprema.com\/hr\/wp-json\/wp\/v2\/product"}],"about":[{"href":"https:\/\/moto-oprema.com\/hr\/wp-json\/wp\/v2\/types\/product"}],"replies":[{"embeddable":true,"href":"https:\/\/moto-oprema.com\/hr\/wp-json\/wp\/v2\/comments?post=152924"}],"wp:featuredmedia":[{"embeddable":true,"href":"https:\/\/moto-oprema.com\/hr\/wp-json\/wp\/v2\/media\/32403"}],"wp:attachment":[{"href":"https:\/\/moto-oprema.com\/hr\/wp-json\/wp\/v2\/media?parent=152924"}],"wp:term":[{"taxonomy":"brand","embeddable":true,"href":"https:\/\/moto-oprema.com\/hr\/wp-json\/wp\/v2\/brand?post=152924"},{"taxonomy":"gender","embeddable":true,"href":"https:\/\/moto-oprema.com\/hr\/wp-json\/wp\/v2\/gender?post=152924"},{"taxonomy":"product_brand","embeddable":true,"href":"https:\/\/moto-oprema.com\/hr\/wp-json\/wp\/v2\/product_brand?post=152924"},{"taxonomy":"product_cat","embeddable":true,"href":"https:\/\/moto-oprema.com\/hr\/wp-json\/wp\/v2\/product_cat?post=152924"},{"taxonomy":"product_tag","embeddable":true,"href":"https:\/\/moto-oprema.com\/hr\/wp-json\/wp\/v2\/product_tag?post=152924"}],"curies":[{"name":"wp","href":"https:\/\/api.w.org\/{rel}","templated":true}]}}