{"id":152822,"date":"2025-08-19T08:20:49","date_gmt":"2025-08-19T08:20:49","guid":{"rendered":"https:\/\/moto-oprema.com\/Artikel\/alpinestars-mx-sm3-radium-kaciga-crna-crvena-fluo-bijela-sjajna\/"},"modified":"2025-08-19T08:20:49","modified_gmt":"2025-08-19T08:20:49","slug":"alpinestars-mx-sm3-radium-kaciga-crna-crvena-fluo-bijela-sjajna","status":"publish","type":"product","link":"https:\/\/moto-oprema.com\/hr\/Artikel\/alpinestars-mx-sm3-radium-kaciga-crna-crvena-fluo-bijela-sjajna\/","title":{"rendered":"ALPINESTARS MX SM3 RADIUM KACIGA Crna Crvena Fluo Bijela Sjajna"},"content":{"rendered":"<p>Alpinestars S-M3 Radium MX kaciga<\/p>\n<p>Kaciga S-M3 razvijena je za motocross, enduro i offroad upotrebu te kombinira inovativne tehnologije za najbolju udobnost, izvrsnu ventilaciju i u\u010dinkovitu za\u0161titu od udara. Kaciga je dizajnirana kako bi voza\u010du pru\u017eila optimalnu za\u0161titu uz udobnost pri no\u0161enju. <\/p>\n<p>Zna\u010dajke:<\/p>\n<p>Termoplasti\u010dna \u0161koljka izra\u0111ena od posebne mje\u0161avine polimera s promjenjivom debljinom za uravnote\u017een omjer izme\u0111u male te\u017eine i pouzdane za\u0161tite<\/p>\n<p>Patentirani sustav otklju\u010davanja vizira koji otpu\u0161ta vizir precizno definiranom silom, smanjuju\u0107i naprezanje vrata u slu\u010daju sudara<\/p>\n<p>10 ulaznih i 7 izlaznih otvora osiguravaju maksimalnu ventilaciju i u\u010dinkovitu izmjenu topline.<\/p>\n<p>Unutarnja EPS obloga s patentiranim premazom niskog trenja koji smanjuje rotacijske sile tijekom kosih udaraca i \u0161titi mozak kliznim efektom.<\/p>\n<p>Lagan dizajn za optimalne performanse i udobnost.<\/p>\n<p>Tehni\u010dke zna\u010dajke:<\/p>\n<p>Homologacija ECE 22-06<\/p>\n<p>Te\u017eina: otprilike 1200 g (ovisno o veli\u010dini)<\/p>\n<p>Dvostruko zatvaranje u obliku D-prstena<\/p>\n<p>Razvijeno za najbolje performanse pri sudaru, uz istovremeno pru\u017eanje visoke jednostavnosti kori\u0161tenja i ventilacije<\/p>\n","protected":false},"excerpt":{"rendered":"<p>Boja: Crna Crvena Fluo Bijela Sjajna<\/p>\n","protected":false},"featured_media":138071,"comment_status":"open","ping_status":"closed","template":"","meta":{"_acf_changed":false},"brand":[2748],"gender":[2172],"product_brand":[],"product_cat":[2764,2733],"product_tag":[],"class_list":{"0":"post-152822","1":"product","2":"type-product","3":"status-publish","4":"has-post-thumbnail","6":"brand-alpinestars-hr","7":"gender-unisex-hr","8":"product_cat-mx-kacige","9":"product_cat-oprema-za-motokros","10":"pa_size-l-hr","11":"pa_size-m-hr","12":"pa_size-s-hr","13":"pa_size-xl-hr","14":"pa_size-xs-hr","15":"pa_size-xxl-hr","17":"first","18":"instock","19":"sale","20":"taxable","21":"shipping-taxable","22":"purchasable","23":"product-type-variable"},"acf":[],"_links":{"self":[{"href":"https:\/\/moto-oprema.com\/hr\/wp-json\/wp\/v2\/product\/152822","targetHints":{"allow":["GET"]}}],"collection":[{"href":"https:\/\/moto-oprema.com\/hr\/wp-json\/wp\/v2\/product"}],"about":[{"href":"https:\/\/moto-oprema.com\/hr\/wp-json\/wp\/v2\/types\/product"}],"replies":[{"embeddable":true,"href":"https:\/\/moto-oprema.com\/hr\/wp-json\/wp\/v2\/comments?post=152822"}],"wp:featuredmedia":[{"embeddable":true,"href":"https:\/\/moto-oprema.com\/hr\/wp-json\/wp\/v2\/media\/138071"}],"wp:attachment":[{"href":"https:\/\/moto-oprema.com\/hr\/wp-json\/wp\/v2\/media?parent=152822"}],"wp:term":[{"taxonomy":"brand","embeddable":true,"href":"https:\/\/moto-oprema.com\/hr\/wp-json\/wp\/v2\/brand?post=152822"},{"taxonomy":"gender","embeddable":true,"href":"https:\/\/moto-oprema.com\/hr\/wp-json\/wp\/v2\/gender?post=152822"},{"taxonomy":"product_brand","embeddable":true,"href":"https:\/\/moto-oprema.com\/hr\/wp-json\/wp\/v2\/product_brand?post=152822"},{"taxonomy":"product_cat","embeddable":true,"href":"https:\/\/moto-oprema.com\/hr\/wp-json\/wp\/v2\/product_cat?post=152822"},{"taxonomy":"product_tag","embeddable":true,"href":"https:\/\/moto-oprema.com\/hr\/wp-json\/wp\/v2\/product_tag?post=152822"}],"curies":[{"name":"wp","href":"https:\/\/api.w.org\/{rel}","templated":true}]}}