{"id":152790,"date":"2025-03-13T09:38:17","date_gmt":"2025-03-13T09:38:17","guid":{"rendered":"https:\/\/moto-oprema.com\/Artikel\/alpinestars-ramjet-air-hlace-crne\/"},"modified":"2025-03-13T09:38:17","modified_gmt":"2025-03-13T09:38:17","slug":"alpinestars-ramjet-air-hlace-crne","status":"publish","type":"product","link":"https:\/\/moto-oprema.com\/hr\/Artikel\/alpinestars-ramjet-air-hlace-crne\/","title":{"rendered":"ALPINESTARS RAMJET AIR HLA\u010cE CRNE"},"content":{"rendered":"<p>Ramet Air hla\u010de imaju izdr\u017eljivu vi\u0161epanelnu konstrukciju sa strate\u0161ki postavljenim PU oja\u010danjima za otpornost na habanje. Potpuna mre\u017easta podstava i otvori Jet Ventilation System pru\u017eaju protok zraka za hla\u0111enje, dok rastezljivi paneli omogu\u0107uju pokretljivost i udobnost. <\/p>\n<p>Zna\u010dajke<\/p>\n<ul>\n<li>Reflektiraju\u0107i detalji za bolju vidljivost biciklista.<\/li>\n<li>Prethodno zakrivljeni dizajn za prirodan polo\u017eaj vo\u017enje smanjuje umor i pobolj\u0161ava udobnost.<\/li>\n<li>Podesivi remen s D-prstenom za sigurno i prilago\u0111eno pristajanje.<\/li>\n<li>Zatvara\u010d na struku omogu\u0107uje spajanje s Alpinestars ko\u017enim i tekstilnim jaknama<\/li>\n<\/ul>\n<p>Gra\u0111evinarstvo<\/p>\n<ul>\n<li>Vi\u0161epanelna konstrukcija s panelima od 450\/600 deniera sa strate\u0161ki postavljenim mre\u017eastim materijalima Air-Flow otpornim na habanje za optimiziranu udobnost hla\u0111enja.<\/li>\n<li>Vanjski sloj je oja\u010dan PU premazom za pobolj\u0161anu izdr\u017eljivost, a konstrukcija glavnih \u0161avova je maksimalno otporna na kidanje.<\/li>\n<li>Umetci od rastezljivog tekstila u harmonika\u0161kom stilu na le\u0111ima i koljenima za izvrsnu razinu okretnosti i smanjeni umor.<\/li>\n<li>Donji rub s patentnim zatvara\u010dem i \u010di\u010dkom osigurava \u010dvrsto i prilago\u0111eno zatvaranje hla\u010da oko cipele.<\/li>\n<li>Potpuna mre\u017easta podstava i 3D mre\u017ea s unutarnje strane struka za udobnost i prozra\u010dnost.<\/li>\n<li>Vanjski d\u017eepovi s patentnim zatvara\u010dem na bedrima za sigurno pohranjivanje.<\/li>\n<li>Jet ventilacijski sustav (JVS) ima mre\u017easte otvore s patentnim zatvara\u010dem za kontroliranu razinu protoka zraka za hla\u0111enje.<\/li>\n<\/ul>\n<p>Sastav sirovine: 87% POLIESTER 13% POLIAMIDA<\/p>\n","protected":false},"excerpt":{"rendered":"<p>Alpinestars Andes Air skra\u0107ene hla\u010de<\/p>\n","protected":false},"featured_media":152792,"comment_status":"open","ping_status":"closed","template":"","meta":{"_acf_changed":false},"brand":[2748],"gender":[1313],"product_brand":[],"product_cat":[2832,1356,2857],"product_tag":[],"class_list":{"0":"post-152790","1":"product","2":"type-product","3":"status-publish","4":"has-post-thumbnail","6":"brand-alpinestars-hr","7":"gender-moski","8":"product_cat-hlace-hr","9":"product_cat-motociklisticka-oprema","10":"product_cat-tekstilne-hlace-hr","11":"pa_velikost-st-2xl-hr","12":"pa_velikost-st-3xl-hr","13":"pa_velikost-st-4xl-hr","14":"pa_velikost-st-l-hr","15":"pa_velikost-st-m-hr","16":"pa_velikost-st-s-hr","17":"pa_velikost-st-xl-hr","19":"first","20":"instock","21":"sale","22":"taxable","23":"shipping-taxable","24":"purchasable","25":"product-type-variable"},"acf":[],"_links":{"self":[{"href":"https:\/\/moto-oprema.com\/hr\/wp-json\/wp\/v2\/product\/152790","targetHints":{"allow":["GET"]}}],"collection":[{"href":"https:\/\/moto-oprema.com\/hr\/wp-json\/wp\/v2\/product"}],"about":[{"href":"https:\/\/moto-oprema.com\/hr\/wp-json\/wp\/v2\/types\/product"}],"replies":[{"embeddable":true,"href":"https:\/\/moto-oprema.com\/hr\/wp-json\/wp\/v2\/comments?post=152790"}],"wp:featuredmedia":[{"embeddable":true,"href":"https:\/\/moto-oprema.com\/hr\/wp-json\/wp\/v2\/media\/152792"}],"wp:attachment":[{"href":"https:\/\/moto-oprema.com\/hr\/wp-json\/wp\/v2\/media?parent=152790"}],"wp:term":[{"taxonomy":"brand","embeddable":true,"href":"https:\/\/moto-oprema.com\/hr\/wp-json\/wp\/v2\/brand?post=152790"},{"taxonomy":"gender","embeddable":true,"href":"https:\/\/moto-oprema.com\/hr\/wp-json\/wp\/v2\/gender?post=152790"},{"taxonomy":"product_brand","embeddable":true,"href":"https:\/\/moto-oprema.com\/hr\/wp-json\/wp\/v2\/product_brand?post=152790"},{"taxonomy":"product_cat","embeddable":true,"href":"https:\/\/moto-oprema.com\/hr\/wp-json\/wp\/v2\/product_cat?post=152790"},{"taxonomy":"product_tag","embeddable":true,"href":"https:\/\/moto-oprema.com\/hr\/wp-json\/wp\/v2\/product_tag?post=152790"}],"curies":[{"name":"wp","href":"https:\/\/api.w.org\/{rel}","templated":true}]}}