{"id":152603,"date":"2025-03-12T10:43:20","date_gmt":"2025-03-12T10:43:20","guid":{"rendered":"https:\/\/moto-oprema.com\/Artikel\/alpinestars-techdura-jakna-crna-falcon-smeda\/"},"modified":"2025-03-12T10:43:20","modified_gmt":"2025-03-12T10:43:20","slug":"alpinestars-techdura-jakna-crna-falcon-smeda","status":"publish","type":"product","link":"https:\/\/moto-oprema.com\/hr\/Artikel\/alpinestars-techdura-jakna-crna-falcon-smeda\/","title":{"rendered":"ALPINESTARS TECHDURA JAKNA CRNA FALCON SME\u0110A"},"content":{"rendered":"<p>Techdura jakna je vrlo modularna i ima tehni\u010dke zna\u010dajke jedinstvene za Alpinestars. Izra\u0111ena od izdr\u017eljive i robusne rastezljive poliamidne tkanine s odvojivim rukavima i bo\u010dnim otvorima na torzu, Techdura jakna je u potpunosti prilagodljiva klimatskim uvjetima, jer je dizajnirana da zadovolji zahtjeve enduro i off-road vo\u017enje. Techdura jakna je vodootporna i otporna na vjetar za za\u0161titu od vremenskih uvjeta i dizajnirana je da odgovara svim Alpinestars \u0161titnicima za gornji dio tijela. Jakna tako\u0111er ima ugra\u0111eni d\u017eep za jednostavnu ugradnju hidratacijske ruksaka. Potpuno jedinstven je odvojivi takti\u010dki ruksak koji dolazi s Techdura jaknom. Takti\u010dki ruksak se zasebno pri\u010dvr\u0161\u0107uje na le\u0111a i prsa te pru\u017ea 4 d\u017eepa na prsima s prostorom za protok zraka u sredini, sprijeda i stra\u017enjim odjeljkom za zaseban spremnik za hidrataciju ili drugu opremu. Techdura jakna s takti\u010dkim ruksakom odli\u010dan je izbor koji omogu\u0107uje enduro voza\u010dima no\u0161enje raznih predmeta ovisno o njihovim potrebama vo\u017enje. Techdura jakna postavlja jedinstveni novi moderni standard svojom robusnom, ali rastezljivom konstrukcijom koja poma\u017ee enduro i off-road voza\u010dima da osvoje sve vrste terena u udobnosti i stilu.       <\/p>\n<p>&nbsp;<\/p>\n<p>Sastav sirovine: 66% POLIAMIDA 34% POLIESTER<\/p>\n","protected":false},"excerpt":{"rendered":"<p>Techdura jakna je vrlo modularna i ima tehni\u010dke zna\u010dajke jedinstvene za Alpinestars. Izra\u0111ena od izdr\u017eljive i&#8230;<\/p>\n","protected":false},"featured_media":152606,"comment_status":"open","ping_status":"closed","template":"","meta":{"_acf_changed":false},"brand":[2748],"gender":[1313],"product_brand":[],"product_cat":[2759,1356,2761],"product_tag":[],"class_list":{"0":"post-152603","1":"product","2":"type-product","3":"status-publish","4":"has-post-thumbnail","6":"brand-alpinestars-hr","7":"gender-moski","8":"product_cat-jakne-hr","9":"product_cat-motociklisticka-oprema","10":"product_cat-tekstilne-jakne-hr","11":"pa_size-2xl-hr","12":"pa_size-3xl-hr","13":"pa_size-l-hr","14":"pa_size-m-hr","15":"pa_size-s-hr","16":"pa_size-xl-hr","18":"first","19":"instock","20":"sale","21":"taxable","22":"shipping-taxable","23":"purchasable","24":"product-type-variable"},"acf":[],"_links":{"self":[{"href":"https:\/\/moto-oprema.com\/hr\/wp-json\/wp\/v2\/product\/152603","targetHints":{"allow":["GET"]}}],"collection":[{"href":"https:\/\/moto-oprema.com\/hr\/wp-json\/wp\/v2\/product"}],"about":[{"href":"https:\/\/moto-oprema.com\/hr\/wp-json\/wp\/v2\/types\/product"}],"replies":[{"embeddable":true,"href":"https:\/\/moto-oprema.com\/hr\/wp-json\/wp\/v2\/comments?post=152603"}],"wp:featuredmedia":[{"embeddable":true,"href":"https:\/\/moto-oprema.com\/hr\/wp-json\/wp\/v2\/media\/152606"}],"wp:attachment":[{"href":"https:\/\/moto-oprema.com\/hr\/wp-json\/wp\/v2\/media?parent=152603"}],"wp:term":[{"taxonomy":"brand","embeddable":true,"href":"https:\/\/moto-oprema.com\/hr\/wp-json\/wp\/v2\/brand?post=152603"},{"taxonomy":"gender","embeddable":true,"href":"https:\/\/moto-oprema.com\/hr\/wp-json\/wp\/v2\/gender?post=152603"},{"taxonomy":"product_brand","embeddable":true,"href":"https:\/\/moto-oprema.com\/hr\/wp-json\/wp\/v2\/product_brand?post=152603"},{"taxonomy":"product_cat","embeddable":true,"href":"https:\/\/moto-oprema.com\/hr\/wp-json\/wp\/v2\/product_cat?post=152603"},{"taxonomy":"product_tag","embeddable":true,"href":"https:\/\/moto-oprema.com\/hr\/wp-json\/wp\/v2\/product_tag?post=152603"}],"curies":[{"name":"wp","href":"https:\/\/api.w.org\/{rel}","templated":true}]}}