{"id":152523,"date":"2025-03-11T10:30:46","date_gmt":"2025-03-11T10:30:46","guid":{"rendered":"https:\/\/moto-oprema.com\/Artikel\/alpinestars-st-7-gore-tex-jakna-crna-tamno-siva\/"},"modified":"2025-03-11T10:30:46","modified_gmt":"2025-03-11T10:30:46","slug":"alpinestars-st-7-gore-tex-jakna-crna-tamno-siva","status":"publish","type":"product","link":"https:\/\/moto-oprema.com\/hr\/Artikel\/alpinestars-st-7-gore-tex-jakna-crna-tamno-siva\/","title":{"rendered":"ALPINESTARS ST-7 GORE-TEX JAKNA CRNA TAMNO SIVA"},"content":{"rendered":"<p>Dizajnirana za voza\u010de koji tra\u017ee vrhunske prednosti GORE-TEX laminirane konstrukcije i Alpinestars ergonomske mobilnosti, ST-7 2L GORE-TEX jakna je lak\u0161a jakna dizajnirana za manje intenzivnu upotrebu na zahtjevnim off-road avanturama. ST-7 jakna ima prilago\u0111eni kroj dizajniran za prirodnu mobilnost na motociklu. ST-7 jakna ima potpuno vodootpornu i prozra\u010dnu GORE-TEX laminiranu \u0161koljku koja je izdr\u017eljiva, lagana i fleksibilna. Jakna pru\u017ea udobno pristajanje s prethodno zakrivljenim uzorkom i velikim rastezljivim panelima na prsima, le\u0111ima i pazusima za izvrsnu slobodu kretanja. Vanjski sloj ima ergonomske i vodootporne d\u017eepove za udobnost \u010dak i tijekom vo\u017enje. Osim toga, \u0161koljka ima ravni ovratnik s izravnim zatvaranjem i pode\u0161avanjem amortizera za brtvljenje podru\u010dja vrata u slu\u010daju ki\u0161e ili hladnijeg vremena, kao i izravne ventilacijske panele na prsima i otvore s patentnim zatvara\u010dem na rukama za pobolj\u0161anu ventilaciju. Unutra, Tech-Air\u00ae Ready, ST-7 2L GORE-TEX jakna ima CE Level 2 Nucleon Flex Pro laktove i ramena te uklonjivu termalnu podstavu koja se sastoji od 100g izolacije za trup i 60g izolacije na rukama &#8211; savr\u0161eno za postavljanje prave koli\u010dine cjelogodi\u0161nje kontrole klime za voza\u010da, ovisno o uvjetima vo\u017enje.       <\/p>\n<p>Zna\u010dajke:<\/p>\n<ul>\n<li>Spremno za Tech-Air\u00ae.<\/li>\n<li>2L laminirana GORE-TEX vanjska strana za 100% vodootpornost i prozra\u010dnost.<\/li>\n<li>Izravne ventilacijske plo\u010de i uklonjiva termalna podstava.<\/li>\n<\/ul>\n<p>Sastav sirovine: 66% POLIAMIDA 34% POLIESTER<\/p>\n","protected":false},"excerpt":{"rendered":"<p>Dizajnirana za voza\u010de koji tra\u017ee vrhunske prednosti GORE-TEX laminirane konstrukcije i Alpinestars ergonomske mobilnosti, ST-7 2L&#8230;<\/p>\n","protected":false},"featured_media":152525,"comment_status":"open","ping_status":"closed","template":"","meta":{"_acf_changed":false},"brand":[2748],"gender":[1313],"product_brand":[],"product_cat":[2759,1356,2761],"product_tag":[],"class_list":{"0":"post-152523","1":"product","2":"type-product","3":"status-publish","4":"has-post-thumbnail","6":"brand-alpinestars-hr","7":"gender-moski","8":"product_cat-jakne-hr","9":"product_cat-motociklisticka-oprema","10":"product_cat-tekstilne-jakne-hr","11":"pa_size-2xl-hr","12":"pa_size-3xl-hr","13":"pa_size-4xl-hr","14":"pa_size-l-hr","15":"pa_size-m-hr","16":"pa_size-s-hr","17":"pa_size-xl-hr","19":"first","20":"instock","21":"sale","22":"taxable","23":"shipping-taxable","24":"purchasable","25":"product-type-variable"},"acf":[],"_links":{"self":[{"href":"https:\/\/moto-oprema.com\/hr\/wp-json\/wp\/v2\/product\/152523","targetHints":{"allow":["GET"]}}],"collection":[{"href":"https:\/\/moto-oprema.com\/hr\/wp-json\/wp\/v2\/product"}],"about":[{"href":"https:\/\/moto-oprema.com\/hr\/wp-json\/wp\/v2\/types\/product"}],"replies":[{"embeddable":true,"href":"https:\/\/moto-oprema.com\/hr\/wp-json\/wp\/v2\/comments?post=152523"}],"wp:featuredmedia":[{"embeddable":true,"href":"https:\/\/moto-oprema.com\/hr\/wp-json\/wp\/v2\/media\/152525"}],"wp:attachment":[{"href":"https:\/\/moto-oprema.com\/hr\/wp-json\/wp\/v2\/media?parent=152523"}],"wp:term":[{"taxonomy":"brand","embeddable":true,"href":"https:\/\/moto-oprema.com\/hr\/wp-json\/wp\/v2\/brand?post=152523"},{"taxonomy":"gender","embeddable":true,"href":"https:\/\/moto-oprema.com\/hr\/wp-json\/wp\/v2\/gender?post=152523"},{"taxonomy":"product_brand","embeddable":true,"href":"https:\/\/moto-oprema.com\/hr\/wp-json\/wp\/v2\/product_brand?post=152523"},{"taxonomy":"product_cat","embeddable":true,"href":"https:\/\/moto-oprema.com\/hr\/wp-json\/wp\/v2\/product_cat?post=152523"},{"taxonomy":"product_tag","embeddable":true,"href":"https:\/\/moto-oprema.com\/hr\/wp-json\/wp\/v2\/product_tag?post=152523"}],"curies":[{"name":"wp","href":"https:\/\/api.w.org\/{rel}","templated":true}]}}