{"id":152509,"date":"2025-03-12T09:12:22","date_gmt":"2025-03-12T09:12:22","guid":{"rendered":"https:\/\/moto-oprema.com\/Artikel\/alpinestars-st-7-2l-gore-tex-hlace-crne\/"},"modified":"2025-03-12T09:12:22","modified_gmt":"2025-03-12T09:12:22","slug":"alpinestars-st-7-2l-gore-tex-hlace-crne","status":"publish","type":"product","link":"https:\/\/moto-oprema.com\/hr\/Artikel\/alpinestars-st-7-2l-gore-tex-hlace-crne\/","title":{"rendered":"ALPINESTARS ST-7 2L GORE-TEX HLA\u010cE CRNE"},"content":{"rendered":"<p>Jaknu ST-7 2L GORE-TEX nadopunjuju hla\u010de ST-7 2L GORE-TEX, odli\u010dan izbor za voza\u010de koji \u017eele sve vrhunske prednosti Gore-Tex laminatne konstrukcije i Alpinestars patentirane ergonomske mobilnosti, ali tra\u017ee lak\u0161u opciju za manje intenzivnu upotrebu na zahtjevnom terenu. Poput jakne, hla\u010de ST-7 2L GORE-TEX su 100% vodootporne i prozra\u010dne te imaju CE Level 2 certificirani \u0161titnik za koljena Nucleon Flex Pro i sustav pristajanja koji omogu\u0107uje prilago\u0111eno pristajanje i udobno kretanje. Konstrukcija je mje\u0161avina izdr\u017eljivih, laganih i fleksibilnih materijala s polivlaknim oja\u010danjima na unutarnjoj strani \u010darapa i tehnolo\u0161ki rastezljivim materijalom u me\u0111uno\u017eju i stra\u017enjem dijelu jakne. Hla\u010de ST-7 imaju velike ergonomske d\u017eepove s izravnom ventilacijom putem patentnih zatvara\u010da na bedrima i prethodno oblikovani pojas s magnetskim zatvaranjem. Unutra se nalazi uklonjiva termalna podstava s 80g izolacije na bedrima i stra\u017enjici, 60g izolacije na potkoljenicama i rastezljivim materijalom na koljenima i stra\u017enjem dijelu jakne.    <\/p>\n<p>ST-7 2L GORE-TEX hla\u010de za sve vremenske uvjete s AA ocjenom odli\u010dan su izbor za svaku turu i savr\u0161eno se sla\u017eu s ST-7 2L GORE-TEX jaknom. U skladu s europskim zakonodavstvom, oznaka CE uvjet je za uskla\u0111enost prilikom prodaje ovog proizvoda. Za ovaj proizvod primjenjuju se sljede\u0107i standardi: EN 17092-3:2020 &#8211; Klasa AA. CE razina 1, kategorija II EN 1621-1:2012 Nucleon Flex Plus \u0161titnik za koljena. CE razina 1, kategorija II EN 1621-1:2012 Bioflex \u0161titnik za bokove. \u00a9 2021 W. GORE-TEX, GORE-TEX GUARANTEED TO KEEP YOU DRY\u00ae, GORE-TEX i dizajni za\u0161titni su znakovi tvrtke WL Gore &amp; Associates, Inc.<\/p>\n","protected":false},"excerpt":{"rendered":"<p>Jaknu ST-7 2L GORE-TEX nadopunjuju hla\u010de ST-7 2L GORE-TEX, odli\u010dan izbor za voza\u010de koji \u017eele sve&#8230;<\/p>\n","protected":false},"featured_media":152512,"comment_status":"open","ping_status":"closed","template":"","meta":{"_acf_changed":false},"brand":[2748],"gender":[1313],"product_brand":[],"product_cat":[2759,1356,2761],"product_tag":[],"class_list":{"0":"post-152509","1":"product","2":"type-product","3":"status-publish","4":"has-post-thumbnail","6":"brand-alpinestars-hr","7":"gender-moski","8":"product_cat-jakne-hr","9":"product_cat-motociklisticka-oprema","10":"product_cat-tekstilne-jakne-hr","11":"pa_size-2xl-hr","12":"pa_size-3xl-hr","13":"pa_size-4xl-hr","14":"pa_size-l-hr","15":"pa_size-m-hr","16":"pa_size-s-hr","17":"pa_size-xl-hr","19":"first","20":"instock","21":"sale","22":"taxable","23":"shipping-taxable","24":"purchasable","25":"product-type-variable"},"acf":[],"_links":{"self":[{"href":"https:\/\/moto-oprema.com\/hr\/wp-json\/wp\/v2\/product\/152509","targetHints":{"allow":["GET"]}}],"collection":[{"href":"https:\/\/moto-oprema.com\/hr\/wp-json\/wp\/v2\/product"}],"about":[{"href":"https:\/\/moto-oprema.com\/hr\/wp-json\/wp\/v2\/types\/product"}],"replies":[{"embeddable":true,"href":"https:\/\/moto-oprema.com\/hr\/wp-json\/wp\/v2\/comments?post=152509"}],"wp:featuredmedia":[{"embeddable":true,"href":"https:\/\/moto-oprema.com\/hr\/wp-json\/wp\/v2\/media\/152512"}],"wp:attachment":[{"href":"https:\/\/moto-oprema.com\/hr\/wp-json\/wp\/v2\/media?parent=152509"}],"wp:term":[{"taxonomy":"brand","embeddable":true,"href":"https:\/\/moto-oprema.com\/hr\/wp-json\/wp\/v2\/brand?post=152509"},{"taxonomy":"gender","embeddable":true,"href":"https:\/\/moto-oprema.com\/hr\/wp-json\/wp\/v2\/gender?post=152509"},{"taxonomy":"product_brand","embeddable":true,"href":"https:\/\/moto-oprema.com\/hr\/wp-json\/wp\/v2\/product_brand?post=152509"},{"taxonomy":"product_cat","embeddable":true,"href":"https:\/\/moto-oprema.com\/hr\/wp-json\/wp\/v2\/product_cat?post=152509"},{"taxonomy":"product_tag","embeddable":true,"href":"https:\/\/moto-oprema.com\/hr\/wp-json\/wp\/v2\/product_tag?post=152509"}],"curies":[{"name":"wp","href":"https:\/\/api.w.org\/{rel}","templated":true}]}}