{"id":152472,"date":"2025-03-11T09:46:18","date_gmt":"2025-03-11T09:46:18","guid":{"rendered":"https:\/\/moto-oprema.com\/Artikel\/alpinestars-sp-3-kozne-rukavice-crne-svijetlo-crvene-bijele\/"},"modified":"2025-03-11T09:46:18","modified_gmt":"2025-03-11T09:46:18","slug":"alpinestars-sp-3-kozne-rukavice-crne-svijetlo-crvene-bijele","status":"publish","type":"product","link":"https:\/\/moto-oprema.com\/hr\/Artikel\/alpinestars-sp-3-kozne-rukavice-crne-svijetlo-crvene-bijele\/","title":{"rendered":"ALPINESTARS SP-3 KO\u017dNE RUKAVICE CRNE SVIJETLO CRVENE BIJELE"},"content":{"rendered":"<div id=\"tw-target-text-container\" class=\"tw-ta-container tw-nfl\">\n<p id=\"tw-target-text\" class=\"tw-data-text tw-text-large tw-ta\" dir=\"ltr\" style=\"text-align: left;\">Razvijena iz suradnje s vrhunskim trka\u0107im tvrtkama, rukavica SP-3 s dugom man\u017eetom prepuna je zna\u010dajki inspiriranih utrkama. Harmonika\u0161ki paneli na palcu i mostu prstiju pove\u0107avaju fleksibilnost i kontrolu, dok prethodno zakrivljena konstrukcija pru\u017ea prirodno, ergonomsko pristajanje koje smanjuje umor ruke i pobolj\u0161ava slobodu kretanja.  Izra\u0111ene od pune kozje ko\u017ee s podstavljenim oja\u010danjima, ove rukavice pru\u017eaju iznimnu izdr\u017eljivost i otpornost na habanje, osiguravaju\u0107i trajnu udobnost i za\u0161titu na cesti.<\/p>\n<p dir=\"ltr\">Zna\u010dajke:<\/p>\n<ul>\n<li dir=\"ltr\">Rukavice SP-3 imaju dugu man\u017eetu i dvostruki sustav zatvaranja koji uklju\u010duje pri\u010dvr\u0161\u0107ivanje man\u017eete i remen za zglob, pru\u017eaju\u0107i pro\u0161irenu pokrivenost i sigurno prianjanje, smanjuju\u0107i rizik od klizanja ili pomicanja tijekom intenzivne vo\u017enje.<\/li>\n<li dir=\"ltr\">Rukavice SP-3 imaju umetke za hvatanje na palcu i dlanu, \u0161to osigurava bolji hvat i kontrolu \u010dak i u zahtjevnim uvjetima vo\u017enje.<\/li>\n<\/ul>\n<p>Za\u0161tita:<\/p>\n<ul>\n<li>Za\u0161tita klju\u010dne kosti s CE certifikatom razine 1. <\/li>\n<li>SP za\u0161tita zglobova s PU premazom.<\/li>\n<li>Oja\u010dani jastu\u010di\u0107i na prstima, dlanu, man\u017eeti i palcu.<\/li>\n<li>Pjena koja apsorbira udarce na strani dlana.<\/li>\n<li>Gumeno oja\u010danje za hvatanje.<\/li>\n<\/ul>\n<p>Sastav sirovine: 72% KOZJA KO\u017dA 20% POLIURETAN 8% POLIAMIDA<\/p>\n<\/div>\n","protected":false},"excerpt":{"rendered":"<p>Razvijena iz suradnje s vrhunskim trka\u0107im tvrtkama, rukavica SP-3 s dugom man\u017eetom prepuna je zna\u010dajki inspiriranih&#8230;<\/p>\n","protected":false},"featured_media":152470,"comment_status":"open","ping_status":"closed","template":"","meta":{"_acf_changed":false},"brand":[2748],"gender":[1313],"product_brand":[],"product_cat":[2835,1356,2816],"product_tag":[],"class_list":{"0":"post-152472","1":"product","2":"type-product","3":"status-publish","4":"has-post-thumbnail","6":"brand-alpinestars-hr","7":"gender-moski","8":"product_cat-kozne-rukavice","9":"product_cat-motociklisticka-oprema","10":"product_cat-rukavice","11":"pa_velikost-st-2xl-hr","12":"pa_velikost-st-3xl-hr","13":"pa_velikost-st-l-hr","14":"pa_velikost-st-m-hr","15":"pa_velikost-st-s-hr","16":"pa_velikost-st-xl-hr","18":"first","19":"instock","20":"sale","21":"taxable","22":"shipping-taxable","23":"purchasable","24":"product-type-variable"},"acf":[],"_links":{"self":[{"href":"https:\/\/moto-oprema.com\/hr\/wp-json\/wp\/v2\/product\/152472","targetHints":{"allow":["GET"]}}],"collection":[{"href":"https:\/\/moto-oprema.com\/hr\/wp-json\/wp\/v2\/product"}],"about":[{"href":"https:\/\/moto-oprema.com\/hr\/wp-json\/wp\/v2\/types\/product"}],"replies":[{"embeddable":true,"href":"https:\/\/moto-oprema.com\/hr\/wp-json\/wp\/v2\/comments?post=152472"}],"wp:featuredmedia":[{"embeddable":true,"href":"https:\/\/moto-oprema.com\/hr\/wp-json\/wp\/v2\/media\/152470"}],"wp:attachment":[{"href":"https:\/\/moto-oprema.com\/hr\/wp-json\/wp\/v2\/media?parent=152472"}],"wp:term":[{"taxonomy":"brand","embeddable":true,"href":"https:\/\/moto-oprema.com\/hr\/wp-json\/wp\/v2\/brand?post=152472"},{"taxonomy":"gender","embeddable":true,"href":"https:\/\/moto-oprema.com\/hr\/wp-json\/wp\/v2\/gender?post=152472"},{"taxonomy":"product_brand","embeddable":true,"href":"https:\/\/moto-oprema.com\/hr\/wp-json\/wp\/v2\/product_brand?post=152472"},{"taxonomy":"product_cat","embeddable":true,"href":"https:\/\/moto-oprema.com\/hr\/wp-json\/wp\/v2\/product_cat?post=152472"},{"taxonomy":"product_tag","embeddable":true,"href":"https:\/\/moto-oprema.com\/hr\/wp-json\/wp\/v2\/product_tag?post=152472"}],"curies":[{"name":"wp","href":"https:\/\/api.w.org\/{rel}","templated":true}]}}