{"id":152415,"date":"2025-03-11T09:26:47","date_gmt":"2025-03-11T09:26:47","guid":{"rendered":"https:\/\/moto-oprema.com\/Artikel\/alpinestars-gp-plus-r-v3-kozne-rukavice-svjetlo-crvene-crvene-fluo-crne\/"},"modified":"2025-03-11T09:26:47","modified_gmt":"2025-03-11T09:26:47","slug":"alpinestars-gp-plus-r-v3-kozne-rukavice-svjetlo-crvene-crvene-fluo-crne","status":"publish","type":"product","link":"https:\/\/moto-oprema.com\/hr\/Artikel\/alpinestars-gp-plus-r-v3-kozne-rukavice-svjetlo-crvene-crvene-fluo-crne\/","title":{"rendered":"ALPINESTARS GP PLUS R V3 KO\u017dNE RUKAVICE SVJETLO CRVENE CRVENE FLUO CRNE"},"content":{"rendered":"<div id=\"tw-target-text-container\" class=\"tw-ta-container tw-nfl\">\n<p id=\"tw-target-text\" class=\"tw-data-text tw-text-large tw-ta\" dir=\"ltr\" style=\"text-align: left\">Optimizirane za pobolj\u0161ane trka\u0107e performanse i svestranost na stazi, rukavice GP PLUS R v3 imaju nove \u0161titnike za zglobove i dlan i nadlanicu od potpune ko\u017ee za pove\u0107anu otpornost na habanje. Man\u017eeta od rastezljive aramidne tkanine, preuzeta iz Alpinestarsovih vrhunskih Supertech trka\u0107ih rukavica, pru\u017ea sigurno i udobno prianjanje, dok ko\u017eno oja\u010danje dlana pove\u0107ava izdr\u017eljivost i sigurnost. S prethodno zakrivljenim oblikom i mostom za trka\u0107e prste, ove rukavice pru\u017eaju optimalnu ergonomiju i kontrolu na stazi.  <\/p>\n<p dir=\"ltr\">Zna\u010dajke:<\/p>\n<ul>\n<li dir=\"ltr\">Ove rukavice su dizajnirane za optimalne performanse i prozra\u010dnost, s strate\u0161ki postavljenim perforacijama na ko\u017ei za bolju cirkulaciju zraka i prozra\u010dnost.<\/li>\n<li dir=\"ltr\">Alpinestarsova integrirana DFS (Dynamic Friction Shield) tehnologija pobolj\u0161ava za\u0161titu smanjenjem trenja i habanja na kriti\u010dnim podru\u010djima.<\/li>\n<li dir=\"ltr\">Hibridna konstrukcija \u0161avova na prstima pru\u017ea udobnost i povratnu informaciju, a istovremeno smanjuje debljinu materijala za pobolj\u0161ani osje\u0107aj i kontrolu.<\/li>\n<\/ul>\n<p>Za\u0161tita:<\/p>\n<ul>\n<li>Za\u0161tita zglobova od TPU-a dvostruke gusto\u0107e.<\/li>\n<li>TPU kliza\u010d za dlan.<\/li>\n<li>Mekana man\u017eeta \u0161titi od udaraca.<\/li>\n<li>TPU kliza\u010di za prste.<\/li>\n<li>Most prsta (sve falange).<\/li>\n<li>TPR oja\u010danje za zglob.<\/li>\n<li>Podloga na dlanu.<\/li>\n<li>Omotavanje palca.<\/li>\n<li>Oja\u010danje od pjene otporne na udarce na gornjem dijelu dlana, man\u017eeti, dlanu i prstima.<\/li>\n<li>CE certificirane rukavice &#8211; za\u0161tita zglobova KP6<\/li>\n<\/ul>\n<p>Sastav sirovine: 60% KOZJA KO\u017dA 18% POLIURETAN 15% POLIAMIDA 3% POLIESTER 2% ARAMIDNA VLAKNA 2% GUMA<\/p>\n<\/div>\n","protected":false},"excerpt":{"rendered":"<p>Boja: Jarko crvena &#8211; Fluo crvena &#8211; Crna<\/p>\n","protected":false},"featured_media":152379,"comment_status":"open","ping_status":"closed","template":"","meta":{"_acf_changed":false},"brand":[2748],"gender":[1313],"product_brand":[],"product_cat":[2835,1356,2816],"product_tag":[],"class_list":{"0":"post-152415","1":"product","2":"type-product","3":"status-publish","4":"has-post-thumbnail","6":"brand-alpinestars-hr","7":"gender-moski","8":"product_cat-kozne-rukavice","9":"product_cat-motociklisticka-oprema","10":"product_cat-rukavice","11":"pa_velikost-st-3xl-hr","12":"pa_velikost-st-l-hr","13":"pa_velikost-st-m-hr","14":"pa_velikost-st-s-hr","15":"pa_velikost-st-xl-hr","16":"pa_velikost-st-xxl-hr","18":"first","19":"outofstock","20":"sale","21":"taxable","22":"shipping-taxable","23":"purchasable","24":"product-type-variable"},"acf":[],"_links":{"self":[{"href":"https:\/\/moto-oprema.com\/hr\/wp-json\/wp\/v2\/product\/152415","targetHints":{"allow":["GET"]}}],"collection":[{"href":"https:\/\/moto-oprema.com\/hr\/wp-json\/wp\/v2\/product"}],"about":[{"href":"https:\/\/moto-oprema.com\/hr\/wp-json\/wp\/v2\/types\/product"}],"replies":[{"embeddable":true,"href":"https:\/\/moto-oprema.com\/hr\/wp-json\/wp\/v2\/comments?post=152415"}],"wp:featuredmedia":[{"embeddable":true,"href":"https:\/\/moto-oprema.com\/hr\/wp-json\/wp\/v2\/media\/152379"}],"wp:attachment":[{"href":"https:\/\/moto-oprema.com\/hr\/wp-json\/wp\/v2\/media?parent=152415"}],"wp:term":[{"taxonomy":"brand","embeddable":true,"href":"https:\/\/moto-oprema.com\/hr\/wp-json\/wp\/v2\/brand?post=152415"},{"taxonomy":"gender","embeddable":true,"href":"https:\/\/moto-oprema.com\/hr\/wp-json\/wp\/v2\/gender?post=152415"},{"taxonomy":"product_brand","embeddable":true,"href":"https:\/\/moto-oprema.com\/hr\/wp-json\/wp\/v2\/product_brand?post=152415"},{"taxonomy":"product_cat","embeddable":true,"href":"https:\/\/moto-oprema.com\/hr\/wp-json\/wp\/v2\/product_cat?post=152415"},{"taxonomy":"product_tag","embeddable":true,"href":"https:\/\/moto-oprema.com\/hr\/wp-json\/wp\/v2\/product_tag?post=152415"}],"curies":[{"name":"wp","href":"https:\/\/api.w.org\/{rel}","templated":true}]}}