{"id":152414,"date":"2025-03-11T08:30:43","date_gmt":"2025-03-11T08:30:43","guid":{"rendered":"https:\/\/moto-oprema.com\/Artikel\/zenske-hlace-spidi-4-sezone-v3-h2out-crne\/"},"modified":"2025-03-11T08:30:43","modified_gmt":"2025-03-11T08:30:43","slug":"zenske-hlace-spidi-4-sezone-v3-h2out-crne","status":"publish","type":"product","link":"https:\/\/moto-oprema.com\/hr\/Artikel\/zenske-hlace-spidi-4-sezone-v3-h2out-crne\/","title":{"rendered":"\u017dENSKE HLA\u010cE SPIDI 4 SEZONE V3 H2OUT CRNE"},"content":{"rendered":"<p>Spidi 4 Season V3 H2Out \u017eenske vodootporne tekstilne motociklisti\u010dke hla\u010de<\/p>\n<p>Spidi 4 Season V3 H2Out hla\u010de posebno su razvijene kako bi voza\u010dima pru\u017eile sveobuhvatnu za\u0161titu i maksimalnu udobnost u svim vremenskim uvjetima. S uklonjivom H2Out membranom i visokokvalitetnim, izuzetno otpornim materijalom na habanje, ove hla\u010de su savr\u0161ene za vo\u017enje na duge staze i avanture u svim godi\u0161njim dobima. <\/p>\n<p>Zna\u010dajke:<\/p>\n<ul>\n<li>Dvije hla\u010de u jednoj: vanjske hla\u010de i uklonjiva H2Out membrana<\/li>\n<li>Kompatibilno s proizvodima Step-In Wear<\/li>\n<li>Patentni zatvara\u010d za spajanje s motociklisti\u010dkom jaknom<\/li>\n<li>Ventilacijski paneli s patentnim zatvara\u010dima za optimalnu cirkulaciju zraka<\/li>\n<li>Podesivi rukavi za noge prikladni za motokros \u010dizme<\/li>\n<li>Tenax poliamidna tkanina, vrlo otporna na habanje, za maksimalnu za\u0161titu<\/li>\n<li>3M\u00ae Scotchlite\u00ae reflektiraju\u0107i materijali za pobolj\u0161anu vidljivost u uvjetima slabog osvjetljenja<\/li>\n<li>Dvoslojni vodootporni, prozra\u010dni i vjetrootporni laminat<\/li>\n<li>Reflektiraju\u0107e zone za bolju vidljivost prilikom vo\u017enje no\u0107u<\/li>\n<li>Perforirana mre\u017easta tkanina za dodatnu prozra\u010dnost<\/li>\n<li>Vodootporno, otporno na vjetar i prozra\u010dno zahvaljuju\u0107i H2Out tehnologiji<\/li>\n<li>Uklonjivi drugi sloj: H2Out podstava za dodatnu za\u0161titu od vremenskih uvjeta<\/li>\n<li>Fiksna mre\u017easta podstava za bolju ventilaciju<\/li>\n<li>Podesivi polo\u017eaj \u0161titnika za koljena<\/li>\n<li>Mikrometrijski sustav rastezanja na lumbalnom podru\u010dju za prilago\u0111eno pristajanje<\/li>\n<\/ul>\n<p>Tehni\u010dki podaci:<\/p>\n<ul>\n<li>Za\u0161titna odje\u0107a za motocikliste, klasa za\u0161tite AA (EN 17092-3:2020)<\/li>\n<li>Uklonjivi Warrior Lite \u0161titnici razine 1 na bokovima (EN 1621-1)<\/li>\n<li>Uklonjivi Warrior Lite \u0161titnici, razina 2, na koljenima (EN 1621-1)<\/li>\n<li>H2Out vodootporna membrana koja se mo\u017ee nositi i izvan hla\u010da<\/li>\n<li>Podesivi \u0161titnici za koljena za optimalnu za\u0161tituDodatne informacije o proizvodu<br \/>\n Materijal Vanjski materijal: 50% poliester, 45% poliamid, 5% elastan \/ 1. sloj: 100% poliester \/ 2. unutarnji sloj: 54% poliamid, 46% poliester. <\/li>\n<\/ul>\n","protected":false},"excerpt":{"rendered":"<p>Spidi 4 Season V3 H2Out kratke vodootporne \u017eenske tekstilne motociklisti\u010dke hla\u010de<\/p>\n","protected":false},"featured_media":152399,"comment_status":"open","ping_status":"closed","template":"","meta":{"_acf_changed":false},"brand":[2732],"gender":[1314],"product_brand":[],"product_cat":[2832,1356,2857],"product_tag":[],"class_list":{"0":"post-152414","1":"product","2":"type-product","3":"status-publish","4":"has-post-thumbnail","6":"brand-spidi-hr","7":"gender-zenska","8":"product_cat-hlace-hr","9":"product_cat-motociklisticka-oprema","10":"product_cat-tekstilne-hlace-hr","11":"pa_size-2xl-hr","12":"pa_size-3xl-hr","13":"pa_size-4xl-hr","14":"pa_size-l-hr","15":"pa_size-m-hr","16":"pa_size-s-hr","17":"pa_size-xl-hr","18":"pa_size-xs-hr","20":"first","21":"instock","22":"sale","23":"taxable","24":"shipping-taxable","25":"purchasable","26":"product-type-variable"},"acf":[],"_links":{"self":[{"href":"https:\/\/moto-oprema.com\/hr\/wp-json\/wp\/v2\/product\/152414","targetHints":{"allow":["GET"]}}],"collection":[{"href":"https:\/\/moto-oprema.com\/hr\/wp-json\/wp\/v2\/product"}],"about":[{"href":"https:\/\/moto-oprema.com\/hr\/wp-json\/wp\/v2\/types\/product"}],"replies":[{"embeddable":true,"href":"https:\/\/moto-oprema.com\/hr\/wp-json\/wp\/v2\/comments?post=152414"}],"wp:featuredmedia":[{"embeddable":true,"href":"https:\/\/moto-oprema.com\/hr\/wp-json\/wp\/v2\/media\/152399"}],"wp:attachment":[{"href":"https:\/\/moto-oprema.com\/hr\/wp-json\/wp\/v2\/media?parent=152414"}],"wp:term":[{"taxonomy":"brand","embeddable":true,"href":"https:\/\/moto-oprema.com\/hr\/wp-json\/wp\/v2\/brand?post=152414"},{"taxonomy":"gender","embeddable":true,"href":"https:\/\/moto-oprema.com\/hr\/wp-json\/wp\/v2\/gender?post=152414"},{"taxonomy":"product_brand","embeddable":true,"href":"https:\/\/moto-oprema.com\/hr\/wp-json\/wp\/v2\/product_brand?post=152414"},{"taxonomy":"product_cat","embeddable":true,"href":"https:\/\/moto-oprema.com\/hr\/wp-json\/wp\/v2\/product_cat?post=152414"},{"taxonomy":"product_tag","embeddable":true,"href":"https:\/\/moto-oprema.com\/hr\/wp-json\/wp\/v2\/product_tag?post=152414"}],"curies":[{"name":"wp","href":"https:\/\/api.w.org\/{rel}","templated":true}]}}