{"id":152268,"date":"2025-03-10T10:03:42","date_gmt":"2025-03-10T10:03:42","guid":{"rendered":"https:\/\/moto-oprema.com\/Artikel\/spidi-jakna-za-4-godisnja-doba-v3-h2out-crna-plava\/"},"modified":"2025-03-10T10:03:42","modified_gmt":"2025-03-10T10:03:42","slug":"spidi-jakna-za-4-godisnja-doba-v3-h2out-crna-plava","status":"publish","type":"product","link":"https:\/\/moto-oprema.com\/hr\/Artikel\/spidi-jakna-za-4-godisnja-doba-v3-h2out-crna-plava\/","title":{"rendered":"SPIDI JAKNA ZA 4 GODI\u0160NJA DOBA V3 H2OUT CRNA PLAVA"},"content":{"rendered":"<p>Spidi 4 Season V3 H2Out vodootporna mu\u0161ka motociklisti\u010dka tekstilna jakna<\/p>\n<p>Razvijena posebno za motociklisti\u010dke putnike, Spidi 4 Season V3 H2Out postavlja standarde za svestranost, pouzdanost i modularnost ve\u0107 vi\u0161e od desetlje\u0107a. Ova jakna savr\u0161eno \u0107e vas pripremiti za sve vremenske uvjete i avanture, \u010dak i na najudaljenijim rutama. <\/p>\n<p>Zna\u010dajke:<\/p>\n<ul>\n<li>3-u-1 sustav: vanjska jakna, vodootporna H2Out membrana i pro\u0161ivena unutarnja podstava<\/li>\n<li>InsideOut: H2Out vodootporna membrana koja se mo\u017ee nositi i izvan jakne<\/li>\n<li>Ventilacijski sustav sa zatvaraju\u0107im otvorima i inovativnim ventilacijskim otvorima od vrata do lakta<\/li>\n<li>Patentni zatvara\u010d za spajanje s hla\u010dama<\/li>\n<li>Robusna Tenax poliamidna tkanina za iznimnu otpornost na habanje<\/li>\n<li>Fleksibilni najlon 6.6, koji je vrlo otporan na abraziju<\/li>\n<li>Reflektiraju\u0107a podru\u010dja s 3M\u00ae Scotchlite\u00ae reflektorima za bolju vidljivost no\u0107u<\/li>\n<li>Podesiva veli\u010dina struka za savr\u0161eno pristajanje (ERGOFIT SYSTEM)<\/li>\n<li>Uklonjiva, pro\u0161ivena unutarnja podstava (podloga od 100 g)<\/li>\n<li>Podesive trake za pode\u0161avanje \u0161titnika i njihovo pri\u010dvr\u0161\u0107ivanje na mjesto<\/li>\n<li>Poliamid i najlon 6.6, koji su vrlo otporni na habanje<\/li>\n<\/ul>\n<p>Tehni\u010dki podaci:<\/p>\n<ul>\n<li>Za\u0161titna odje\u0107a za motocikliste, klasa za\u0161tite AA (EN 17092-3:2020)<\/li>\n<li>Uklonjivi Warrior Lite \u0161titnici na ramenima i laktovima, razina 2 (EN 1621-1)<\/li>\n<li>Kompatibilno s proizvodima Step-In Wear za dodatne slojeve<\/li>\n<li>Spremno za \u0161titnike za le\u0111a razine 1 (Z64 Lady) i razine 2 (Z201 Lady) (nisu uklju\u010deni u isporuku)<\/li>\n<li>Spremno za dodatnu termo prsluk za ki\u0161u X101, ki\u0161nu majicu s kapulja\u010dom X99 (nije uklju\u010deno u opseg isporuke)<\/li>\n<li>Vodootporna, otporna na vjetar i prozra\u010dna H2Out tehnologija<\/li>\n<li>Fiksna mre\u017easta baza za optimalnu cirkulaciju zraka<\/li>\n<\/ul>\n<p>Dodatne informacije o proizvodu<br \/>\n Materijal Vanjski materijal: 66% poliester, 34% poliamid \/ unutarnji sloj: 100% poliester<\/p>\n","protected":false},"excerpt":{"rendered":"<p>Spidi 4 Season V3 H2Out vodootporna mu\u0161ka motociklisti\u010dka tekstilna jakna Jakna prikladna za vo\u017enju tijekom cijele&#8230;<\/p>\n","protected":false},"featured_media":152272,"comment_status":"open","ping_status":"closed","template":"","meta":{"_acf_changed":false},"brand":[2732],"gender":[1313],"product_brand":[],"product_cat":[2759,1356,2761],"product_tag":[],"class_list":{"0":"post-152268","1":"product","2":"type-product","3":"status-publish","4":"has-post-thumbnail","6":"brand-spidi-hr","7":"gender-moski","8":"product_cat-jakne-hr","9":"product_cat-motociklisticka-oprema","10":"product_cat-tekstilne-jakne-hr","11":"pa_size-2xl-hr","12":"pa_size-3xl-hr","13":"pa_size-4xl-hr","14":"pa_size-l-hr","15":"pa_size-m-hr","16":"pa_size-s-hr","17":"pa_size-xl-hr","19":"first","20":"instock","21":"sale","22":"taxable","23":"shipping-taxable","24":"purchasable","25":"product-type-variable"},"acf":[],"_links":{"self":[{"href":"https:\/\/moto-oprema.com\/hr\/wp-json\/wp\/v2\/product\/152268","targetHints":{"allow":["GET"]}}],"collection":[{"href":"https:\/\/moto-oprema.com\/hr\/wp-json\/wp\/v2\/product"}],"about":[{"href":"https:\/\/moto-oprema.com\/hr\/wp-json\/wp\/v2\/types\/product"}],"replies":[{"embeddable":true,"href":"https:\/\/moto-oprema.com\/hr\/wp-json\/wp\/v2\/comments?post=152268"}],"wp:featuredmedia":[{"embeddable":true,"href":"https:\/\/moto-oprema.com\/hr\/wp-json\/wp\/v2\/media\/152272"}],"wp:attachment":[{"href":"https:\/\/moto-oprema.com\/hr\/wp-json\/wp\/v2\/media?parent=152268"}],"wp:term":[{"taxonomy":"brand","embeddable":true,"href":"https:\/\/moto-oprema.com\/hr\/wp-json\/wp\/v2\/brand?post=152268"},{"taxonomy":"gender","embeddable":true,"href":"https:\/\/moto-oprema.com\/hr\/wp-json\/wp\/v2\/gender?post=152268"},{"taxonomy":"product_brand","embeddable":true,"href":"https:\/\/moto-oprema.com\/hr\/wp-json\/wp\/v2\/product_brand?post=152268"},{"taxonomy":"product_cat","embeddable":true,"href":"https:\/\/moto-oprema.com\/hr\/wp-json\/wp\/v2\/product_cat?post=152268"},{"taxonomy":"product_tag","embeddable":true,"href":"https:\/\/moto-oprema.com\/hr\/wp-json\/wp\/v2\/product_tag?post=152268"}],"curies":[{"name":"wp","href":"https:\/\/api.w.org\/{rel}","templated":true}]}}