{"id":152002,"date":"2025-02-19T09:42:00","date_gmt":"2025-02-19T09:42:00","guid":{"rendered":"https:\/\/moto-oprema.com\/Artikel\/alpinestars-1pc-gp-plus-v4-sprint-crvene-fluo-srednje-crvene-bijele\/"},"modified":"2025-02-19T09:42:00","modified_gmt":"2025-02-19T09:42:00","slug":"alpinestars-1pc-gp-plus-v4-sprint-crvene-fluo-srednje-crvene-bijele","status":"publish","type":"product","link":"https:\/\/moto-oprema.com\/hr\/Artikel\/alpinestars-1pc-gp-plus-v4-sprint-crvene-fluo-srednje-crvene-bijele\/","title":{"rendered":"ALPINESTARS 1PC GP PLUS V4 SPRINT CRVENE FLUO SREDNJE CRVENE BIJELE"},"content":{"rendered":"<p>Razvijeno uz opse\u017ene povratne informacije s trka\u0107e staze, lagano ko\u017eno odijelo GP Plus V4 Sprint 1PC dizajnirano je s obzirom na fleksibilnost, udobnost i slobodu kretanja, pru\u017eaju\u0107i tehnologiju, performanse, za\u0161titu i udobnost provjerenu na utrkama. Potpuno spremno za Tech-Air\u00ae, odijelo omogu\u0107uje besprijekornu ugradnju sustava zra\u010dnih jastuka Tech-Air\u00ae 7x, a mo\u017ee primiti i opcionalni zaslon za rukave Tech-Air\u00ae 7x i be\u017ei\u010dni zaslon Tech-Air\u00ae 10. <\/p>\n<p>Flex Plus ko\u017ea \u201etrka\u0107e kvalitete\u201c ima dva sloja na izlo\u017eenim podru\u010djima za dodatnu izdr\u017eljivost. Ova vrhunska kravlja ko\u017ea je mekana i podatna, pru\u017eaju\u0107i iznimnu otpornost na habanje, a ujedno je vrlo fleksibilna i prilagodljiva.<br \/>\n Alpinestars Composite Stretch (A-CS\u00ae) tehnologija na stra\u017enjoj strani pru\u017ea iznimnu prozra\u010dnost, udobnost i slobodu kretanja. A-CS\u00ae tehnologija nije samo lak\u0161a i kompaktnija od tradicionalnih ko\u017enih harmonika panela &#8211; otprilike 9% lak\u0161a &#8211; ve\u0107 pru\u017ea i vrhunsku rastezljivost s 30% istezanja. Tako\u0111er pru\u017ea nevjerojatnih 288% pove\u0107anja otpornosti na kidanje u usporedbi s HRSF (Hyper Resistant Stretch Fiber) i 600% pobolj\u0161anja otpornosti na rezanje u usporedbi s ko\u017eom.<br \/>\n Potpuno perforirane ko\u017ene plo\u010de dodatno pobolj\u0161avaju protok zraka i prozra\u010dnost, osiguravaju\u0107i optimalno hla\u0111enje.   <\/p>\n<p>SIGURNOST:<\/p>\n<ul>\n<li>GP-R trka\u0107i oklop na laktovima, koljenima i potkoljenicama pru\u017ea pro\u0161irenu pokrivenost za dodatnu za\u0161titu na klju\u010dnim podru\u010djima.<\/li>\n<li>U utrkama dokazani GP DFS kliza\u010di s uklonjivim kliza\u010dima na koljenima za u\u010dinkovitu kontrolu trenja.<\/li>\n<li>Nucleon Race \u0161titnik za ramena za vrhunsku za\u0161titu od udara i otpornost na habanje.<\/li>\n<li>U skladu s europskim zakonodavstvom, oznaka CE uvjet je za uskla\u0111enost prilikom stavljanja ovog proizvoda na tr\u017ei\u0161te. Primjenjuju se sljede\u0107i standardi: Potpuno CE certificirana odje\u0107a za jahanje u skladu s CE standardima &#8211; Kategorija II EN17092 &#8211; Klasa AAA. <\/li>\n<\/ul>\n<p>Sastav sirovine: 63% GOVE\u0110A KO\u017dA 25% POLIAMIDA 8% POLIURETANA 4% ELASTANA<\/p>\n<p>&nbsp;<\/p>\n","protected":false},"excerpt":{"rendered":"<p>Boja: Crvena fluorescentna &#8211; crvena<\/p>\n","protected":false},"featured_media":36674,"comment_status":"open","ping_status":"closed","template":"","meta":{"_acf_changed":false},"brand":[2748],"gender":[1313],"product_brand":[],"product_cat":[2879,2859,1356],"product_tag":[],"class_list":{"0":"post-152002","1":"product","2":"type-product","3":"status-publish","4":"has-post-thumbnail","6":"brand-alpinestars-hr","7":"gender-moski","8":"product_cat-jednodijelni-kombinezoni","9":"product_cat-kombinezoni-hr","10":"product_cat-motociklisticka-oprema","11":"pa_size-44-hr","12":"pa_size-46-hr","13":"pa_size-48-hr","14":"pa_size-50-hr","15":"pa_size-52-hr","16":"pa_size-54-hr","17":"pa_size-56-hr","18":"pa_size-58-hr","19":"pa_size-60-hr","21":"first","22":"instock","23":"sale","24":"taxable","25":"shipping-taxable","26":"purchasable","27":"product-type-variable"},"acf":[],"_links":{"self":[{"href":"https:\/\/moto-oprema.com\/hr\/wp-json\/wp\/v2\/product\/152002","targetHints":{"allow":["GET"]}}],"collection":[{"href":"https:\/\/moto-oprema.com\/hr\/wp-json\/wp\/v2\/product"}],"about":[{"href":"https:\/\/moto-oprema.com\/hr\/wp-json\/wp\/v2\/types\/product"}],"replies":[{"embeddable":true,"href":"https:\/\/moto-oprema.com\/hr\/wp-json\/wp\/v2\/comments?post=152002"}],"wp:featuredmedia":[{"embeddable":true,"href":"https:\/\/moto-oprema.com\/hr\/wp-json\/wp\/v2\/media\/36674"}],"wp:attachment":[{"href":"https:\/\/moto-oprema.com\/hr\/wp-json\/wp\/v2\/media?parent=152002"}],"wp:term":[{"taxonomy":"brand","embeddable":true,"href":"https:\/\/moto-oprema.com\/hr\/wp-json\/wp\/v2\/brand?post=152002"},{"taxonomy":"gender","embeddable":true,"href":"https:\/\/moto-oprema.com\/hr\/wp-json\/wp\/v2\/gender?post=152002"},{"taxonomy":"product_brand","embeddable":true,"href":"https:\/\/moto-oprema.com\/hr\/wp-json\/wp\/v2\/product_brand?post=152002"},{"taxonomy":"product_cat","embeddable":true,"href":"https:\/\/moto-oprema.com\/hr\/wp-json\/wp\/v2\/product_cat?post=152002"},{"taxonomy":"product_tag","embeddable":true,"href":"https:\/\/moto-oprema.com\/hr\/wp-json\/wp\/v2\/product_tag?post=152002"}],"curies":[{"name":"wp","href":"https:\/\/api.w.org\/{rel}","templated":true}]}}