{"id":151846,"date":"2025-01-08T11:17:37","date_gmt":"2025-01-08T11:17:37","guid":{"rendered":"https:\/\/moto-oprema.com\/Artikel\/agv-k-1-s-lyzard-mat-crna-siva-crvena\/"},"modified":"2025-01-08T11:17:37","modified_gmt":"2025-01-08T11:17:37","slug":"agv-k-1-s-lyzard-mat-crna-siva-crvena","status":"publish","type":"product","link":"https:\/\/moto-oprema.com\/hr\/Artikel\/agv-k-1-s-lyzard-mat-crna-siva-crvena\/","title":{"rendered":"AGV K-1 S LYZARD MAT CRNA\/SIVA\/CRVENA"},"content":{"rendered":"<p>Nova AGV kaciga budi trka\u0107i duh u vama kako biste savladali svakodnevne izazove. K1 S je cestovna kaciga koja crpi inspiraciju iz AGV-ovog MotoGP iskustva i prikladna je za svestranu upotrebu na svim stazama.  Aerodinami\u010dni oblik \u0161koljke izra\u0111ene od visoko\u010dvrste termoplastike, prednji usisnici za zrak temeljeni na iskustvu utrka i novi aerodinami\u010dni spojler razvijen u zra\u010dnom tunelu pove\u0107avaju performanse i osiguravaju stabilnost \u010dak i pri velikim brzinama u sportskoj upotrebi. Panoramski vizir Ultravision otporan na ogrebotine omogu\u0107uje \u0161iri bo\u010dni i vertikalni pogled za potpuni pregled okoline. Beskompromisna udobnost zahvaljuju\u0107i mekoj, uklonjivoj i perivoj unutra\u0161njosti Dry Comfort. Zahvaljuju\u0107i protokolu dizajna AGV Extreme Safety K1 S, zna\u010dajno prema\u0161uje zahtjeve strogog standarda ECE 22.06. AGV K1 S je tako\u0111er spreman za ugradnju komunikacijskih sustava.    <\/p>\n<p>Zna\u010dajke:<\/p>\n<p>Ugra\u0111eni spojler<br \/>\n Tkanina za suho\u0107u i udobnost<br \/>\n Posebno razvijeno za nositelje nao\u010dala<br \/>\n Spremni za zajedni\u010dki komunikacijski sustav<br \/>\n Uklonjiva i periva podstava<br \/>\n Uklonjivi \u0161titnik za nos i vjetrobran<br \/>\n 2 stra\u017enja i 5 prednjih ventilacijskih otvora<br \/>\n Podesivi ventilacijski otvori<br \/>\n Vizir otporan na ogrebotine s mikro-otvaranjem i horizontalnim vidnim poljem od 190 stupnjeva, unaprijed ugra\u0111en Pinlock<br \/>\n Vi\u0161estupanjski mehanizam vizira<br \/>\n Patentirani mehanizam sustava za brzo otpu\u0161tanje<br \/>\n Tehni\u010dki podaci:<\/p>\n<p>ECE 22-06<br \/>\n 2 veli\u010dine \u0161koljke<br \/>\n EPS s 4 gusto\u0107e u 4 veli\u010dine<br \/>\n \u0160koljka s profilom za za\u0161titu klju\u010dne kosti<br \/>\n Visokootporna termoplastika<br \/>\n Dvostruko zatvaranje u obliku D-prstena<br \/>\n 1500 g u prvoj veli\u010dini ljuske<\/p>\n","protected":false},"excerpt":{"rendered":"<p>Nova AGV kaciga budi trka\u0107i duh u vama kako biste savladali svakodnevne izazove. K1 S je&#8230;<\/p>\n","protected":false},"featured_media":151860,"comment_status":"open","ping_status":"closed","template":"","meta":{"_acf_changed":false},"brand":[2763],"gender":[2172],"product_brand":[],"product_cat":[1358,1356,1359],"product_tag":[],"class_list":{"0":"post-151846","1":"product","2":"type-product","3":"status-publish","4":"has-post-thumbnail","6":"brand-agv-hr","7":"gender-unisex-hr","8":"product_cat-kacige","9":"product_cat-motociklisticka-oprema","10":"product_cat-sastavni","11":"pa_size-l-hr","12":"pa_size-m-hr","13":"pa_size-s-hr","14":"pa_size-xl-hr","15":"pa_size-xs-hr","16":"pa_size-xxl-hr","18":"first","19":"instock","20":"sale","21":"taxable","22":"shipping-taxable","23":"purchasable","24":"product-type-variable"},"acf":[],"_links":{"self":[{"href":"https:\/\/moto-oprema.com\/hr\/wp-json\/wp\/v2\/product\/151846","targetHints":{"allow":["GET"]}}],"collection":[{"href":"https:\/\/moto-oprema.com\/hr\/wp-json\/wp\/v2\/product"}],"about":[{"href":"https:\/\/moto-oprema.com\/hr\/wp-json\/wp\/v2\/types\/product"}],"replies":[{"embeddable":true,"href":"https:\/\/moto-oprema.com\/hr\/wp-json\/wp\/v2\/comments?post=151846"}],"wp:featuredmedia":[{"embeddable":true,"href":"https:\/\/moto-oprema.com\/hr\/wp-json\/wp\/v2\/media\/151860"}],"wp:attachment":[{"href":"https:\/\/moto-oprema.com\/hr\/wp-json\/wp\/v2\/media?parent=151846"}],"wp:term":[{"taxonomy":"brand","embeddable":true,"href":"https:\/\/moto-oprema.com\/hr\/wp-json\/wp\/v2\/brand?post=151846"},{"taxonomy":"gender","embeddable":true,"href":"https:\/\/moto-oprema.com\/hr\/wp-json\/wp\/v2\/gender?post=151846"},{"taxonomy":"product_brand","embeddable":true,"href":"https:\/\/moto-oprema.com\/hr\/wp-json\/wp\/v2\/product_brand?post=151846"},{"taxonomy":"product_cat","embeddable":true,"href":"https:\/\/moto-oprema.com\/hr\/wp-json\/wp\/v2\/product_cat?post=151846"},{"taxonomy":"product_tag","embeddable":true,"href":"https:\/\/moto-oprema.com\/hr\/wp-json\/wp\/v2\/product_tag?post=151846"}],"curies":[{"name":"wp","href":"https:\/\/api.w.org\/{rel}","templated":true}]}}