{"id":151718,"date":"2022-02-24T11:04:05","date_gmt":"2022-02-24T11:04:05","guid":{"rendered":"https:\/\/moto-oprema.com\/Artikel\/alpinestars-ast-1-v2-wp-zenske-hlace\/"},"modified":"2022-02-24T11:04:05","modified_gmt":"2022-02-24T11:04:05","slug":"alpinestars-ast-1-v2-wp-zenske-hlace","status":"publish","type":"product","link":"https:\/\/moto-oprema.com\/hr\/Artikel\/alpinestars-ast-1-v2-wp-zenske-hlace\/","title":{"rendered":"ALPINESTARS AST-1 V2 WP \u017dENSKE HLA\u010cE"},"content":{"rendered":"<p>Hla\u010de Stella AST-1 v2 nisu samo vodootporne, ve\u0107 nude i izvrsnu za\u0161titu zahvaljuju\u0107i vi\u0161eslojnom gornjem materijalu te optimalnu udobnost zahvaljuju\u0107i anatomski oblikovanim nogavicama i dizajnu zglobova koljena. Tako\u0111er dolaze s Nucleon Flex Plus \u0161titnicima za koljena i kompatibilne su sa \u0161titnicima za kukove za za\u0161titu od udara. Zatvaranje u struku omogu\u0107uje sigurno spajanje s Alpinestars motociklisti\u010dkim jaknama. Potpuno CE certificirane &#8211; Klasa A   <\/p>\n<p>Sastav sirovine: 100% poliester<\/p>\n","protected":false},"excerpt":{"rendered":"<p>Hla\u010de Stella AST-1 v2 nisu samo vodootporne, ve\u0107 nude i izvrsnu za\u0161titu zahvaljuju\u0107i vi\u0161eslojnom gornjem materijalu&#8230;<\/p>\n","protected":false},"featured_media":16896,"comment_status":"open","ping_status":"open","template":"","meta":{"_acf_changed":false},"brand":[2748],"gender":[],"product_brand":[],"product_cat":[2832,1356,2857],"product_tag":[],"class_list":{"0":"post-151718","1":"product","2":"type-product","3":"status-publish","4":"has-post-thumbnail","6":"brand-alpinestars-hr","7":"product_cat-hlace-hr","8":"product_cat-motociklisticka-oprema","9":"product_cat-tekstilne-hlace-hr","10":"pa_size-l-hr","11":"pa_size-m-hr","12":"pa_size-s-hr","13":"pa_size-xl-hr","15":"first","16":"onbackorder","17":"sale","18":"taxable","19":"shipping-taxable","20":"purchasable","21":"product-type-variable"},"acf":[],"_links":{"self":[{"href":"https:\/\/moto-oprema.com\/hr\/wp-json\/wp\/v2\/product\/151718","targetHints":{"allow":["GET"]}}],"collection":[{"href":"https:\/\/moto-oprema.com\/hr\/wp-json\/wp\/v2\/product"}],"about":[{"href":"https:\/\/moto-oprema.com\/hr\/wp-json\/wp\/v2\/types\/product"}],"replies":[{"embeddable":true,"href":"https:\/\/moto-oprema.com\/hr\/wp-json\/wp\/v2\/comments?post=151718"}],"wp:featuredmedia":[{"embeddable":true,"href":"https:\/\/moto-oprema.com\/hr\/wp-json\/wp\/v2\/media\/16896"}],"wp:attachment":[{"href":"https:\/\/moto-oprema.com\/hr\/wp-json\/wp\/v2\/media?parent=151718"}],"wp:term":[{"taxonomy":"brand","embeddable":true,"href":"https:\/\/moto-oprema.com\/hr\/wp-json\/wp\/v2\/brand?post=151718"},{"taxonomy":"gender","embeddable":true,"href":"https:\/\/moto-oprema.com\/hr\/wp-json\/wp\/v2\/gender?post=151718"},{"taxonomy":"product_brand","embeddable":true,"href":"https:\/\/moto-oprema.com\/hr\/wp-json\/wp\/v2\/product_brand?post=151718"},{"taxonomy":"product_cat","embeddable":true,"href":"https:\/\/moto-oprema.com\/hr\/wp-json\/wp\/v2\/product_cat?post=151718"},{"taxonomy":"product_tag","embeddable":true,"href":"https:\/\/moto-oprema.com\/hr\/wp-json\/wp\/v2\/product_tag?post=151718"}],"curies":[{"name":"wp","href":"https:\/\/api.w.org\/{rel}","templated":true}]}}