{"id":151602,"date":"2024-11-27T12:59:44","date_gmt":"2024-11-27T12:59:44","guid":{"rendered":"https:\/\/moto-oprema.com\/Artikel\/fox-titan-pro-d3o-ce-stitnici-za-koljena\/"},"modified":"2024-11-27T12:59:44","modified_gmt":"2024-11-27T12:59:44","slug":"fox-titan-pro-d3o-ce-stitnici-za-koljena","status":"publish","type":"product","link":"https:\/\/moto-oprema.com\/hr\/Artikel\/fox-titan-pro-d3o-ce-stitnici-za-koljena\/","title":{"rendered":"FOX TITAN PRO D3O CE \u0160TITNICI ZA KOLJENA"},"content":{"rendered":"<div class=\"ui-tabs-panel ui-widget-content ui-corner-bottom\" id=\"tab-product-description\">\n<div class=\"description\"><span style=\"color:#333333\"><span class=\"VIiyi\" xml_lang=\"sl\" lang=\"sl\"><span class=\"JLqJ4b ChMk0b\"><span>Titan Pro \u0161titnik za koljena nudi najbolju D30\u00ae za\u0161titu i najve\u0107u funkcionalnost zahvaljuju\u0107i Posi-Lock sustavu zatvaranja s jednokratnim pode\u0161avanjem remena i sustavom za brzo otpu\u0161tanje.<\/span><\/span> <span class=\"JLqJ4b ChMk0b\"><span>Zajam\u010dena najbolja sloboda kretanja, slobodno pomi\u010dni \u0161titnici za koljena.<\/span><\/span><\/span> <\/span><\/div>\n<\/div>\n","protected":false},"excerpt":{"rendered":"<p>Titan Pro \u0161titnik za koljena nudi najbolju D30\u00ae za\u0161titu i najve\u0107u funkcionalnost zahvaljuju\u0107i Posi-Lock sustavu zatvaranja&#8230;<\/p>\n","protected":false},"featured_media":13925,"comment_status":"open","ping_status":"closed","template":"","meta":{"_acf_changed":false},"brand":[2738],"gender":[],"product_brand":[],"product_cat":[2970,2739,2733],"product_tag":[],"class_list":{"0":"post-151602","1":"product","2":"type-product","3":"status-publish","4":"has-post-thumbnail","6":"brand-fox-hr","7":"product_cat-mx-stitnici-za-koljena","8":"product_cat-mx-stitovi","9":"product_cat-oprema-za-motokros","10":"pa_size-l-xl-hr","11":"pa_size-sm","13":"first","14":"onbackorder","15":"sale","16":"taxable","17":"shipping-taxable","18":"purchasable","19":"product-type-variable"},"acf":[],"_links":{"self":[{"href":"https:\/\/moto-oprema.com\/hr\/wp-json\/wp\/v2\/product\/151602","targetHints":{"allow":["GET"]}}],"collection":[{"href":"https:\/\/moto-oprema.com\/hr\/wp-json\/wp\/v2\/product"}],"about":[{"href":"https:\/\/moto-oprema.com\/hr\/wp-json\/wp\/v2\/types\/product"}],"replies":[{"embeddable":true,"href":"https:\/\/moto-oprema.com\/hr\/wp-json\/wp\/v2\/comments?post=151602"}],"wp:featuredmedia":[{"embeddable":true,"href":"https:\/\/moto-oprema.com\/hr\/wp-json\/wp\/v2\/media\/13925"}],"wp:attachment":[{"href":"https:\/\/moto-oprema.com\/hr\/wp-json\/wp\/v2\/media?parent=151602"}],"wp:term":[{"taxonomy":"brand","embeddable":true,"href":"https:\/\/moto-oprema.com\/hr\/wp-json\/wp\/v2\/brand?post=151602"},{"taxonomy":"gender","embeddable":true,"href":"https:\/\/moto-oprema.com\/hr\/wp-json\/wp\/v2\/gender?post=151602"},{"taxonomy":"product_brand","embeddable":true,"href":"https:\/\/moto-oprema.com\/hr\/wp-json\/wp\/v2\/product_brand?post=151602"},{"taxonomy":"product_cat","embeddable":true,"href":"https:\/\/moto-oprema.com\/hr\/wp-json\/wp\/v2\/product_cat?post=151602"},{"taxonomy":"product_tag","embeddable":true,"href":"https:\/\/moto-oprema.com\/hr\/wp-json\/wp\/v2\/product_tag?post=151602"}],"curies":[{"name":"wp","href":"https:\/\/api.w.org\/{rel}","templated":true}]}}