{"id":151576,"date":"2024-11-27T11:11:49","date_gmt":"2024-11-27T11:11:49","guid":{"rendered":"https:\/\/moto-oprema.com\/Artikel\/dainese-full-metal-7-rukavice-crno-fluo-zute\/"},"modified":"2024-11-27T11:11:49","modified_gmt":"2024-11-27T11:11:49","slug":"dainese-full-metal-7-rukavice-crno-fluo-zute","status":"publish","type":"product","link":"https:\/\/moto-oprema.com\/hr\/Artikel\/dainese-full-metal-7-rukavice-crno-fluo-zute\/","title":{"rendered":"Dainese Full Metal 7 rukavice crno-fluo \u017eute"},"content":{"rendered":"<div class=\"tabs-panels\">\n<p>Full Metal 7 su motociklisti\u010dke rukavice dizajnirane za maksimalne performanse i za\u0161titu. Izra\u0111ene od izdr\u017eljive kozje ko\u017ee, ove rukavice imaju Pro-Tek titanijsku za\u0161titu zglobova, Kevlar umetke na dlanu, prstima i nadlanici te oja\u010danja na malom prstu. <\/p>\n<p>Dizajnirane za za\u0161titu zglobova i nadlanice, rukavice Full Metal 7 pru\u017eaju izuzetno visoku za\u0161titu od udaraca, izvrsno klizanje zahvaljuju\u0107i titanu te iznimnu razinu udobnosti i pokretljivosti ruke zahvaljuju\u0107i rastezljivom, ko-injektiranom spoju.<\/p>\n<p>Ove profesionalne rukavice, koje nose prvaci MotoGP\u2122 serije, pru\u017eaju maksimalnu udobnost, lako\u0107u i osjetljivost tijekom vo\u017enje, tako da se trka\u010di mogu u potpunosti usredoto\u010diti na svoje performanse. Prethodno zakrivljena konstrukcija rukava i prstiju, integrirani rastezljivi umeci na stra\u017enjoj strani, prstima i dnu kvadricepsa te novi dizajn zglobova osiguravaju visoku razinu udobnosti i ergonomije, a istovremeno pove\u0107avaju preciznost vo\u017enje. <\/p>\n<p>Rukavice Full Metal 7 savr\u0161en su spoj kultnog dizajna i visokih tehnolo\u0161kih standarda tvrtke Dainese, utjelovljuju\u0107i najnoviju evoluciju vrhunskih natjecateljskih rukavica s dodatnom predno\u0161\u0107u certifikacije razine 2. <\/p>\n<p>Konstrukcija Full Metal 7 rukavica osigurava savr\u0161eno spajanje s Dainese trka\u0107im odijelima.<\/p>\n<p>Sastav sirovine: 100% ko\u017ea<\/p>\n<\/div>\n","protected":false},"excerpt":{"rendered":"<p>Full Metal 7 su motociklisti\u010dke rukavice dizajnirane za maksimalne performanse i za\u0161titu. Izra\u0111ene od izdr\u017eljive kozje&#8230;<\/p>\n","protected":false},"featured_media":32153,"comment_status":"open","ping_status":"open","template":"","meta":{"_acf_changed":false},"brand":[2800],"gender":[],"product_brand":[],"product_cat":[2835,1356,2816],"product_tag":[2862,2864,2863],"class_list":{"0":"post-151576","1":"product","2":"type-product","3":"status-publish","4":"has-post-thumbnail","6":"brand-dainese-hr","7":"product_cat-kozne-rukavice","8":"product_cat-motociklisticka-oprema","9":"product_cat-rukavice","10":"product_tag-odjeca","11":"product_tag-rukavice","12":"product_tag-utrke","13":"pa_size-2xl-hr","14":"pa_size-3xl-hr","15":"pa_size-l-hr","16":"pa_size-m-hr","17":"pa_size-s-hr","18":"pa_size-xl-hr","19":"pa_size-xs-hr","21":"first","22":"instock","23":"sale","24":"taxable","25":"shipping-taxable","26":"purchasable","27":"product-type-variable"},"acf":[],"_links":{"self":[{"href":"https:\/\/moto-oprema.com\/hr\/wp-json\/wp\/v2\/product\/151576","targetHints":{"allow":["GET"]}}],"collection":[{"href":"https:\/\/moto-oprema.com\/hr\/wp-json\/wp\/v2\/product"}],"about":[{"href":"https:\/\/moto-oprema.com\/hr\/wp-json\/wp\/v2\/types\/product"}],"replies":[{"embeddable":true,"href":"https:\/\/moto-oprema.com\/hr\/wp-json\/wp\/v2\/comments?post=151576"}],"wp:featuredmedia":[{"embeddable":true,"href":"https:\/\/moto-oprema.com\/hr\/wp-json\/wp\/v2\/media\/32153"}],"wp:attachment":[{"href":"https:\/\/moto-oprema.com\/hr\/wp-json\/wp\/v2\/media?parent=151576"}],"wp:term":[{"taxonomy":"brand","embeddable":true,"href":"https:\/\/moto-oprema.com\/hr\/wp-json\/wp\/v2\/brand?post=151576"},{"taxonomy":"gender","embeddable":true,"href":"https:\/\/moto-oprema.com\/hr\/wp-json\/wp\/v2\/gender?post=151576"},{"taxonomy":"product_brand","embeddable":true,"href":"https:\/\/moto-oprema.com\/hr\/wp-json\/wp\/v2\/product_brand?post=151576"},{"taxonomy":"product_cat","embeddable":true,"href":"https:\/\/moto-oprema.com\/hr\/wp-json\/wp\/v2\/product_cat?post=151576"},{"taxonomy":"product_tag","embeddable":true,"href":"https:\/\/moto-oprema.com\/hr\/wp-json\/wp\/v2\/product_tag?post=151576"}],"curies":[{"name":"wp","href":"https:\/\/api.w.org\/{rel}","templated":true}]}}