{"id":151478,"date":"2024-03-13T09:57:20","date_gmt":"2024-03-13T09:57:20","guid":{"rendered":"https:\/\/moto-oprema.com\/Artikel\/mt-hemlets-thunder-4-sv-crne-mat\/"},"modified":"2024-03-13T09:57:20","modified_gmt":"2024-03-13T09:57:20","slug":"mt-hemlets-thunder-4-sv-crne-mat","status":"publish","type":"product","link":"https:\/\/moto-oprema.com\/hr\/Artikel\/mt-hemlets-thunder-4-sv-crne-mat\/","title":{"rendered":"MT HEMLETS THUNDER 4 SV CRNE MAT"},"content":{"rendered":"<p>Nova kaciga MT Thunder 4 SV uklju\u010duje u\u010dinkovit sustav ventilacije s usisima zraka sprijeda i ispuhom zraka straga, izra\u0111en od materijala optimalne kvalitete.<br \/>\n Originalna kaciga MT Thunder 4 SV s integriranim \u0161titnikom za sunce, koja uklju\u010duje vrlo \u0161iroki polikarbonatni zaslon otporan na ogrebotine, nudi iznimno vidno polje u polo\u017eaju za vo\u017enju. Sustav mehanizma vizira nove generacije omogu\u0107uje uklanjanje vizira bez alata. Vanjska \u0161koljka integralne motociklisti\u010dke kacige Thunder 4 SV izra\u0111ena je od HIRP-a (polimera visoke otpornosti na udarce), polimernog materijala koji kombinira najbolji omjer sigurnosti i te\u017eine te tako zadovoljava najnovije sigurnosne standarde ECE 22.06. Zatvaranje remena ove motociklisti\u010dke kacige osigurava MT-MDTC &#8211; mikrometrijsko zatvaranje s dvostrukim sustavom zadr\u017eavanja. Za dodatnu udobnost i prakti\u010dnost, tu je priprema za kori\u0161tenje komunikacijskog sustava i uklonjivo, perivo unutarnje punjenje.    <\/p>\n<p>Tehni\u010dki podaci:<\/p>\n<p>Kaciga za cijelo lice s mat zavr\u0161nom obradom<br \/>\n Vanjska \u0161koljka izra\u0111ena od laganog i otpornog HIRP materijala<br \/>\n Dvije veli\u010dine \u0161koljke za bolje pristajanje (jedna za veli\u010dine XS, S i M, a druga za veli\u010dine L, XL, 2XL i 3XL)<br \/>\n Kompatibilno sa sustavom Pinlock MaxVision<br \/>\n Ugra\u0111eni \u0161titnik za sunce otporan na ogrebotine<br \/>\n Mikrometrijski sustav zatvaranja<br \/>\n Antibakterijska i vatrootporna unutra\u0161njost<br \/>\n Unutarnje punjenje koje se mo\u017ee ukloniti i prati<br \/>\n Zadovoljava ECE R22.06 i DOT standarde.<br \/>\n Pribli\u017ena te\u017eina 1500 gr +\/- (te\u017eina mo\u017ee znatno varirati ovisno o veli\u010dini i ljusci)<\/p>\n","protected":false},"excerpt":{"rendered":"<p>Nova kaciga MT Thunder 4 SV uklju\u010duje u\u010dinkovit sustav ventilacije s usisima zraka sprijeda i ispuhom&#8230;<\/p>\n","protected":false},"featured_media":27296,"comment_status":"open","ping_status":"open","template":"","meta":{"_acf_changed":false},"brand":[3340],"gender":[],"product_brand":[],"product_cat":[1358,1356,1359],"product_tag":[],"class_list":{"0":"post-151478","1":"product","2":"type-product","3":"status-publish","4":"has-post-thumbnail","6":"brand-mt-hemlets-hr","7":"product_cat-kacige","8":"product_cat-motociklisticka-oprema","9":"product_cat-sastavni","10":"pa_size-l-hr","11":"pa_size-m-hr","12":"pa_size-s-hr","13":"pa_size-xl-hr","14":"pa_size-xs-hr","15":"pa_size-xxl-hr","17":"first","18":"instock","19":"sale","20":"taxable","21":"shipping-taxable","22":"purchasable","23":"product-type-variable"},"acf":[],"_links":{"self":[{"href":"https:\/\/moto-oprema.com\/hr\/wp-json\/wp\/v2\/product\/151478","targetHints":{"allow":["GET"]}}],"collection":[{"href":"https:\/\/moto-oprema.com\/hr\/wp-json\/wp\/v2\/product"}],"about":[{"href":"https:\/\/moto-oprema.com\/hr\/wp-json\/wp\/v2\/types\/product"}],"replies":[{"embeddable":true,"href":"https:\/\/moto-oprema.com\/hr\/wp-json\/wp\/v2\/comments?post=151478"}],"wp:featuredmedia":[{"embeddable":true,"href":"https:\/\/moto-oprema.com\/hr\/wp-json\/wp\/v2\/media\/27296"}],"wp:attachment":[{"href":"https:\/\/moto-oprema.com\/hr\/wp-json\/wp\/v2\/media?parent=151478"}],"wp:term":[{"taxonomy":"brand","embeddable":true,"href":"https:\/\/moto-oprema.com\/hr\/wp-json\/wp\/v2\/brand?post=151478"},{"taxonomy":"gender","embeddable":true,"href":"https:\/\/moto-oprema.com\/hr\/wp-json\/wp\/v2\/gender?post=151478"},{"taxonomy":"product_brand","embeddable":true,"href":"https:\/\/moto-oprema.com\/hr\/wp-json\/wp\/v2\/product_brand?post=151478"},{"taxonomy":"product_cat","embeddable":true,"href":"https:\/\/moto-oprema.com\/hr\/wp-json\/wp\/v2\/product_cat?post=151478"},{"taxonomy":"product_tag","embeddable":true,"href":"https:\/\/moto-oprema.com\/hr\/wp-json\/wp\/v2\/product_tag?post=151478"}],"curies":[{"name":"wp","href":"https:\/\/api.w.org\/{rel}","templated":true}]}}