{"id":151326,"date":"2024-11-27T13:44:29","date_gmt":"2024-11-27T13:44:29","guid":{"rendered":"https:\/\/moto-oprema.com\/Artikel\/airoh-twist-2-0-podizac-za-kacigu-azure\/"},"modified":"2024-11-27T13:44:29","modified_gmt":"2024-11-27T13:44:29","slug":"airoh-twist-2-0-podizac-za-kacigu-azure","status":"publish","type":"product","link":"https:\/\/moto-oprema.com\/hr\/Artikel\/airoh-twist-2-0-podizac-za-kacigu-azure\/","title":{"rendered":"AIROH TWIST 2.0 PODIZA\u010c ZA KACIGU AZURE"},"content":{"rendered":"<p>MX Twist je nova kaciga izra\u0111ena od HRT-a (visokootporne termoplastike), razvijena za najzahtjevnije voza\u010de. Iznimno lagana s odva\u017enim izgledom koji je stavlja u sredi\u0161te pozornosti. Unutarnja podstava je izuzetno prozra\u010dna te se mo\u017ee skinuti i prati.  <\/p>\n<p>Kaciga Twist tako\u0111er ima ugra\u0111eni filter za pra\u0161inu, \u0161to \u0107e vam biti posebno korisno u danima kada vozite bosi po terenskim stazama.<\/p>\n<p>Te\u017eina: 1240 g \u00b1 50 g<\/p>\n<\/p>\n<p>Materijal: Termoplastika, periva podstava.<\/p>\n","protected":false},"excerpt":{"rendered":"<p>MX Twist 2.0 je novi model kacige za 2020. godinu izra\u0111en od HRT termoplastike.<\/p>\n","protected":false},"featured_media":15849,"comment_status":"open","ping_status":"open","template":"","meta":{"_acf_changed":false},"brand":[2768],"gender":[],"product_brand":[],"product_cat":[2764,2733],"product_tag":[],"class_list":{"0":"post-151326","1":"product","2":"type-product","3":"status-publish","4":"has-post-thumbnail","6":"brand-airoh-hr","7":"product_cat-mx-kacige","8":"product_cat-oprema-za-motokros","9":"pa_size-l-hr","10":"pa_size-m-hr","11":"pa_size-s-hr","12":"pa_size-xl-hr","13":"pa_size-xs-hr","15":"first","16":"onbackorder","17":"sale","18":"taxable","19":"shipping-taxable","20":"purchasable","21":"product-type-variable"},"acf":[],"_links":{"self":[{"href":"https:\/\/moto-oprema.com\/hr\/wp-json\/wp\/v2\/product\/151326","targetHints":{"allow":["GET"]}}],"collection":[{"href":"https:\/\/moto-oprema.com\/hr\/wp-json\/wp\/v2\/product"}],"about":[{"href":"https:\/\/moto-oprema.com\/hr\/wp-json\/wp\/v2\/types\/product"}],"replies":[{"embeddable":true,"href":"https:\/\/moto-oprema.com\/hr\/wp-json\/wp\/v2\/comments?post=151326"}],"wp:featuredmedia":[{"embeddable":true,"href":"https:\/\/moto-oprema.com\/hr\/wp-json\/wp\/v2\/media\/15849"}],"wp:attachment":[{"href":"https:\/\/moto-oprema.com\/hr\/wp-json\/wp\/v2\/media?parent=151326"}],"wp:term":[{"taxonomy":"brand","embeddable":true,"href":"https:\/\/moto-oprema.com\/hr\/wp-json\/wp\/v2\/brand?post=151326"},{"taxonomy":"gender","embeddable":true,"href":"https:\/\/moto-oprema.com\/hr\/wp-json\/wp\/v2\/gender?post=151326"},{"taxonomy":"product_brand","embeddable":true,"href":"https:\/\/moto-oprema.com\/hr\/wp-json\/wp\/v2\/product_brand?post=151326"},{"taxonomy":"product_cat","embeddable":true,"href":"https:\/\/moto-oprema.com\/hr\/wp-json\/wp\/v2\/product_cat?post=151326"},{"taxonomy":"product_tag","embeddable":true,"href":"https:\/\/moto-oprema.com\/hr\/wp-json\/wp\/v2\/product_tag?post=151326"}],"curies":[{"name":"wp","href":"https:\/\/api.w.org\/{rel}","templated":true}]}}