{"id":151309,"date":"2024-11-28T09:43:25","date_gmt":"2024-11-28T09:43:25","guid":{"rendered":"https:\/\/moto-oprema.com\/Artikel\/alpinestars-vision-youth-hollow-mx-naocale-fluo\/"},"modified":"2024-11-28T09:43:25","modified_gmt":"2024-11-28T09:43:25","slug":"alpinestars-vision-youth-hollow-mx-naocale-fluo","status":"publish","type":"product","link":"https:\/\/moto-oprema.com\/hr\/Artikel\/alpinestars-vision-youth-hollow-mx-naocale-fluo\/","title":{"rendered":"ALPINESTARS VISION YOUTH HOLLOW MX NAO\u010cALE FLUO"},"content":{"rendered":"<p>Alpinestars Vision Youth nao\u010dale su savr\u0161ene trka\u0107e nao\u010dale, dizajnirane posebno za manje kacige i oblike lica. Va\u017enost pravilnog pristajanja nao\u010dala jednako je va\u017ena za mlade kao i za odrasle.  Vision Youth su u biti smanjena verzija nao\u010dala za odrasle, dijele\u0107i sve iste principe dizajna i materijale kao i njihova ve\u0107a bra\u0107a i sestre, sve do le\u0107a, ali su proporcionalno manje. Sveukupno, Vision Youth nao\u010dale su u istoj opti\u010dkoj klasi kao i Vision nao\u010dale za odrasle, ali su prikladne za mla\u0111e i\/ili manje voza\u010de. <\/p>\n<p>&nbsp;<\/p>\n<p>Vision Youth nao\u010dale su potpuno razvijene trka\u0107e nao\u010dale izra\u0111ene posebno za manje kacige i oblike lica. Va\u017enost pravilnog prilago\u0111avanja nao\u010dala jednako je va\u017ena u mladoj dobi kao i za odrasle. Vision Youth su u biti smanjena verzija nao\u010dala za odrasle koja ima sve iste principe dizajna i materijale kao i njihova ve\u0107a bra\u0107a, sve do le\u0107a, samo proporcionalno manje. Sveukupno, Vision Youth nao\u010dale su u istoj klasi opti\u010dkih performansi kao i linija nao\u010dala Vision za odrasle, ali odgovaraju mla\u0111im i\/ili manjim voza\u010dima.<\/p>\n","protected":false},"excerpt":{"rendered":"<p>Alpinestars Vision za\u0161titne nao\u010dale za mlade Boja: Tamnoplava\/Fluo \u017euta Le\u0107a: prozirna<\/p>\n","protected":false},"featured_media":32239,"comment_status":"open","ping_status":"closed","template":"","meta":{"_acf_changed":false},"brand":[2748],"gender":[2172],"product_brand":[],"product_cat":[3278,2733,2892],"product_tag":[],"class_list":{"0":"post-151309","1":"product","2":"type-product","3":"status-publish","4":"has-post-thumbnail","6":"brand-alpinestars-hr","7":"gender-unisex-hr","8":"product_cat-mx-naocale-hr","9":"product_cat-oprema-za-motokros","10":"product_cat-za-najmlade-hr","12":"first","13":"instock","14":"sale","15":"taxable","16":"shipping-taxable","17":"purchasable","18":"product-type-simple"},"acf":[],"_links":{"self":[{"href":"https:\/\/moto-oprema.com\/hr\/wp-json\/wp\/v2\/product\/151309","targetHints":{"allow":["GET"]}}],"collection":[{"href":"https:\/\/moto-oprema.com\/hr\/wp-json\/wp\/v2\/product"}],"about":[{"href":"https:\/\/moto-oprema.com\/hr\/wp-json\/wp\/v2\/types\/product"}],"replies":[{"embeddable":true,"href":"https:\/\/moto-oprema.com\/hr\/wp-json\/wp\/v2\/comments?post=151309"}],"wp:featuredmedia":[{"embeddable":true,"href":"https:\/\/moto-oprema.com\/hr\/wp-json\/wp\/v2\/media\/32239"}],"wp:attachment":[{"href":"https:\/\/moto-oprema.com\/hr\/wp-json\/wp\/v2\/media?parent=151309"}],"wp:term":[{"taxonomy":"brand","embeddable":true,"href":"https:\/\/moto-oprema.com\/hr\/wp-json\/wp\/v2\/brand?post=151309"},{"taxonomy":"gender","embeddable":true,"href":"https:\/\/moto-oprema.com\/hr\/wp-json\/wp\/v2\/gender?post=151309"},{"taxonomy":"product_brand","embeddable":true,"href":"https:\/\/moto-oprema.com\/hr\/wp-json\/wp\/v2\/product_brand?post=151309"},{"taxonomy":"product_cat","embeddable":true,"href":"https:\/\/moto-oprema.com\/hr\/wp-json\/wp\/v2\/product_cat?post=151309"},{"taxonomy":"product_tag","embeddable":true,"href":"https:\/\/moto-oprema.com\/hr\/wp-json\/wp\/v2\/product_tag?post=151309"}],"curies":[{"name":"wp","href":"https:\/\/api.w.org\/{rel}","templated":true}]}}