{"id":151293,"date":"2024-11-28T09:27:10","date_gmt":"2024-11-28T09:27:10","guid":{"rendered":"https:\/\/moto-oprema.com\/Artikel\/dainese-racing-5-zenska-kozna-jakna-crna-voda\/"},"modified":"2024-11-28T09:27:10","modified_gmt":"2024-11-28T09:27:10","slug":"dainese-racing-5-zenska-kozna-jakna-crna-voda","status":"publish","type":"product","link":"https:\/\/moto-oprema.com\/hr\/Artikel\/dainese-racing-5-zenska-kozna-jakna-crna-voda\/","title":{"rendered":"DAINESE RACING 5 \u017dENSKA KO\u017dNA JAKNA CRNA VODA"},"content":{"rendered":"<p>Najnovija evolucija najprodavanije Dainese Racing jakne, dizajnirane za sve motocikliste koji putuju po lijepom vremenu i ljeti, je \u017eenska ko\u017ena jakna Racing 5, motociklisti\u010dka jakna regularnog i sportskog kroja izra\u0111ena od fine Tutu kravlje ko\u017ee debljine 1,2 mm.<br \/>\n Fokus na ergonomiji doveo je do studija o polo\u017eajima vo\u017enje kako bi se usavr\u0161ili detalji osmi\u0161ljeni za smanjenje pritiska na vrat, poput Veloce Racing ovratnika, te kako bi se osigurala maksimalna udobnost i pokretljivost uklju\u010divanjem \u0161iroke dvoelasti\u010dne S1 tkanine i sustava za pode\u0161avanje na bokovima.<br \/>\n Udobnost vo\u017enje susre\u0107e vrhunsku za\u0161titu. Jakna Racing 5 s certifikatom EN 17092 klase AA ima kompozitne \u0161titnike na laktovima i ramenima s certifikatom CE razine 2, zamjenjive aluminijske umetke na ramenima za prirodnije klizanje u slu\u010daju pada i d\u017eep za \u0161titnike za le\u0111a i prsa tipa G.<br \/>\n Kao rezultat studija o pravilnom pristajanju, jakna se mo\u017ee udobno nositi preko Dainese Smart Air zra\u010dnog jastuka bez potrebe za kupnjom ve\u0107e veli\u010dine. Ispravno pristajanje rukava sprje\u010dava pomicanje \u0161titnika na pogre\u0161no mjesto tijekom pada, tako da je maksimalna za\u0161tita za voza\u010da uvijek zajam\u010dena. Osim toga, petlje kojima je Smart Air ure\u0111aj pri\u010dvr\u0161\u0107en na jaknu omogu\u0107uju voza\u010du da je obu\u010de i skida jednim pokretom, tako da zra\u010dni jastuk ispod jakne uvijek odr\u017eava ispravan polo\u017eaj.<br \/>\n Razina funkcionalnosti ovog odjevnog predmeta u svim vremenskim uvjetima pobolj\u0161ana je prakti\u010dnim unutarnjim vodootpornim d\u017eepom u kojem biciklisti mogu pohraniti svoje elektroni\u010dke ure\u0111aje u slu\u010daju lo\u0161eg vremena, kao i otvorima na prsima i patentnim zatvara\u010dima za odvod zraka sa strane u slu\u010daju vo\u017enje na visokim temperaturama.    <\/p>\n<p>Zna\u010dajke:<\/p>\n<p>izra\u0111ena od S1 bielasti\u010dne tkanine i pune gove\u0111e ko\u017ee<br \/>\n 2 unutarnja d\u017eepa i 2 vanjska d\u017eepa<br \/>\n Torba za naknadnu ugradnju \u0161titnika za le\u0111a G1 ili G2<br \/>\n reflektiraju\u0107i umetci<br \/>\n Sustav za pri\u010dvr\u0161\u0107ivanje jakne i hla\u010da<br \/>\n Mogu\u0107nosti pode\u0161avanja na vratu i struku<br \/>\n Prozra\u010dna podstava Nanofeel\u00ae s tretmanom od ionima srebra<br \/>\n Zajedni\u010dko ubrizgana ramena s aluminijskim umetkom<br \/>\n uklonjivi kompozitni \u0161titnici na ramenima i laktovima (EN 1621.1)<br \/>\n zamjenjiva aluminijska plo\u010da za ramena<\/p>\n<p>Dizajnirano za no\u0161enje na sustavu zra\u010dnih jastuka Smart Air\u2122<\/p>\n<p>Sastav sirovine: 100% ko\u017ea<\/p>\n","protected":false},"excerpt":{"rendered":"<p>Najnovija evolucija najprodavanije Dainese Racing jakne, dizajnirane za sve motocikliste koji putuju po lijepom vremenu i&#8230;<\/p>\n","protected":false},"featured_media":32215,"comment_status":"open","ping_status":"open","template":"","meta":{"_acf_changed":false},"brand":[2800],"gender":[1314],"product_brand":[],"product_cat":[2759,2915,1356],"product_tag":[],"class_list":{"0":"post-151293","1":"product","2":"type-product","3":"status-publish","4":"has-post-thumbnail","6":"brand-dainese-hr","7":"gender-zenska","8":"product_cat-jakne-hr","9":"product_cat-kozne-jakne","10":"product_cat-motociklisticka-oprema","11":"pa_size-38-hr","12":"pa_size-40-hr","13":"pa_size-42-hr","14":"pa_size-44-hr","15":"pa_size-46-hr","16":"pa_size-48-hr","18":"first","19":"instock","20":"sale","21":"taxable","22":"shipping-taxable","23":"purchasable","24":"product-type-variable"},"acf":[],"_links":{"self":[{"href":"https:\/\/moto-oprema.com\/hr\/wp-json\/wp\/v2\/product\/151293","targetHints":{"allow":["GET"]}}],"collection":[{"href":"https:\/\/moto-oprema.com\/hr\/wp-json\/wp\/v2\/product"}],"about":[{"href":"https:\/\/moto-oprema.com\/hr\/wp-json\/wp\/v2\/types\/product"}],"replies":[{"embeddable":true,"href":"https:\/\/moto-oprema.com\/hr\/wp-json\/wp\/v2\/comments?post=151293"}],"wp:featuredmedia":[{"embeddable":true,"href":"https:\/\/moto-oprema.com\/hr\/wp-json\/wp\/v2\/media\/32215"}],"wp:attachment":[{"href":"https:\/\/moto-oprema.com\/hr\/wp-json\/wp\/v2\/media?parent=151293"}],"wp:term":[{"taxonomy":"brand","embeddable":true,"href":"https:\/\/moto-oprema.com\/hr\/wp-json\/wp\/v2\/brand?post=151293"},{"taxonomy":"gender","embeddable":true,"href":"https:\/\/moto-oprema.com\/hr\/wp-json\/wp\/v2\/gender?post=151293"},{"taxonomy":"product_brand","embeddable":true,"href":"https:\/\/moto-oprema.com\/hr\/wp-json\/wp\/v2\/product_brand?post=151293"},{"taxonomy":"product_cat","embeddable":true,"href":"https:\/\/moto-oprema.com\/hr\/wp-json\/wp\/v2\/product_cat?post=151293"},{"taxonomy":"product_tag","embeddable":true,"href":"https:\/\/moto-oprema.com\/hr\/wp-json\/wp\/v2\/product_tag?post=151293"}],"curies":[{"name":"wp","href":"https:\/\/api.w.org\/{rel}","templated":true}]}}