{"id":151254,"date":"2024-11-27T12:59:40","date_gmt":"2024-11-27T12:59:40","guid":{"rendered":"https:\/\/moto-oprema.com\/Artikel\/fox-raceframe-impact-sb-ce-d3o-zastita-tijela\/"},"modified":"2024-11-27T12:59:40","modified_gmt":"2024-11-27T12:59:40","slug":"fox-raceframe-impact-sb-ce-d3o-zastita-tijela","status":"publish","type":"product","link":"https:\/\/moto-oprema.com\/hr\/Artikel\/fox-raceframe-impact-sb-ce-d3o-zastita-tijela\/","title":{"rendered":"FOX RACEFRAME IMPACT SB CE D3O ZA\u0160TITA TIJELA"},"content":{"rendered":"<p>Fox Raceframe Softback \u0161titnik za tijelo nudi za\u0161titu za prsa i le\u0111a. Njegov tanak dizajn savr\u0161eno pristaje tijelu i omogu\u0107uje glatku vo\u017enju. Plasti\u010dni prsa i F3 podesivi le\u0111a. Pogodan za kori\u0161tenje preko ili ispod dresa.   <\/p>\n<ul>\n<li>CE EN 1621-2 RAZINA 1 razina za\u0161tite na le\u0111ima<\/li>\n<li>CE prEN 1621-3 RAZINA 1 za\u0161tita na prsima<\/li>\n<li>D3O\u00ae ulo\u017eak osigurava savr\u0161eno pristajanje i pru\u017ea za\u0161titu od udara na le\u0111ima<\/li>\n<li>Vuk se potpuno prilago\u0111ava le\u0111ima koriste\u0107i tjelesnu temperaturu<\/li>\n<li>Uklonjive unutarnje obloge na prsima omogu\u0107uju jo\u0161 bli\u017ee prianjanje uz tijelo<\/li>\n<li>podesiva duljina naramenica i bo\u010dnih naramenica<\/li>\n<\/ul>\n","protected":false},"excerpt":{"rendered":"<p>Fox Raceframe Softback \u0161titnik za tijelo nudi za\u0161titu za prsa i le\u0111a. Njegov tanak dizajn savr\u0161eno&#8230;<\/p>\n","protected":false},"featured_media":12517,"comment_status":"open","ping_status":"open","template":"","meta":{"_acf_changed":false},"brand":[2738],"gender":[],"product_brand":[],"product_cat":[2890,2739,2733],"product_tag":[],"class_list":{"0":"post-151254","1":"product","2":"type-product","3":"status-publish","4":"has-post-thumbnail","6":"brand-fox-hr","7":"product_cat-mx-stitnici-za-tijelo","8":"product_cat-mx-stitovi","9":"product_cat-oprema-za-motokros","10":"pa_size-l-xl-hr","11":"pa_size-sm","13":"first","14":"onbackorder","15":"taxable","16":"shipping-taxable","17":"purchasable","18":"product-type-variable"},"acf":[],"_links":{"self":[{"href":"https:\/\/moto-oprema.com\/hr\/wp-json\/wp\/v2\/product\/151254","targetHints":{"allow":["GET"]}}],"collection":[{"href":"https:\/\/moto-oprema.com\/hr\/wp-json\/wp\/v2\/product"}],"about":[{"href":"https:\/\/moto-oprema.com\/hr\/wp-json\/wp\/v2\/types\/product"}],"replies":[{"embeddable":true,"href":"https:\/\/moto-oprema.com\/hr\/wp-json\/wp\/v2\/comments?post=151254"}],"wp:featuredmedia":[{"embeddable":true,"href":"https:\/\/moto-oprema.com\/hr\/wp-json\/wp\/v2\/media\/12517"}],"wp:attachment":[{"href":"https:\/\/moto-oprema.com\/hr\/wp-json\/wp\/v2\/media?parent=151254"}],"wp:term":[{"taxonomy":"brand","embeddable":true,"href":"https:\/\/moto-oprema.com\/hr\/wp-json\/wp\/v2\/brand?post=151254"},{"taxonomy":"gender","embeddable":true,"href":"https:\/\/moto-oprema.com\/hr\/wp-json\/wp\/v2\/gender?post=151254"},{"taxonomy":"product_brand","embeddable":true,"href":"https:\/\/moto-oprema.com\/hr\/wp-json\/wp\/v2\/product_brand?post=151254"},{"taxonomy":"product_cat","embeddable":true,"href":"https:\/\/moto-oprema.com\/hr\/wp-json\/wp\/v2\/product_cat?post=151254"},{"taxonomy":"product_tag","embeddable":true,"href":"https:\/\/moto-oprema.com\/hr\/wp-json\/wp\/v2\/product_tag?post=151254"}],"curies":[{"name":"wp","href":"https:\/\/api.w.org\/{rel}","templated":true}]}}