{"id":151227,"date":"2024-08-06T08:17:37","date_gmt":"2024-08-06T08:17:37","guid":{"rendered":"https:\/\/moto-oprema.com\/Artikel\/alpinestars-rk-1-plazma-ortoza-za-koljeno-crno-crvena\/"},"modified":"2024-08-06T08:17:37","modified_gmt":"2024-08-06T08:17:37","slug":"alpinestars-rk-1-plazma-ortoza-za-koljeno-crno-crvena","status":"publish","type":"product","link":"https:\/\/moto-oprema.com\/hr\/Artikel\/alpinestars-rk-1-plazma-ortoza-za-koljeno-crno-crvena\/","title":{"rendered":"ALPINESTARS RK-1 PLAZMA ORTOZA ZA KOLJENO CRNO-CRVENA"},"content":{"rendered":"<p>Alpinestars RK-1 Plasma ortoza za koljeno<\/p>\n<p>RK-1 PLASMA \u0161titnik za koljeno anatomski je oblikovan i prikladan za sve vrste terenske vo\u017enje. Dizajniran je da udobno podupire koljeno, a istovremeno je lagan, prozra\u010dan i za\u0161titni. Nucleon PLASMA \u0161titnik za koljeno ugra\u0111en je u inovativnu hibridnu konstrukciju okvira koja se sastoji od fleksibilnog kompozitnog materijala ubrizganog na visokou\u010dinkovitu mje\u0161avinu polimera, \u0161to pru\u017ea izvrsnu krutost okvira, a istovremeno je fleksibilan na vrhu i dnu remena.  <\/p>\n<p>Zna\u010dajke:<\/p>\n<p>Ova koljenasta ortoza pru\u017ea optimalnu strukturnu cjelovitost i potporu, a istovremeno je izuzetno lagana i fleksibilna. To smanjuje rizik od ozljede medijalnih i lateralnih kolateralnih ligamenata, prednjih i stra\u017enjih kri\u017enih ligamenata te lateralnog i medijalnog meniskusa.<br \/>\nZamjenjivi, trodijelni \u0161titnici za koljena sastoje se od vanjske ljuske od poliuretana s Nucleon PLASMA za\u0161titnim slojem, koji pru\u017ea optimalnu kombinaciju za\u0161tite od udaraca, fleksibilnosti i otpornosti na ogrebotine.<br \/>\nSamocentriraju\u0107a za\u0161tita za koljeno i strate\u0161ki postavljeni gornji i donji produ\u017eeci za koljeno pru\u017eaju maksimalnu pokrivenost bez obzira na kut fleksije ili ekstenzije<br \/>\nIznimno stabilan, tanak sustav \u0161arnira s \u010detiri to\u010dke savr\u0161eno se prilago\u0111ava savijanju koljena, dok produ\u017eeci, dostupni u rasponu od 0 do 30 stupnjeva, poma\u017eu u postavljanju \u0161titnika za koljeno na \u017eeljeni maksimalni kut otvaranja.<br \/>\n\u010cahure od nehr\u0111aju\u0107eg \u010delika sustava \u0161arnira s \u010detiri to\u010dke tretirane su protiv oksidacije<br \/>\nNucleon PLASMA je viskoelasti\u010dni materijal razvijen od biopolimera i oblikovan u strukturu koja je fleksibilna u svim smjerovima, a istovremeno ima sposobnost raspr\u0161ivanja energije udara. Lagani i dobro prozra\u010deni \u0161titnik za koljena pru\u017ea sna\u017enu raspodjelu i apsorpciju sila udara, a istovremeno pru\u017ea maksimalnu pokrivenost u svim polo\u017eajima vo\u017enje.<br \/>\nSredi\u0161nje kop\u010de na unutarnjoj strani koljena nalaze se unutar okvira kako bi se izbjegao kontakt s motociklom<br \/>\n\u0160titnik za koljena Nucleon PLASMA ugra\u0111en je u inovativnu hibridnu konstrukciju okvira koja se sastoji od fleksibilnog kompozitnog materijala ubrizganog na visokou\u010dinkovitu mje\u0161avinu polimera, \u0161to pru\u017ea izvrsnu krutost okvira, a istovremeno ostaje fleksibilan na vrhu i dnu remena.<br \/>\nZamjenjivi, trodijelni \u0161titnici za koljena sastoje se od poliuretanske vanjske ljuske s Nucleon PLASMA za\u0161titom, koja pru\u017ea optimalnu kombinaciju za\u0161tite od udaraca, fleksibilnosti i otpornosti na ogrebotine.<br \/>\nIzra\u0111eno od ekolo\u0161ki prihvatljivog i odr\u017eivog materijala koji apsorbira udarce<br \/>\nMekana, termoformirana podstava osigurava maksimalnu udobnost voza\u010da i dr\u017ei jastu\u010di\u0107e za koljena sigurno na mjestu. Zamjenjiva kao rezervni dio.<br \/>\nMekani, termoformirani kondilarni jastu\u010di\u0107 dostupan je u razli\u010ditim debljinama za prilago\u0111eno pristajanje. Zamjenjiv kao rezervni dio.<br \/>\n Opremljen s \u010detiri pojedina\u010dna remena oblo\u017eena neklizaju\u0107im materijalom kako bi \u0161titnik za koljena sigurno pri\u010dvr\u0161\u0107en tijekom vo\u017enje.<br \/>\n Kop\u010de visoke \u010dvrsto\u0107e su robusne, ali fleksibilne, \u0161to ih \u010dini jednostavnim za stavljanje i pode\u0161avanje<br \/>\n Sredi\u0161nje kop\u010de mogu se lako zaklju\u010dati u zatvorenom polo\u017eaju pomo\u0107u sustava zasuna s klju\u010daonicom<br \/>\n Sredi\u0161nje kop\u010de na unutarnjoj strani koljena nalaze se unutar okvira kako bi se izbjegao kontakt s motociklom<br \/>\n Tehni\u010dki podaci: <\/p>\n<p>Izmjenjive, trodijelne poliuretanske \u0161koljke za koljena opremljene su Nucleon PLASMA za\u0161titom, koja pru\u017ea optimalnu kombinaciju za\u0161tite od udaraca, fleksibilnosti i otpornosti na ogrebotine.<br \/>\n Za\u0161tita za koljena: EN 1621-1:2012, razina 1<\/p>\n","protected":false},"excerpt":{"rendered":"<p>Alpinestars RK-1 Plasma ortoza za koljeno RK-1 PLASMA \u0161titnik za koljeno anatomski je oblikovan i prikladan&#8230;<\/p>\n","protected":false},"featured_media":29516,"comment_status":"open","ping_status":"open","template":"","meta":{"_acf_changed":false},"brand":[2748],"gender":[],"product_brand":[],"product_cat":[2970,2739,2733],"product_tag":[],"class_list":{"0":"post-151227","1":"product","2":"type-product","3":"status-publish","4":"has-post-thumbnail","6":"brand-alpinestars-hr","7":"product_cat-mx-stitnici-za-koljena","8":"product_cat-mx-stitovi","9":"product_cat-oprema-za-motokros","10":"pa_size-l-hr","11":"pa_size-m-hr","12":"pa_size-s-hr","13":"pa_size-xl-hr","15":"first","16":"instock","17":"sale","18":"taxable","19":"shipping-taxable","20":"purchasable","21":"product-type-variable"},"acf":[],"_links":{"self":[{"href":"https:\/\/moto-oprema.com\/hr\/wp-json\/wp\/v2\/product\/151227","targetHints":{"allow":["GET"]}}],"collection":[{"href":"https:\/\/moto-oprema.com\/hr\/wp-json\/wp\/v2\/product"}],"about":[{"href":"https:\/\/moto-oprema.com\/hr\/wp-json\/wp\/v2\/types\/product"}],"replies":[{"embeddable":true,"href":"https:\/\/moto-oprema.com\/hr\/wp-json\/wp\/v2\/comments?post=151227"}],"wp:featuredmedia":[{"embeddable":true,"href":"https:\/\/moto-oprema.com\/hr\/wp-json\/wp\/v2\/media\/29516"}],"wp:attachment":[{"href":"https:\/\/moto-oprema.com\/hr\/wp-json\/wp\/v2\/media?parent=151227"}],"wp:term":[{"taxonomy":"brand","embeddable":true,"href":"https:\/\/moto-oprema.com\/hr\/wp-json\/wp\/v2\/brand?post=151227"},{"taxonomy":"gender","embeddable":true,"href":"https:\/\/moto-oprema.com\/hr\/wp-json\/wp\/v2\/gender?post=151227"},{"taxonomy":"product_brand","embeddable":true,"href":"https:\/\/moto-oprema.com\/hr\/wp-json\/wp\/v2\/product_brand?post=151227"},{"taxonomy":"product_cat","embeddable":true,"href":"https:\/\/moto-oprema.com\/hr\/wp-json\/wp\/v2\/product_cat?post=151227"},{"taxonomy":"product_tag","embeddable":true,"href":"https:\/\/moto-oprema.com\/hr\/wp-json\/wp\/v2\/product_tag?post=151227"}],"curies":[{"name":"wp","href":"https:\/\/api.w.org\/{rel}","templated":true}]}}