{"id":151162,"date":"2024-03-12T10:27:03","date_gmt":"2024-03-12T10:27:03","guid":{"rendered":"https:\/\/moto-oprema.com\/Artikel\/airoh-twist-3-0-mx-kaciga-rainbow\/"},"modified":"2024-03-12T10:27:03","modified_gmt":"2024-03-12T10:27:03","slug":"airoh-twist-3-0-mx-kaciga-rainbow","status":"publish","type":"product","link":"https:\/\/moto-oprema.com\/hr\/Artikel\/airoh-twist-3-0-mx-kaciga-rainbow\/","title":{"rendered":"AIROH TWIST 3.0 MX KACIGA RAINBOW"},"content":{"rendered":"<p>Kaciga Airoh Twist 3 ima dvostruku HRT \u0161koljku s optimiziranim sustavom ventilacije koji omogu\u0107uje udobno kori\u0161tenje \u010dak i u najzahtjevnijim uvjetima. Njezin izgled je potpuno redizajniran i obnovljen, ne samo na estetskoj razini, ve\u0107 i s funkcionalnog i tehnolo\u0161kog gledi\u0161ta.  Smjele i agresivne linije savr\u0161eno se sla\u017eu s ASN i AEFR sustavima te su spremne za Bluetooth komunikacijske sustave. Sve \u0161to trebate u\u010diniti je zatvoriti dvostruki D prsten i u\u017eivati u svojoj sljede\u0107oj avanturi u potpunosti. <\/p>\n<p>Zna\u010dajke:<\/p>\n<p>ASN (Airoh klizna mre\u017ea)<br \/>\n AEFR (Airoh brzo otpu\u0161tanje u nu\u017edi)<br \/>\n Spremno za Bluetooth<br \/>\n Specifikacije: &#8211; Ugra\u0111en je u Airoha sustav, koji je opremljen sustavom za\u0161tite od vjetra:<\/p>\n<p>Veli\u010dina: XS &#8211; XXL<br \/>\n Te\u017eina: 1380 g (+\/- 50 g)<br \/>\n Materijal: HRT (termoplastika visoke otpornosti)<br \/>\n Zatvaranje: Dvostruko D<br \/>\n ECE: 22.06<\/p>\n","protected":false},"excerpt":{"rendered":"<p>Kaciga Airoh Twist 3 ima dvostruku HRT \u0161koljku s optimiziranim sustavom ventilacije koji omogu\u0107uje udobno kori\u0161tenje&#8230;<\/p>\n","protected":false},"featured_media":151165,"comment_status":"open","ping_status":"closed","template":"","meta":{"_acf_changed":false},"brand":[2768],"gender":[],"product_brand":[],"product_cat":[2764,2733],"product_tag":[],"class_list":{"0":"post-151162","1":"product","2":"type-product","3":"status-publish","4":"has-post-thumbnail","6":"brand-airoh-hr","7":"product_cat-mx-kacige","8":"product_cat-oprema-za-motokros","9":"pa_size-l-hr","10":"pa_size-m-hr","11":"pa_size-s-hr","12":"pa_size-xl-hr","13":"pa_size-xs-hr","14":"pa_size-xxl-hr","16":"first","17":"instock","18":"sale","19":"taxable","20":"shipping-taxable","21":"purchasable","22":"product-type-variable"},"acf":[],"_links":{"self":[{"href":"https:\/\/moto-oprema.com\/hr\/wp-json\/wp\/v2\/product\/151162","targetHints":{"allow":["GET"]}}],"collection":[{"href":"https:\/\/moto-oprema.com\/hr\/wp-json\/wp\/v2\/product"}],"about":[{"href":"https:\/\/moto-oprema.com\/hr\/wp-json\/wp\/v2\/types\/product"}],"replies":[{"embeddable":true,"href":"https:\/\/moto-oprema.com\/hr\/wp-json\/wp\/v2\/comments?post=151162"}],"wp:featuredmedia":[{"embeddable":true,"href":"https:\/\/moto-oprema.com\/hr\/wp-json\/wp\/v2\/media\/151165"}],"wp:attachment":[{"href":"https:\/\/moto-oprema.com\/hr\/wp-json\/wp\/v2\/media?parent=151162"}],"wp:term":[{"taxonomy":"brand","embeddable":true,"href":"https:\/\/moto-oprema.com\/hr\/wp-json\/wp\/v2\/brand?post=151162"},{"taxonomy":"gender","embeddable":true,"href":"https:\/\/moto-oprema.com\/hr\/wp-json\/wp\/v2\/gender?post=151162"},{"taxonomy":"product_brand","embeddable":true,"href":"https:\/\/moto-oprema.com\/hr\/wp-json\/wp\/v2\/product_brand?post=151162"},{"taxonomy":"product_cat","embeddable":true,"href":"https:\/\/moto-oprema.com\/hr\/wp-json\/wp\/v2\/product_cat?post=151162"},{"taxonomy":"product_tag","embeddable":true,"href":"https:\/\/moto-oprema.com\/hr\/wp-json\/wp\/v2\/product_tag?post=151162"}],"curies":[{"name":"wp","href":"https:\/\/api.w.org\/{rel}","templated":true}]}}