{"id":151058,"date":"2024-03-07T09:21:41","date_gmt":"2024-03-07T09:21:41","guid":{"rendered":"https:\/\/moto-oprema.com\/Artikel\/kaciga-alpinestars-supertech-r10-crna-karbon-crvena-bijela\/"},"modified":"2024-03-07T09:21:41","modified_gmt":"2024-03-07T09:21:41","slug":"kaciga-alpinestars-supertech-r10-crna-karbon-crvena-bijela","status":"publish","type":"product","link":"https:\/\/moto-oprema.com\/hr\/Artikel\/kaciga-alpinestars-supertech-r10-crna-karbon-crvena-bijela\/","title":{"rendered":"KACIGA ALPINESTARS SUPERTECH R10 CRNA KARBON CRVENA BIJELA"},"content":{"rendered":"<p>Alpinestars Supertech R10 karbonska kaciga<\/p>\n<p>Dizajnirano i razvijeno za profesionalne MotoGP sporta\u0161e koji \u017eele voziti br\u017ee i biti za\u0161ti\u0107eni.<\/p>\n<p>Smanjenjem otpora i pru\u017eanjem optimalne aerodinami\u010dke stabilnosti, upravljanjem zrakom unutar i izvan kacige te pru\u017eanjem udobnog i fleksibilnog prianjanja, S-R10 pobolj\u0161ava cjelokupno iskustvo utrkivanja i sportske vo\u017enje. Alpinestars Supertech R10 je vrhunac Alpinestarsovih trka\u0107ih kaciga. <\/p>\n<p>Zna\u010dajke:<\/p>\n<p>Optimizirani dizajn pre\u010dke za bradu za maksimalnu za\u0161titu klju\u010dne kosti<br \/>\nOsim aerodinami\u010dne \u0161koljke optimizirane za otpor zraka, kaciga je dizajnirana i s udubljenjem u podru\u010dju klju\u010dne kosti, \u0161to pru\u017ea mek\u0161i volumen u slu\u010daju kontakta s tijelom.<br \/>\nZa\u0161titna \u0161ipka za bradu ima lagan i izdr\u017eljiv profil koji \u0161titi vrh voza\u010deve brade<br \/>\nVi\u0161eslojna kompozitna konstrukcija spojena naprednom epoksidnom smolom koja pru\u017ea \u010dvrsto\u0107u, mehani\u010dke performanse i omjer te\u017eine<br \/>\nVanjski i unutarnji dizajn te gusto\u0107a materijala optimizirani su za maksimalnu za\u0161titu od udaraca s linearnim i kutnim ubrzanjem.<br \/>\nCijeli oblik kacige dizajniran je za aerodinami\u010dku u\u010dinkovitost i stabilnost; trka\u0107i spojler i krilca smanjuju otpor zraka za dodatnih 4,54%.<br \/>\nMehanizam vizira opremljen je metalnim polugama za zaklju\u010davanje koje sprje\u010davaju slu\u010dajno otpu\u0161tanje vizira tijekom trzaja i zaklju\u010davaju se u zatvorenom polo\u017eaju prednjom metalnom kukom.<br \/>\nSustav brzog otpu\u0161tanja omogu\u0107uje brzu i jednostavnu zamjenu vizira<br \/>\nIznimno \u0161iroko vidno polje (220\u00b0 bo\u010dno vidno polje i 57\u00b0 vertikalno vidno polje)<br \/>\nVizir je spreman za Pinlock<br \/>\nVizir je spreman za folije za otkidanje<br \/>\n11 ventilacijskih otvora (ventilacija brade, gornja ventilacija, stra\u017enji spojler)<br \/>\nEPS pjena je razvijena kako bi apsorbirala udarce to\u010dno tamo gdje je potrebno<br \/>\nA-Head: EPS je opremljen patentiranim sustavom za pode\u0161avanje visine i kuta A-Head, koji je razvio Alpinestars i koji je izvorno uspje\u0161no kori\u0161ten u motokros kacigi S-M10, kako bi se proizvod precizno prilagodio voza\u010devim preferencijama u pogledu visine i kuta pod kojim kaciga sjedi na glavi.<br \/>\nVisokokvalitetna unutarnja podstava (uklonjiva i periva)<br \/>\nspreman za hidratacijski sustav<br \/>\nSustav za uklanjanje u nu\u017edi: sigurno i jednostavno uklanjanje jastu\u010di\u0107a za obraze dok je kaciga jo\u0161 na glavi<br \/>\nTehni\u010dki podaci:<\/p>\n<ul>\n<li>Vanjska \u0161koljka od karbonskih vlakana<\/li>\n<li>EPS unutarnja \u0161koljka<\/li>\n<li>Dvostruki D prsten<\/li>\n<li>ECE 22.06<\/li>\n<li>TO\u010cKA<\/li>\n<li>FIM<\/li>\n<li>Te\u017eina: 1540 g +\/-50 g (veli\u010dina M)<\/li>\n<\/ul>\n<p>Uklju\u010deno u isporuku:<\/p>\n<p>Uklju\u010deno: 1x Alpinestars Supertech R10 Carbon kaciga<br \/>\n 1x vizir, tamno zatamnjen 1x prozirni vizir<br \/>\n 1x Pinlock<br \/>\n 1x vodi\u010d za disanje<br \/>\n uklju\u010duju\u0107i folije za otkidanje<\/p>\n","protected":false},"excerpt":{"rendered":"<p>Alpinestars Supertech R10 karbonska kaciga Dizajnirano i razvijeno za profesionalne MotoGP sporta\u0161e koji \u017eele voziti br\u017ee&#8230;<\/p>\n","protected":false},"featured_media":151060,"comment_status":"open","ping_status":"closed","template":"","meta":{"_acf_changed":false},"brand":[2748],"gender":[2172],"product_brand":[],"product_cat":[1358,1356,1359],"product_tag":[],"class_list":{"0":"post-151058","1":"product","2":"type-product","3":"status-publish","4":"has-post-thumbnail","6":"brand-alpinestars-hr","7":"gender-unisex-hr","8":"product_cat-kacige","9":"product_cat-motociklisticka-oprema","10":"product_cat-sastavni","11":"pa_size-l-hr","12":"pa_size-m-hr","13":"pa_size-s-hr","14":"pa_size-xl-hr","15":"pa_size-xs-hr","16":"pa_size-xxl-hr","18":"first","19":"instock","20":"taxable","21":"shipping-taxable","22":"purchasable","23":"product-type-variable"},"acf":[],"_links":{"self":[{"href":"https:\/\/moto-oprema.com\/hr\/wp-json\/wp\/v2\/product\/151058","targetHints":{"allow":["GET"]}}],"collection":[{"href":"https:\/\/moto-oprema.com\/hr\/wp-json\/wp\/v2\/product"}],"about":[{"href":"https:\/\/moto-oprema.com\/hr\/wp-json\/wp\/v2\/types\/product"}],"replies":[{"embeddable":true,"href":"https:\/\/moto-oprema.com\/hr\/wp-json\/wp\/v2\/comments?post=151058"}],"wp:featuredmedia":[{"embeddable":true,"href":"https:\/\/moto-oprema.com\/hr\/wp-json\/wp\/v2\/media\/151060"}],"wp:attachment":[{"href":"https:\/\/moto-oprema.com\/hr\/wp-json\/wp\/v2\/media?parent=151058"}],"wp:term":[{"taxonomy":"brand","embeddable":true,"href":"https:\/\/moto-oprema.com\/hr\/wp-json\/wp\/v2\/brand?post=151058"},{"taxonomy":"gender","embeddable":true,"href":"https:\/\/moto-oprema.com\/hr\/wp-json\/wp\/v2\/gender?post=151058"},{"taxonomy":"product_brand","embeddable":true,"href":"https:\/\/moto-oprema.com\/hr\/wp-json\/wp\/v2\/product_brand?post=151058"},{"taxonomy":"product_cat","embeddable":true,"href":"https:\/\/moto-oprema.com\/hr\/wp-json\/wp\/v2\/product_cat?post=151058"},{"taxonomy":"product_tag","embeddable":true,"href":"https:\/\/moto-oprema.com\/hr\/wp-json\/wp\/v2\/product_tag?post=151058"}],"curies":[{"name":"wp","href":"https:\/\/api.w.org\/{rel}","templated":true}]}}