{"id":151005,"date":"2024-11-28T11:14:53","date_gmt":"2024-11-28T11:14:53","guid":{"rendered":"https:\/\/moto-oprema.com\/Artikel\/alpinestars-vision-5-corp-mx-naocale-crveno-bijelo-plavo\/"},"modified":"2024-11-28T11:14:53","modified_gmt":"2024-11-28T11:14:53","slug":"alpinestars-vision-5-corp-mx-naocale-crveno-bijelo-plavo","status":"publish","type":"product","link":"https:\/\/moto-oprema.com\/hr\/Artikel\/alpinestars-vision-5-corp-mx-naocale-crveno-bijelo-plavo\/","title":{"rendered":"ALPINESTARS VISION 5 CORP MX NAO\u010cALE CRVENO BIJELO PLAVO"},"content":{"rendered":"<p>Prepoznate od strane profesionalnih voza\u010da, uklju\u010duju\u0107i Huntera Lawrencea, zbog svog iznimnog pristajanja i osje\u0107aja, nao\u010dale Alpinestars Vision 5 su ultimativne nao\u010dale za sve razine. S laganim, ultrafleksibilnim okvirom od A-FLEX uretana, vi\u0161eslojnom pjenom za lice debljine 17 mm i integriranim RAM-AIR sustavom ventilacije, ove opcije nao\u010dala pru\u017eaju neusporedive performanse. Bez obzira utrkujete li se na stadionu Anaheim, istra\u017eujete li lokalnu stazu ili vozite u svom dvori\u0161tu, Vision 5 \u0107e sigurno postati va\u0161 izbor.  <\/p>\n<p>Hvaljene zbog iznimnog pristajanja i osje\u0107aja od strane profesionalnih voza\u010da, uklju\u010duju\u0107i Huntera Lawrencea, nao\u010dale Vision 5 vrhunske su u klasi za sve razine. S laganim, ultra-savitljivim uretanskim A-FLEX okvirom, vi\u0161eslojnom pjenom za lice debljine 17 mm i integriranim RAM-AIR sustavom ventilacije, ove nao\u010dale nude neusporedive performanse. Bez obzira utrkujete li se na stadionu Anaheim, istra\u017eujete li lokalne staze ili vozite u svom dvori\u0161tu, nao\u010dale Vision 5 sigurno \u0107e postati omiljene.  <\/p>\n<p>Die Vision 5 Goggles, die von Profi-Fahrern wie Hunter Lawrence f\u00fcr ihre extraordinary Fitform und ihr Tragegef\u00fchl gelobt werden, sind Spitzenprodukte f\u00fcr alle Leistungsstufen. Mit ihrem leichten, ultraflexible A-FLEX-Rahmen aus Urethan, dem 17 mm deblje, mehrstufigen Gesichtsschaum und dem integrirani RAM-AIR-Bel\u00fcftungssystem biet diese Brille unvergleichliche Leistung. Egal, ob du im Anaheim Stadium Rennen f\u00e4hrst, die \u00f6rtliche Trails erkundest oder in deinem Hinterhof f\u00e4hrst, die Vision 5 Goggles werden mit Sicherheit zu deinen Favoriten geh\u00f6ren.<\/p>\n","protected":false},"excerpt":{"rendered":"<p>Vision 5 Corp nao\u010dale Boja: Crvena\/Bijela\/Plava Le\u0107a: Prozirna<\/p>\n","protected":false},"featured_media":32311,"comment_status":"open","ping_status":"closed","template":"","meta":{"_acf_changed":false},"brand":[2748],"gender":[2172],"product_brand":[],"product_cat":[2861,2733],"product_tag":[],"class_list":{"0":"post-151005","1":"product","2":"type-product","3":"status-publish","4":"has-post-thumbnail","6":"brand-alpinestars-hr","7":"gender-unisex-hr","8":"product_cat-mx-naocale","9":"product_cat-oprema-za-motokros","11":"first","12":"instock","13":"sale","14":"taxable","15":"shipping-taxable","16":"purchasable","17":"product-type-simple"},"acf":[],"_links":{"self":[{"href":"https:\/\/moto-oprema.com\/hr\/wp-json\/wp\/v2\/product\/151005","targetHints":{"allow":["GET"]}}],"collection":[{"href":"https:\/\/moto-oprema.com\/hr\/wp-json\/wp\/v2\/product"}],"about":[{"href":"https:\/\/moto-oprema.com\/hr\/wp-json\/wp\/v2\/types\/product"}],"replies":[{"embeddable":true,"href":"https:\/\/moto-oprema.com\/hr\/wp-json\/wp\/v2\/comments?post=151005"}],"wp:featuredmedia":[{"embeddable":true,"href":"https:\/\/moto-oprema.com\/hr\/wp-json\/wp\/v2\/media\/32311"}],"wp:attachment":[{"href":"https:\/\/moto-oprema.com\/hr\/wp-json\/wp\/v2\/media?parent=151005"}],"wp:term":[{"taxonomy":"brand","embeddable":true,"href":"https:\/\/moto-oprema.com\/hr\/wp-json\/wp\/v2\/brand?post=151005"},{"taxonomy":"gender","embeddable":true,"href":"https:\/\/moto-oprema.com\/hr\/wp-json\/wp\/v2\/gender?post=151005"},{"taxonomy":"product_brand","embeddable":true,"href":"https:\/\/moto-oprema.com\/hr\/wp-json\/wp\/v2\/product_brand?post=151005"},{"taxonomy":"product_cat","embeddable":true,"href":"https:\/\/moto-oprema.com\/hr\/wp-json\/wp\/v2\/product_cat?post=151005"},{"taxonomy":"product_tag","embeddable":true,"href":"https:\/\/moto-oprema.com\/hr\/wp-json\/wp\/v2\/product_tag?post=151005"}],"curies":[{"name":"wp","href":"https:\/\/api.w.org\/{rel}","templated":true}]}}