{"id":150978,"date":"2024-11-28T11:00:24","date_gmt":"2024-11-28T11:00:24","guid":{"rendered":"https:\/\/moto-oprema.com\/Artikel\/alpinestars-vision-3-wordmark-mx-naocale-mirror-crvene\/"},"modified":"2024-11-28T11:00:24","modified_gmt":"2024-11-28T11:00:24","slug":"alpinestars-vision-3-wordmark-mx-naocale-mirror-crvene","status":"publish","type":"product","link":"https:\/\/moto-oprema.com\/hr\/Artikel\/alpinestars-vision-3-wordmark-mx-naocale-mirror-crvene\/","title":{"rendered":"ALPINESTARS VISION 3 WORDMARK MX NAO\u010cALE MIRROR CRVENE"},"content":{"rendered":"<p>Alpinestars Vision 3 nadogra\u0111uje prednosti nao\u010dala Vision 5, nude\u0107i izvrsne zna\u010dajke po pristupa\u010dnijoj cijeni. Vision 3 uklju\u010duje RAM-AIR sustav ventilacije, ultra mekani A-FLEX okvir, kanal za vlagu i dvoslojnu pjenu za lice za iznimnu udobnost. Nao\u010dale su lagane i svestrane te koriste iste le\u0107e i TearOff folije kao i nao\u010dale Vision 8 i 5.  <\/p>\n<p>&nbsp;<\/p>\n<p>Vision 3 nao\u010dale nadogra\u0111uju snage Vision 5 modela, nude\u0107i izvrsne zna\u010dajke po pristupa\u010dnijoj cijeni. Vision 3 uklju\u010duje RAM-AIR sustav ventilacije, super mekani A-FLEX okvir, kanal za vlagu i dvoslojnu pjenu za lice za iznimnu udobnost. Lagane i svestrane, nao\u010dale koriste iste le\u0107e i trake za su\u0161enje kao i Vision 8 i 5 nao\u010dale.  <\/p>\n<p>&nbsp;<\/p>\n<p>Die Vision 3 Goggles bauen auf den St\u00e4rken der Vision 5 auf und bieten \u00fcberstanden Funktionen zu einem g\u00fcnstigeren Preis. Vision 3 ima ventilacijski sustav RAM-AIR, super mekani A-FLEX okvir, kanal za vla\u017eenje i dvoslojnu pjenu za lice za iznimnu udobnost. Die leichte und versatile Brille ist mit den gleichen Gl\u00e4sern und Tear-offs ausgestatt wie die Vision 8 und 5 Goggles.<\/p>\n","protected":false},"excerpt":{"rendered":"<p>Vision 3 za\u0161titne nao\u010dale s natpisom Boja: Crvena Le\u0107a: Srebrno ogledalo<\/p>\n","protected":false},"featured_media":32287,"comment_status":"open","ping_status":"closed","template":"","meta":{"_acf_changed":false},"brand":[2748],"gender":[2172],"product_brand":[],"product_cat":[2861,2733],"product_tag":[],"class_list":{"0":"post-150978","1":"product","2":"type-product","3":"status-publish","4":"has-post-thumbnail","6":"brand-alpinestars-hr","7":"gender-unisex-hr","8":"product_cat-mx-naocale","9":"product_cat-oprema-za-motokros","11":"first","12":"instock","13":"sale","14":"taxable","15":"shipping-taxable","16":"purchasable","17":"product-type-simple"},"acf":[],"_links":{"self":[{"href":"https:\/\/moto-oprema.com\/hr\/wp-json\/wp\/v2\/product\/150978","targetHints":{"allow":["GET"]}}],"collection":[{"href":"https:\/\/moto-oprema.com\/hr\/wp-json\/wp\/v2\/product"}],"about":[{"href":"https:\/\/moto-oprema.com\/hr\/wp-json\/wp\/v2\/types\/product"}],"replies":[{"embeddable":true,"href":"https:\/\/moto-oprema.com\/hr\/wp-json\/wp\/v2\/comments?post=150978"}],"wp:featuredmedia":[{"embeddable":true,"href":"https:\/\/moto-oprema.com\/hr\/wp-json\/wp\/v2\/media\/32287"}],"wp:attachment":[{"href":"https:\/\/moto-oprema.com\/hr\/wp-json\/wp\/v2\/media?parent=150978"}],"wp:term":[{"taxonomy":"brand","embeddable":true,"href":"https:\/\/moto-oprema.com\/hr\/wp-json\/wp\/v2\/brand?post=150978"},{"taxonomy":"gender","embeddable":true,"href":"https:\/\/moto-oprema.com\/hr\/wp-json\/wp\/v2\/gender?post=150978"},{"taxonomy":"product_brand","embeddable":true,"href":"https:\/\/moto-oprema.com\/hr\/wp-json\/wp\/v2\/product_brand?post=150978"},{"taxonomy":"product_cat","embeddable":true,"href":"https:\/\/moto-oprema.com\/hr\/wp-json\/wp\/v2\/product_cat?post=150978"},{"taxonomy":"product_tag","embeddable":true,"href":"https:\/\/moto-oprema.com\/hr\/wp-json\/wp\/v2\/product_tag?post=150978"}],"curies":[{"name":"wp","href":"https:\/\/api.w.org\/{rel}","templated":true}]}}