{"id":150922,"date":"2024-11-27T13:38:14","date_gmt":"2024-11-27T13:38:14","guid":{"rendered":"https:\/\/moto-oprema.com\/Artikel\/fox-mtb-elbow-pro-enduro-d3o\/"},"modified":"2024-11-27T13:38:14","modified_gmt":"2024-11-27T13:38:14","slug":"fox-mtb-elbow-pro-enduro-d3o","status":"publish","type":"product","link":"https:\/\/moto-oprema.com\/hr\/Artikel\/fox-mtb-elbow-pro-enduro-d3o\/","title":{"rendered":"FOX MTB ELBOW PRO ENDURO D3O"},"content":{"rendered":"<div class=\"data item content\" id=\"product.info.description\">\n<div class=\"product attribute description\">\n<div class=\"value\">Enduro Pro \u0161titnici za laktove razvijeni su kako bi ponudili najvi\u0161u razinu za\u0161tite od udaraca grana i drugih predmeta, a istovremeno smanjili dodatnu masu i te\u017einu kako biste se i dalje mogli slobodno kretati. Jednostavno navucite i krenite na stazu, a uskoro \u0107ete cijeniti mikro-likra man\u017eetu koja odvodi vlagu, lako di\u0161e i odr\u017eava vas svje\u017eima. Posebno dizajnirani D3O\u00ae ulo\u017eak za laktove izdr\u017eat \u0107e sve \u0161to vam donese va\u0161a sljede\u0107a vo\u017enja.  <\/p>\n<p>\u0160titnici za laktove s CE EN 1621-1 certifikatom razine 1<\/p><\/div>\n<\/div>\n<\/div>\n","protected":false},"excerpt":{"rendered":"<p>Enduro Pro \u0161titnici za laktove razvijeni su kako bi ponudili najvi\u0161u razinu za\u0161tite od udaraca grana&#8230;<\/p>\n","protected":false},"featured_media":14497,"comment_status":"open","ping_status":"open","template":"","meta":{"_acf_changed":false},"brand":[2738],"gender":[],"product_brand":[],"product_cat":[1356,2740,2741,2733,2742],"product_tag":[],"class_list":{"0":"post-150922","1":"product","2":"type-product","3":"status-publish","4":"has-post-thumbnail","6":"brand-fox-hr","7":"product_cat-motociklisticka-oprema","8":"product_cat-mtb-biciklisticka-oprema","9":"product_cat-mtb-stitnici","10":"product_cat-oprema-za-motokros","11":"product_cat-stitnici-za-laktove-za-mtb","12":"pa_size-l-hr","13":"pa_size-m-hr","14":"pa_size-s-hr","15":"pa_size-xl-hr","16":"pa_size-xs-hr","17":"pa_size-xxl-hr","19":"first","20":"onbackorder","21":"taxable","22":"shipping-taxable","23":"purchasable","24":"product-type-variable"},"acf":[],"_links":{"self":[{"href":"https:\/\/moto-oprema.com\/hr\/wp-json\/wp\/v2\/product\/150922","targetHints":{"allow":["GET"]}}],"collection":[{"href":"https:\/\/moto-oprema.com\/hr\/wp-json\/wp\/v2\/product"}],"about":[{"href":"https:\/\/moto-oprema.com\/hr\/wp-json\/wp\/v2\/types\/product"}],"replies":[{"embeddable":true,"href":"https:\/\/moto-oprema.com\/hr\/wp-json\/wp\/v2\/comments?post=150922"}],"wp:featuredmedia":[{"embeddable":true,"href":"https:\/\/moto-oprema.com\/hr\/wp-json\/wp\/v2\/media\/14497"}],"wp:attachment":[{"href":"https:\/\/moto-oprema.com\/hr\/wp-json\/wp\/v2\/media?parent=150922"}],"wp:term":[{"taxonomy":"brand","embeddable":true,"href":"https:\/\/moto-oprema.com\/hr\/wp-json\/wp\/v2\/brand?post=150922"},{"taxonomy":"gender","embeddable":true,"href":"https:\/\/moto-oprema.com\/hr\/wp-json\/wp\/v2\/gender?post=150922"},{"taxonomy":"product_brand","embeddable":true,"href":"https:\/\/moto-oprema.com\/hr\/wp-json\/wp\/v2\/product_brand?post=150922"},{"taxonomy":"product_cat","embeddable":true,"href":"https:\/\/moto-oprema.com\/hr\/wp-json\/wp\/v2\/product_cat?post=150922"},{"taxonomy":"product_tag","embeddable":true,"href":"https:\/\/moto-oprema.com\/hr\/wp-json\/wp\/v2\/product_tag?post=150922"}],"curies":[{"name":"wp","href":"https:\/\/api.w.org\/{rel}","templated":true}]}}