{"id":150921,"date":"2024-11-27T13:45:19","date_gmt":"2024-11-27T13:45:19","guid":{"rendered":"https:\/\/moto-oprema.com\/Artikel\/dainese-pista-klizac-za-koljena-antracit\/"},"modified":"2024-11-27T13:45:19","modified_gmt":"2024-11-27T13:45:19","slug":"dainese-pista-klizac-za-koljena-antracit","status":"publish","type":"product","link":"https:\/\/moto-oprema.com\/hr\/Artikel\/dainese-pista-klizac-za-koljena-antracit\/","title":{"rendered":"Dainese Pista kliza\u010d za koljena antracit"},"content":{"rendered":"<div class=\"tabs-panels\">\n<h2 class=\"acctab\" id=\"acctab-\"><\/h2>\n<div class=\"panel\">\n<div class=\"std\">\n<p>Kliza\u010di u obliku lakta ergonomski su dizajnirani za dobru osjetljivost i izdr\u017eljivost. Izra\u0111eni od termoplasti\u010dnog poliuretana. Sustav brzog otpu\u0161tanja bez alata.  <\/p>\n<\/p><\/div>\n<\/div>\n","protected":false},"excerpt":{"rendered":"<p>Kliza\u010di u obliku lakta ergonomski su dizajnirani za dobru osjetljivost i izdr\u017eljivost. Izra\u0111eni od termoplasti\u010dnog poliuretana&#8230;.<\/p>\n","protected":false},"featured_media":24726,"comment_status":"open","ping_status":"open","template":"","meta":{"_acf_changed":false},"brand":[2800],"gender":[],"product_brand":[],"product_cat":[1356,2856,2855],"product_tag":[3044,2862,3041],"class_list":{"0":"post-150921","1":"product","2":"type-product","3":"status-publish","4":"has-post-thumbnail","6":"brand-dainese-hr","7":"product_cat-motociklisticka-oprema","8":"product_cat-zastitnici","9":"product_cat-zastitnici-i-zracni-jastuci","10":"product_tag-klizaci","11":"product_tag-odjeca","12":"product_tag-zastitnici","13":"pa_barva-siva","14":"pa_product-code-da1876164-011-hr","15":"pa_product-id-44509-hr","17":"first","18":"instock","19":"taxable","20":"shipping-taxable","21":"purchasable","22":"product-type-simple"},"acf":[],"_links":{"self":[{"href":"https:\/\/moto-oprema.com\/hr\/wp-json\/wp\/v2\/product\/150921","targetHints":{"allow":["GET"]}}],"collection":[{"href":"https:\/\/moto-oprema.com\/hr\/wp-json\/wp\/v2\/product"}],"about":[{"href":"https:\/\/moto-oprema.com\/hr\/wp-json\/wp\/v2\/types\/product"}],"replies":[{"embeddable":true,"href":"https:\/\/moto-oprema.com\/hr\/wp-json\/wp\/v2\/comments?post=150921"}],"wp:featuredmedia":[{"embeddable":true,"href":"https:\/\/moto-oprema.com\/hr\/wp-json\/wp\/v2\/media\/24726"}],"wp:attachment":[{"href":"https:\/\/moto-oprema.com\/hr\/wp-json\/wp\/v2\/media?parent=150921"}],"wp:term":[{"taxonomy":"brand","embeddable":true,"href":"https:\/\/moto-oprema.com\/hr\/wp-json\/wp\/v2\/brand?post=150921"},{"taxonomy":"gender","embeddable":true,"href":"https:\/\/moto-oprema.com\/hr\/wp-json\/wp\/v2\/gender?post=150921"},{"taxonomy":"product_brand","embeddable":true,"href":"https:\/\/moto-oprema.com\/hr\/wp-json\/wp\/v2\/product_brand?post=150921"},{"taxonomy":"product_cat","embeddable":true,"href":"https:\/\/moto-oprema.com\/hr\/wp-json\/wp\/v2\/product_cat?post=150921"},{"taxonomy":"product_tag","embeddable":true,"href":"https:\/\/moto-oprema.com\/hr\/wp-json\/wp\/v2\/product_tag?post=150921"}],"curies":[{"name":"wp","href":"https:\/\/api.w.org\/{rel}","templated":true}]}}