{"id":150891,"date":"2024-11-27T13:38:19","date_gmt":"2024-11-27T13:38:19","guid":{"rendered":"https:\/\/moto-oprema.com\/Artikel\/alpinestars-halo-drystar-jakna-plava-kaki-narancasta\/"},"modified":"2024-11-27T13:38:19","modified_gmt":"2024-11-27T13:38:19","slug":"alpinestars-halo-drystar-jakna-plava-kaki-narancasta","status":"publish","type":"product","link":"https:\/\/moto-oprema.com\/hr\/Artikel\/alpinestars-halo-drystar-jakna-plava-kaki-narancasta\/","title":{"rendered":"ALPINESTARS HALO DRYSTAR JAKNA PLAVA KAKI NARAN\u010cASTA"},"content":{"rendered":"<p>Jakna Halo Drystar\u00ae je cjelogodi\u0161nja putna jakna s inovativnom tehni\u010dkom \u0161koljkom koja se prilago\u0111ava vremenskim uvjetima. Asimetri\u010dna prednja konstrukcija ima ekstra \u0161iroku ventilacijsku plo\u010du koja, u kombinaciji s velikom ventilacijskom plo\u010dom na stra\u017enjoj strani, osigurava optimalnu cirkulaciju zraka. To se mo\u017ee dodatno pobolj\u0161ati uklonjivom \u0161koljkom rukava koja otkriva rukave od potpune mre\u017easte tkanine, omogu\u0107uju\u0107i neusporediv protok zraka u najtoplijim okru\u017eenjima, a istovremeno pru\u017ea potpunu za\u0161titu od udara. Ova jakna je kompatibilna s Tech-Air\u00ae-om i mo\u017ee primiti Tech-Air\u00ae 5 sustav zra\u010dnih jastuka za potpunu za\u0161titu gornjeg dijela tijela.   <\/p>\n<p>Zna\u010dajke:<\/p>\n<ul>\n<li>  Potpuno sklopivi mre\u017easti ventilacijski paneli cijele duljine na prednjoj i stra\u017enjoj strani osiguravaju u\u010dinkovitu distribuciju zraka, dok odvojivi vanjski rukavi omogu\u0107uju prilagodbu jakne vremenskim uvjetima.<\/li>\n<li>  Skladljiva, vodootporna i prozra\u010dna, Drystar\u00ae ki\u0161na jakna nudi zajam\u010denu vodootpornost i prozra\u010dnost bez prevelikog obima koji sprje\u010dava za\u010depljenje, a mo\u017ee se nositi unutar ili preko jakne za potpunu kontrolu klime ili kao samostalna jakna. Jakna se mo\u017ee spremiti u stra\u017enji d\u017eep ili u integrirani d\u017eep. <\/li>\n<li>  Nucleon Flex Pro za\u0161tita nudi optimalnu za\u0161titu od udara.<\/li>\n<li>  Jakna je kompatibilna s Tech-Air\u00ae tehnologijom i mo\u017ee primiti Tech-Air\u00ae 5 sustav zra\u010dnih jastuka za potpunu za\u0161titu gornjeg dijela tijela te ima poseban kroj koji nudi najvi\u0161u razinu aktivne za\u0161tite.<\/li>\n<li>  Mekani ovratnik za bolju udobnost jaha\u010da.<\/li>\n<li>  Rastezljive man\u017eete za zglobove za optimalno pristajanje.<\/li>\n<li>  Vi\u0161estruko podesivi rukavi za prilago\u0111eno pristajanje.<\/li>\n<li>  Lijevi i desni odvojivi rukavi su ozna\u010deni za jednostavno ponovno pri\u010dvr\u0161\u0107ivanje na jaknu.<\/li>\n<li>  D\u017eepovi za ruke, donji d\u017eep, prednji d\u017eep i bo\u010dni d\u017eepovi za svakodnevnu udobnost.<\/li>\n<li>  Mre\u017easti stra\u017enji d\u017eep za jednostavnu, prakti\u010dnu i brzu upotrebu.<\/li>\n<li>  Zahvaljuju\u0107i ugra\u0111enom d\u017eepu, unutarnja jakna Drystar\u00ae mo\u017ee se samostalno sklopiti.<\/li>\n<li>  Uklonjivi za\u0161titni pretinac na prsima za sigurno pohranjivanje dragocjenosti.<\/li>\n<li>  PU oja\u010danje na ramenima za dodatnu \u010dvrsto\u0107u i izdr\u017eljivost.<\/li>\n<li>  Unutarnji pojas na vanjskoj ko\u017ei za optimalno pristajanje.<\/li>\n<li>  Fluorescentno \u017euti umetci na unutarnjoj ljusci Drystar\u00ae.<\/li>\n<li>  Odje\u0107a za motocikle klase AA (klasa AA s rukavima; klasa A bez rukava).<\/li>\n<\/ul>\n<p>Sastav sirovine: 98% poliester, 2% elastan<\/p>\n","protected":false},"excerpt":{"rendered":"<p>Jakna Halo Drystar\u00ae je cjelogodi\u0161nja putna jakna s inovativnom tehni\u010dkom \u0161koljkom koja se prilago\u0111ava vremenskim uvjetima&#8230;.<\/p>\n","protected":false},"featured_media":29244,"comment_status":"open","ping_status":"closed","template":"","meta":{"_acf_changed":false},"brand":[2748],"gender":[],"product_brand":[],"product_cat":[2759,1356,2761],"product_tag":[],"class_list":{"0":"post-150891","1":"product","2":"type-product","3":"status-publish","4":"has-post-thumbnail","6":"brand-alpinestars-hr","7":"product_cat-jakne-hr","8":"product_cat-motociklisticka-oprema","9":"product_cat-tekstilne-jakne-hr","10":"pa_size-l-hr","11":"pa_size-m-hr","12":"pa_size-s-hr","13":"pa_size-xl-hr","14":"pa_size-xxl-hr","16":"first","17":"instock","18":"sale","19":"taxable","20":"shipping-taxable","21":"purchasable","22":"product-type-variable"},"acf":[],"_links":{"self":[{"href":"https:\/\/moto-oprema.com\/hr\/wp-json\/wp\/v2\/product\/150891","targetHints":{"allow":["GET"]}}],"collection":[{"href":"https:\/\/moto-oprema.com\/hr\/wp-json\/wp\/v2\/product"}],"about":[{"href":"https:\/\/moto-oprema.com\/hr\/wp-json\/wp\/v2\/types\/product"}],"replies":[{"embeddable":true,"href":"https:\/\/moto-oprema.com\/hr\/wp-json\/wp\/v2\/comments?post=150891"}],"wp:featuredmedia":[{"embeddable":true,"href":"https:\/\/moto-oprema.com\/hr\/wp-json\/wp\/v2\/media\/29244"}],"wp:attachment":[{"href":"https:\/\/moto-oprema.com\/hr\/wp-json\/wp\/v2\/media?parent=150891"}],"wp:term":[{"taxonomy":"brand","embeddable":true,"href":"https:\/\/moto-oprema.com\/hr\/wp-json\/wp\/v2\/brand?post=150891"},{"taxonomy":"gender","embeddable":true,"href":"https:\/\/moto-oprema.com\/hr\/wp-json\/wp\/v2\/gender?post=150891"},{"taxonomy":"product_brand","embeddable":true,"href":"https:\/\/moto-oprema.com\/hr\/wp-json\/wp\/v2\/product_brand?post=150891"},{"taxonomy":"product_cat","embeddable":true,"href":"https:\/\/moto-oprema.com\/hr\/wp-json\/wp\/v2\/product_cat?post=150891"},{"taxonomy":"product_tag","embeddable":true,"href":"https:\/\/moto-oprema.com\/hr\/wp-json\/wp\/v2\/product_tag?post=150891"}],"curies":[{"name":"wp","href":"https:\/\/api.w.org\/{rel}","templated":true}]}}