{"id":150881,"date":"2022-09-29T10:49:18","date_gmt":"2022-09-29T10:49:18","guid":{"rendered":"https:\/\/moto-oprema.com\/Artikel\/dainese-metractive-d-wp-cipele-smede\/"},"modified":"2022-09-29T10:49:18","modified_gmt":"2022-09-29T10:49:18","slug":"dainese-metractive-d-wp-cipele-smede","status":"publish","type":"product","link":"https:\/\/moto-oprema.com\/hr\/Artikel\/dainese-metractive-d-wp-cipele-smede\/","title":{"rendered":"DAINESE METRACTIVE D-WP CIPELE SME\u0110E"},"content":{"rendered":"<p>Vodootporne motociklisti\u010dke \u010dizme izra\u0111ene od punozrnate ko\u017ee. Udobne, izdr\u017eljive i za\u0161titne, s asimetri\u010dnim Groundtrax\u00ae potplatima. <\/p>\n<p>OPIS<\/p>\n<p>Metractive D-WP su vodootporne motociklisti\u010dke \u010dizme izra\u0111ene od fine punozrnate ko\u017ee, dizajnirane za no\u0161enje u raznim vremenskim uvjetima i u raznim prilikama tijekom dana, kako tijekom vo\u017enje tako i tijekom hodanja. Njihova mala te\u017eina \u010dini ih prikladnima za dugotrajnu upotrebu, \u0161to pokazuje veliku pa\u017enju posve\u0107enu udobnosti. Fokus na udobnost kombiniran je s fokusom na sigurnost s oja\u010danjima u peti i gle\u017enju koja pove\u0107avaju stabilnost i za\u0161titu. Asimetri\u010dni Groundtrax\u00ae potplati dizajnirani su kako bi pru\u017eili maksimalnu udobnost i stabilnost, kao i idealno prianjanje i trakciju i tijekom vo\u017enje i tijekom hodanja. Potplati su dizajnirani kako bi pru\u017eili otpornost na deformacije pri udaru. Prakti\u010dan bo\u010dni patentni zatvara\u010d olak\u0161ava postavljanje. Ortholite\u00ae ulo\u017eak pru\u017ea maksimalnu prozra\u010dnost i dugotrajno ubla\u017eavanje.      <\/p>\n<p>ZNA\u010cAJKE<\/p>\n<ul>\n<li>  Bootstrap<\/li>\n<li>  Elasti\u010dna traka za spremanje vezica<\/li>\n<li>  PU za\u0161tita ru\u010dice mjenja\u010da<\/li>\n<li>  Groundtrax\u00ae gumeni potplat dizajniran za vrhunsku udobnost hodanja<\/li>\n<li>  Ortholite ulo\u017eak s dugotrajnim jastu\u010di\u0107ima i visokom prozra\u010dno\u0161\u0107u<\/li>\n<\/ul>\n<p>GLAVNI MATERIJALI<\/p>\n<p>Gornji dio od punozrnate kravlje ko\u017ee<\/p>\n<p>SIGURNOST<\/p>\n<p>Kruti umetci u podru\u010dju pete s mekom D-pjenom s unutarnje strane<br \/>\n CE certificirane cipele &#8211; kat. II &#8211; Standard EN 13634 <\/p>\n<p>TEMPERATURA<\/p>\n<p>Mre\u017easta podstava<br \/>\n D-WP\u00ae vodootporna unutra\u0161njost<\/p>\n<p>&nbsp;<\/p>\n","protected":false},"excerpt":{"rendered":"<p>Prva isporuka VELJA\u010cA 2023.!<\/p>\n","protected":false},"featured_media":150882,"comment_status":"open","ping_status":"closed","template":"","meta":{"_acf_changed":false},"brand":[2800],"gender":[],"product_brand":[],"product_cat":[2770,1356,2769],"product_tag":[],"class_list":{"0":"post-150881","1":"product","2":"type-product","3":"status-publish","4":"has-post-thumbnail","6":"brand-dainese-hr","7":"product_cat-gradska-obuca","8":"product_cat-motociklisticka-oprema","9":"product_cat-obuca","10":"pa_velikost-skornji-39-hr","11":"pa_velikost-skornji-40-hr","12":"pa_velikost-skornji-41-hr","13":"pa_velikost-skornji-42-hr","14":"pa_velikost-skornji-43-hr","15":"pa_velikost-skornji-44-hr","16":"pa_velikost-skornji-45-hr","17":"pa_velikost-skornji-46-hr","18":"pa_velikost-skornji-47-hr","20":"first","21":"onbackorder","22":"taxable","23":"shipping-taxable","24":"purchasable","25":"product-type-variable"},"acf":[],"_links":{"self":[{"href":"https:\/\/moto-oprema.com\/hr\/wp-json\/wp\/v2\/product\/150881","targetHints":{"allow":["GET"]}}],"collection":[{"href":"https:\/\/moto-oprema.com\/hr\/wp-json\/wp\/v2\/product"}],"about":[{"href":"https:\/\/moto-oprema.com\/hr\/wp-json\/wp\/v2\/types\/product"}],"replies":[{"embeddable":true,"href":"https:\/\/moto-oprema.com\/hr\/wp-json\/wp\/v2\/comments?post=150881"}],"wp:featuredmedia":[{"embeddable":true,"href":"https:\/\/moto-oprema.com\/hr\/wp-json\/wp\/v2\/media\/150882"}],"wp:attachment":[{"href":"https:\/\/moto-oprema.com\/hr\/wp-json\/wp\/v2\/media?parent=150881"}],"wp:term":[{"taxonomy":"brand","embeddable":true,"href":"https:\/\/moto-oprema.com\/hr\/wp-json\/wp\/v2\/brand?post=150881"},{"taxonomy":"gender","embeddable":true,"href":"https:\/\/moto-oprema.com\/hr\/wp-json\/wp\/v2\/gender?post=150881"},{"taxonomy":"product_brand","embeddable":true,"href":"https:\/\/moto-oprema.com\/hr\/wp-json\/wp\/v2\/product_brand?post=150881"},{"taxonomy":"product_cat","embeddable":true,"href":"https:\/\/moto-oprema.com\/hr\/wp-json\/wp\/v2\/product_cat?post=150881"},{"taxonomy":"product_tag","embeddable":true,"href":"https:\/\/moto-oprema.com\/hr\/wp-json\/wp\/v2\/product_tag?post=150881"}],"curies":[{"name":"wp","href":"https:\/\/api.w.org\/{rel}","templated":true}]}}