{"id":150836,"date":"2022-09-29T09:41:52","date_gmt":"2022-09-29T09:41:52","guid":{"rendered":"https:\/\/moto-oprema.com\/Artikel\/dainese-denim-tex-muska-jakna-plava\/"},"modified":"2022-09-29T09:41:52","modified_gmt":"2022-09-29T09:41:52","slug":"dainese-denim-tex-muska-jakna-plava","status":"publish","type":"product","link":"https:\/\/moto-oprema.com\/hr\/Artikel\/dainese-denim-tex-muska-jakna-plava\/","title":{"rendered":"DAINESE DENIM TEX MU\u0160KA JAKNA PLAVA"},"content":{"rendered":"<p>Motociklisti\u010dka jakna od rastezljivog trapera s mekim Pro-Shape 2.0 \u0161titnicima na ramenima i laktovima. Mogu\u0107nost ugradnje \u0161titnika za le\u0111a modela G. <\/p>\n<p>OPIS<\/p>\n<p>Izra\u0111ena od rastezljive Denim tkanine koja pru\u017ea udobnost i slobodu kretanja, Denim Tex je savr\u0161ena motociklisti\u010dka jakna za slobodno vrijeme za prolje\u0107e, ljeto i jesen. Prakti\u010dna je i sigurna zahvaljuju\u0107i nevidljivim mekim Pro-Shape 2.0 \u0161titnicima na ramenima i laktovima te mogu\u0107nosti umetanja \u0161titnika za le\u0111a G-modela. Jakna je opremljena s pet prakti\u010dnih d\u017eepova, od kojih je jedan unutarnji, i pode\u0161avanjem obima na bokovima pomo\u0107u gumba. <\/p>\n<p>ZNA\u010cAJKE<\/p>\n<ul>\n<li>  1 unutarnji d\u017eep<\/li>\n<li>  4 vanjska d\u017eepa<\/li>\n<li>  Za\u0161titna jakna za motocikle s certifikatom EN 17092<\/li>\n<li>  D\u017eep za stra\u017enji za\u0161titnik G1 i G2<\/li>\n<\/ul>\n<p>ERGONOMIJA<\/p>\n<ul>\n<li>  Pode\u0161avanje remena<\/li>\n<\/ul>\n<p>GLAVNI MATERIJALI<\/p>\n<ul>\n<li>  Rastezljivi traper<\/li>\n<\/ul>\n<p>SIGURNOST<\/p>\n<p> Pro-Shape 2.0: mekani \u0161titnici certificirani prema EN 1621.1 normi na ramenima i laktovima<\/p>\n<p> TEMPERATURA<\/p>\n<ul>\n<li>  ljeto<\/li>\n<\/ul>\n<p>ZA\u0160TITA OD VJETRA<\/p>\n<ul>\n<li>  Da<\/li>\n<\/ul>\n","protected":false},"excerpt":{"rendered":"<p>Dostava od TRAVNJA 2023.!<\/p>\n","protected":false},"featured_media":19521,"comment_status":"open","ping_status":"closed","template":"","meta":{"_acf_changed":false},"brand":[2800],"gender":[],"product_brand":[],"product_cat":[2759,1356,2761],"product_tag":[],"class_list":{"0":"post-150836","1":"product","2":"type-product","3":"status-publish","4":"has-post-thumbnail","6":"brand-dainese-hr","7":"product_cat-jakne-hr","8":"product_cat-motociklisticka-oprema","9":"product_cat-tekstilne-jakne-hr","10":"pa_size-48-hr","11":"pa_size-50-hr","12":"pa_size-52-hr","13":"pa_size-54-hr","14":"pa_size-56-hr","15":"pa_size-58-hr","16":"pa_size-60-hr","18":"first","19":"outofstock","20":"taxable","21":"shipping-taxable","22":"purchasable","23":"product-type-variable"},"acf":[],"_links":{"self":[{"href":"https:\/\/moto-oprema.com\/hr\/wp-json\/wp\/v2\/product\/150836","targetHints":{"allow":["GET"]}}],"collection":[{"href":"https:\/\/moto-oprema.com\/hr\/wp-json\/wp\/v2\/product"}],"about":[{"href":"https:\/\/moto-oprema.com\/hr\/wp-json\/wp\/v2\/types\/product"}],"replies":[{"embeddable":true,"href":"https:\/\/moto-oprema.com\/hr\/wp-json\/wp\/v2\/comments?post=150836"}],"wp:featuredmedia":[{"embeddable":true,"href":"https:\/\/moto-oprema.com\/hr\/wp-json\/wp\/v2\/media\/19521"}],"wp:attachment":[{"href":"https:\/\/moto-oprema.com\/hr\/wp-json\/wp\/v2\/media?parent=150836"}],"wp:term":[{"taxonomy":"brand","embeddable":true,"href":"https:\/\/moto-oprema.com\/hr\/wp-json\/wp\/v2\/brand?post=150836"},{"taxonomy":"gender","embeddable":true,"href":"https:\/\/moto-oprema.com\/hr\/wp-json\/wp\/v2\/gender?post=150836"},{"taxonomy":"product_brand","embeddable":true,"href":"https:\/\/moto-oprema.com\/hr\/wp-json\/wp\/v2\/product_brand?post=150836"},{"taxonomy":"product_cat","embeddable":true,"href":"https:\/\/moto-oprema.com\/hr\/wp-json\/wp\/v2\/product_cat?post=150836"},{"taxonomy":"product_tag","embeddable":true,"href":"https:\/\/moto-oprema.com\/hr\/wp-json\/wp\/v2\/product_tag?post=150836"}],"curies":[{"name":"wp","href":"https:\/\/api.w.org\/{rel}","templated":true}]}}