{"id":150824,"date":"2022-09-28T10:42:03","date_gmt":"2022-09-28T10:42:03","guid":{"rendered":"https:\/\/moto-oprema.com\/Artikel\/dainese-super-rider-2-absoluteshell-crno-bijelo\/"},"modified":"2022-09-28T10:42:03","modified_gmt":"2022-09-28T10:42:03","slug":"dainese-super-rider-2-absoluteshell-crno-bijelo","status":"publish","type":"product","link":"https:\/\/moto-oprema.com\/hr\/Artikel\/dainese-super-rider-2-absoluteshell-crno-bijelo\/","title":{"rendered":"DAINESE SUPER RIDER 2 ABSOLUTESHELL CRNO BIJELO"},"content":{"rendered":"<p>PREGLED<\/p>\n<p>Motociklisti\u010dka jakna izra\u0111ena od Mugello tkanine s umetcima od kravlje ko\u017ee i certificiranim za\u0161titnicima na ramenima, prsima i le\u0111ima. Svestrana u svim uvjetima zahvaljuju\u0107i uklonjivoj vodootpornoj Abs\u00f8luteshell\u2122 membrani. <\/p>\n<p>OPIS<\/p>\n<p>S uskim, sportskim krojem, Super Rider 2 Abs\u00f8luteshell\u2122 je certificirana motociklisti\u010dka jakna s umetcima od kravlje ko\u017ee na podru\u010djima koja su najvi\u0161e izlo\u017eena habanju. Jakna se prilago\u0111ava razli\u010ditim oblicima tijela zahvaljuju\u0107i rastezljivoj konstrukciji od Mugello tkanine, koja osigurava visoku razinu ergonomije i slobode kretanja. Visoke razine certificirane za\u0161tite dolaze iz izravnog iskustva na stazi, s aluminijskim umetcima na ramenima u kombinaciji s kompozitnim \u0161titnicima koji se mogu integrirati sa \u0161titnicima za prsa i le\u0111a. Za\u0161tita je kombinirana s udobno\u0161\u0107u i stabilno\u0161\u0107u pri vo\u017enji, \u010dak i pri velikim brzinama, kroz aerodinami\u010dnu grbu. Prozra\u010dna podstava kombinirana je s uklonjivom vodootpornom unutarnjom membranom Abs\u00f8luteshell\u2122, \u0161to odje\u0107u \u010dini izuzetno svestranom u razli\u010ditim vremenskim uvjetima, pru\u017eaju\u0107i maksimalnu ventilaciju u najtoplijim danima i barijeru protiv ki\u0161e i vjetra u lo\u0161em vremenu. Rastezljivi umetci u podru\u010dju ramena daju odje\u0107i veliku fleksibilnost, dok sustav pode\u0161avanja na bokovima, man\u017eetama i bicepsima osigurava izvrsnu udobnost i nosivost, tako\u0111er optimiziranu sustavom pri\u010dvr\u0161\u0107ivanja hla\u010da.      <\/p>\n<p>ZNA\u010cAJKE<\/p>\n<p>1 unutarnji d\u017eep<br \/>\n 2 vanjska d\u017eepa<br \/>\n Za\u0161titna jakna za motocikle s certifikatom EN 17092<br \/>\n D\u017eep za dvostruku za\u0161titu prsa<br \/>\n D\u017eep za stra\u017enji za\u0161titnik G1 i G2<br \/>\n Reflektiraju\u0107i umetci<\/p>\n<p>ERGONOMIJA<\/p>\n<p>Aerodinami\u010dni spojler<br \/>\n Elasti\u010dni umetci<br \/>\n Sustav za pri\u010dvr\u0161\u0107ivanje jakne i hla\u010da<br \/>\n Pode\u0161avanje vrata<br \/>\n Pode\u0161avanje zape\u0161\u0107a i struka<\/p>\n<p>GLAVNI MATERIJALI<\/p>\n<p>ABS\u00d8LUTESHELL\u2122 uklonjiva membrana<br \/>\n Umetci od kravlje ko\u017ee<br \/>\n Mre\u017easti umetci<br \/>\n Tkanina Mugello<\/p>\n<p>SIGURNOST<\/p>\n<p>Aluminijski umetci na ramenima<br \/>\n Uklonjivi kompozitni \u0161titnici certificirani prema EN 1621.1<\/p>\n<p>VODOOTPORNOST<\/p>\n<p>Da<\/p>\n<p>Sastav sirovina: poliester i ko\u017ea<\/p>\n","protected":false},"excerpt":{"rendered":"<p>Prva isporuka velja\u010da 2023.!<\/p>\n","protected":false},"featured_media":150827,"comment_status":"open","ping_status":"closed","template":"","meta":{"_acf_changed":false},"brand":[2800],"gender":[],"product_brand":[],"product_cat":[2759,1356,2761],"product_tag":[],"class_list":{"0":"post-150824","1":"product","2":"type-product","3":"status-publish","4":"has-post-thumbnail","6":"brand-dainese-hr","7":"product_cat-jakne-hr","8":"product_cat-motociklisticka-oprema","9":"product_cat-tekstilne-jakne-hr","10":"pa_size-48-hr","11":"pa_size-50-hr","12":"pa_size-52-hr","13":"pa_size-54-hr","14":"pa_size-56-hr","15":"pa_size-58-hr","16":"pa_size-60-hr","18":"first","19":"onbackorder","20":"sale","21":"taxable","22":"shipping-taxable","23":"purchasable","24":"product-type-variable"},"acf":[],"_links":{"self":[{"href":"https:\/\/moto-oprema.com\/hr\/wp-json\/wp\/v2\/product\/150824","targetHints":{"allow":["GET"]}}],"collection":[{"href":"https:\/\/moto-oprema.com\/hr\/wp-json\/wp\/v2\/product"}],"about":[{"href":"https:\/\/moto-oprema.com\/hr\/wp-json\/wp\/v2\/types\/product"}],"replies":[{"embeddable":true,"href":"https:\/\/moto-oprema.com\/hr\/wp-json\/wp\/v2\/comments?post=150824"}],"wp:featuredmedia":[{"embeddable":true,"href":"https:\/\/moto-oprema.com\/hr\/wp-json\/wp\/v2\/media\/150827"}],"wp:attachment":[{"href":"https:\/\/moto-oprema.com\/hr\/wp-json\/wp\/v2\/media?parent=150824"}],"wp:term":[{"taxonomy":"brand","embeddable":true,"href":"https:\/\/moto-oprema.com\/hr\/wp-json\/wp\/v2\/brand?post=150824"},{"taxonomy":"gender","embeddable":true,"href":"https:\/\/moto-oprema.com\/hr\/wp-json\/wp\/v2\/gender?post=150824"},{"taxonomy":"product_brand","embeddable":true,"href":"https:\/\/moto-oprema.com\/hr\/wp-json\/wp\/v2\/product_brand?post=150824"},{"taxonomy":"product_cat","embeddable":true,"href":"https:\/\/moto-oprema.com\/hr\/wp-json\/wp\/v2\/product_cat?post=150824"},{"taxonomy":"product_tag","embeddable":true,"href":"https:\/\/moto-oprema.com\/hr\/wp-json\/wp\/v2\/product_tag?post=150824"}],"curies":[{"name":"wp","href":"https:\/\/api.w.org\/{rel}","templated":true}]}}