{"id":150804,"date":"2022-09-28T11:23:20","date_gmt":"2022-09-28T11:23:20","guid":{"rendered":"https:\/\/moto-oprema.com\/Artikel\/dainese-ignite-air-tex-jakna-crna-siva\/"},"modified":"2022-09-28T11:23:20","modified_gmt":"2022-09-28T11:23:20","slug":"dainese-ignite-air-tex-jakna-crna-siva","status":"publish","type":"product","link":"https:\/\/moto-oprema.com\/hr\/Artikel\/dainese-ignite-air-tex-jakna-crna-siva\/","title":{"rendered":"DAINESE IGNITE AIR TEX JAKNA CRNA\/SIVA"},"content":{"rendered":"<p>Udobna i ergonomska motociklisti\u010dka jakna, izvrsna za toplije klime zahvaljuju\u0107i mre\u017eastoj tkanini. Opremljena Pro-Armor \u0161titnicima i dizajnirana za no\u0161enje \u0161titnika za prsa. <\/p>\n<p>OPIS<\/p>\n<p>Le\u017eeran stil susre\u0107e visoku razinu za\u0161tite tipi\u010dnu za Dainese. Idealan za vi\u0161e temperature zahvaljuju\u0107i kombinaciji mre\u017easte tkanine i Pro-Armor \u0161titnika razine 1, osigurava udobnost, za\u0161titu i slobodu kretanja zahvaljuju\u0107i materijalima od kojih je izra\u0111en. Za\u0161tita je optimizirana dizajnom koji mo\u017ee smjestiti \u0161titnike za prsa u dva namjenska d\u017eepa. Sustav pri\u010dvr\u0161\u0107ivanja jakne i hla\u010da osigurava udobnost i ergonomiju, osiguravaju\u0107i idealno pristajanje oba dijela u svakoj situaciji. Ergonomija jakne tako\u0111er je optimizirana sustavom za pode\u0161avanje pristajanja u struku i man\u017eetama.    <\/p>\n<p>ZNA\u010cAJKE<\/p>\n<ul>\n<li>  1 unutarnji d\u017eep<\/li>\n<li>  2 vanjska d\u017eepa<\/li>\n<li>  D\u017eep za stra\u017enji za\u0161titnik G1 i G2<\/li>\n<li>  Pro-Armor d\u017eepovi na prsima 2 kom.<\/li>\n<li>  Reflektiraju\u0107i umetci<\/li>\n<\/ul>\n<p>ERGONOMIJA<\/p>\n<p> Patentni zatvara\u010d za jaknu i hla\u010de<br \/> Pode\u0161avanje zape\u0161\u0107a, struka i bokova<\/p>\n<p> GLAVNI MATERIJALI<\/p>\n<p> Mre\u017easti umetci<br \/> Poliester<\/p>\n<p> TEMPERATURA<\/p>\n<p> ljeto<\/p>\n<p>Sastav sirovine: 100% poliester<\/p>\n","protected":false},"excerpt":{"rendered":"<p>Udobna i ergonomska motociklisti\u010dka jakna, izvrsna za toplije klime zahvaljuju\u0107i mre\u017eastoj tkanini. Opremljena Pro-Armor \u0161titnicima i&#8230;<\/p>\n","protected":false},"featured_media":19510,"comment_status":"open","ping_status":"open","template":"","meta":{"_acf_changed":false},"brand":[2800],"gender":[],"product_brand":[],"product_cat":[2759,1356,2761],"product_tag":[],"class_list":{"0":"post-150804","1":"product","2":"type-product","3":"status-publish","4":"has-post-thumbnail","6":"brand-dainese-hr","7":"product_cat-jakne-hr","8":"product_cat-motociklisticka-oprema","9":"product_cat-tekstilne-jakne-hr","10":"pa_size-46-hr","11":"pa_size-48-hr","12":"pa_size-50-hr","13":"pa_size-52-hr","14":"pa_size-54-hr","15":"pa_size-56-hr","16":"pa_size-58-hr","17":"pa_size-60-hr","19":"first","20":"onbackorder","21":"taxable","22":"shipping-taxable","23":"purchasable","24":"product-type-variable"},"acf":[],"_links":{"self":[{"href":"https:\/\/moto-oprema.com\/hr\/wp-json\/wp\/v2\/product\/150804","targetHints":{"allow":["GET"]}}],"collection":[{"href":"https:\/\/moto-oprema.com\/hr\/wp-json\/wp\/v2\/product"}],"about":[{"href":"https:\/\/moto-oprema.com\/hr\/wp-json\/wp\/v2\/types\/product"}],"replies":[{"embeddable":true,"href":"https:\/\/moto-oprema.com\/hr\/wp-json\/wp\/v2\/comments?post=150804"}],"wp:featuredmedia":[{"embeddable":true,"href":"https:\/\/moto-oprema.com\/hr\/wp-json\/wp\/v2\/media\/19510"}],"wp:attachment":[{"href":"https:\/\/moto-oprema.com\/hr\/wp-json\/wp\/v2\/media?parent=150804"}],"wp:term":[{"taxonomy":"brand","embeddable":true,"href":"https:\/\/moto-oprema.com\/hr\/wp-json\/wp\/v2\/brand?post=150804"},{"taxonomy":"gender","embeddable":true,"href":"https:\/\/moto-oprema.com\/hr\/wp-json\/wp\/v2\/gender?post=150804"},{"taxonomy":"product_brand","embeddable":true,"href":"https:\/\/moto-oprema.com\/hr\/wp-json\/wp\/v2\/product_brand?post=150804"},{"taxonomy":"product_cat","embeddable":true,"href":"https:\/\/moto-oprema.com\/hr\/wp-json\/wp\/v2\/product_cat?post=150804"},{"taxonomy":"product_tag","embeddable":true,"href":"https:\/\/moto-oprema.com\/hr\/wp-json\/wp\/v2\/product_tag?post=150804"}],"curies":[{"name":"wp","href":"https:\/\/api.w.org\/{rel}","templated":true}]}}