{"id":150800,"date":"2022-09-28T09:56:44","date_gmt":"2022-09-28T09:56:44","guid":{"rendered":"https:\/\/moto-oprema.com\/Artikel\/dainese-laguna-seca-5-2-dijelni-brodovi-crno-bijeli\/"},"modified":"2022-09-28T09:56:44","modified_gmt":"2022-09-28T09:56:44","slug":"dainese-laguna-seca-5-2-dijelni-brodovi-crno-bijeli","status":"publish","type":"product","link":"https:\/\/moto-oprema.com\/hr\/Artikel\/dainese-laguna-seca-5-2-dijelni-brodovi-crno-bijeli\/","title":{"rendered":"DAINESE LAGUNA SECA 5 2-DIJELNI BRODOVI CRNO-BIJELI"},"content":{"rendered":"<p>Dainese Laguna Seca 5 &#8211; dvodijelno ko\u017eno motociklisti\u010dko odijelo s Tri-Axial rastezljivim umetkom na le\u0111ima i kompozitnim \u0161titnicima na ramenima, laktovima i koljenima. Ergonomsko, svestrano i za\u0161titno. <\/p>\n<p>OPIS<\/p>\n<p>Laguna Seca 5 2PCS, u potpunosti izra\u0111ena od kravlje ko\u017ee, predstavlja su\u0161tinu sportske vo\u017enje po cesti. Opremljena sustavom za pri\u010dvr\u0161\u0107ivanje remenom izme\u0111u jakne i hla\u010da, prva je dvodijelna jakna koja ima koristi od Tri-Axial rastezljivog umetka na le\u0111ima, koji, u kombinaciji s umetcima od rastezljive tkanine S1 i umetcima od rastezljive ko\u017ee Microelastic 2.0, nudi razinu ergonomije i mobilnosti koja nikada prije nije postignuta. Maksimalna za\u0161tita dolazi iz izravnog iskustva voza\u010da na trka\u0107oj stazi, a zajam\u010dena je certificiranim kompozitnim \u0161titnicima na ramenima, laktovima i koljenima, mekim \u0161titnicima Pro-Shape 2.0 na kukovima i uklonjivim kliza\u010dima za laktove (RSS). Prisutnost zamjenjivih aluminijskih plo\u010da na ramenima i laktovima osigurava ve\u0107u otpornost na habanje zglobova u slu\u010daju pada, olak\u0161avaju\u0107i klizanje. Prozra\u010dna podstava s umetcima od 3D Bubble tkanine i patentnim zatvara\u010dima za ventilaciju na prsima i bedrima pru\u017eaju iznimnu toplinsku udobnost i svestranost u svim godi\u0161njim dobima, \u010dak i u najtoplijim klimama.    <\/p>\n<p>ZNA\u010cAJKE<\/p>\n<ul>\n<li>  1 unutarnji d\u017eep<\/li>\n<li>  Dvodijelno za\u0161titno odijelo za motocikliste s certifikatom EN 17092<\/li>\n<li>  Zamjenjivi kliza\u010di za laktove<\/li>\n<li>  Zamjenjivi kliza\u010di za koljena<\/li>\n<li>  Pro-Armor d\u017eepovi na prsima 2 kom.<\/li>\n<li>  Reflektiraju\u0107i umetci<\/li>\n<li>  Zamjenjivi sustav kliza\u010da 2.0: kliza\u010d s brzim otpu\u0161tanjem na laktu<\/li>\n<li>  Be\u0161avni termoformirani mekani umetci<\/li>\n<\/ul>\n<p>ERGONOMIJA<\/p>\n<ul>\n<li>  Aerodinami\u010dni spojler<\/li>\n<li>  Ovratnik s elasti\u010dnim umetkom<\/li>\n<li>  Elasti\u010dni umetci<\/li>\n<li>  Elasti\u010dni umeci od tkanine<\/li>\n<li>  Integrirani sustav za pri\u010dvr\u0161\u0107ivanje odijela na \u010dizme<\/li>\n<li>  Produ\u017eena le\u0111a<\/li>\n<li>  Mikroelasti\u010dno 2.0<\/li>\n<li>  Triaksijalni elasti\u010dni sustav na le\u0111ima<\/li>\n<\/ul>\n<p>GLAVNI MATERIJALI<\/p>\n<ul>\n<li>  Aluminij<\/li>\n<li>  S1 bielasti\u010dna tkanina<\/li>\n<li>  Tutu kravlja ko\u017ea<\/li>\n<\/ul>\n<p>ZA\u0160TITA<\/p>\n<ul>\n<li>  Kompozitni \u0161titnici za laktove certificirani prema EN 1621.1<\/li>\n<li>  Kompozitni \u0161titnici za koljena certificirani prema EN 1621.1<\/li>\n<li>  Kompozitni \u0161titnici certificirani prema EN 1621.1 normi na ramenima<\/li>\n<li>  Pro-Shape 2.0: mekani \u0161titnici certificirani prema EN 1621.1 normi na bokovima<\/li>\n<li>  Zamjenjiva aluminijska naramenica (1876165 set sportskih aluminijskih naramenica)<\/li>\n<li>  Be\u0161avne aluminijske plo\u010de na koljenima<\/li>\n<\/ul>\n<p>TEMPERATURA<\/p>\n<ul>\n<li>  Otvori za zrak sa strane<\/li>\n<li>  Otvori za zrak na tajicama<\/li>\n<li>  NanoFeel\u00ae podstava s umetcima od tkanine s 3D mjehuri\u0107ima i zra\u010dnim prostorima<\/li>\n<li>  Sredina sezone<\/li>\n<\/ul>\n<p>Sastav sirovine: D-skin 2.0 kravlja ko\u017ea, S1 bielasti\u010dna tkanina<\/p>\n","protected":false},"excerpt":{"rendered":"<p>Dainese Laguna Seca 5 (skra\u0107eno &#8211; produ\u017eeno) dvodijelno ko\u017eno odijelo. Prva isporuka studeni 2022.<\/p>\n","protected":false},"featured_media":19455,"comment_status":"open","ping_status":"open","template":"","meta":{"_acf_changed":false},"brand":[2800],"gender":[],"product_brand":[],"product_cat":[2858,1356],"product_tag":[],"class_list":{"0":"post-150800","1":"product","2":"type-product","3":"status-publish","4":"has-post-thumbnail","6":"brand-dainese-hr","7":"product_cat-dvodijelni-kombinezoni","8":"product_cat-motociklisticka-oprema","9":"pa_size-104-hr","10":"pa_size-110-hr","11":"pa_size-116-hr","12":"pa_size-24-hr","13":"pa_size-25-hr","14":"pa_size-26-hr","15":"pa_size-27-hr","16":"pa_size-28-hr","17":"pa_size-29-hr","18":"pa_size-98-hr","20":"first","21":"onbackorder","22":"sale","23":"taxable","24":"shipping-taxable","25":"purchasable","26":"product-type-variable"},"acf":[],"_links":{"self":[{"href":"https:\/\/moto-oprema.com\/hr\/wp-json\/wp\/v2\/product\/150800","targetHints":{"allow":["GET"]}}],"collection":[{"href":"https:\/\/moto-oprema.com\/hr\/wp-json\/wp\/v2\/product"}],"about":[{"href":"https:\/\/moto-oprema.com\/hr\/wp-json\/wp\/v2\/types\/product"}],"replies":[{"embeddable":true,"href":"https:\/\/moto-oprema.com\/hr\/wp-json\/wp\/v2\/comments?post=150800"}],"wp:featuredmedia":[{"embeddable":true,"href":"https:\/\/moto-oprema.com\/hr\/wp-json\/wp\/v2\/media\/19455"}],"wp:attachment":[{"href":"https:\/\/moto-oprema.com\/hr\/wp-json\/wp\/v2\/media?parent=150800"}],"wp:term":[{"taxonomy":"brand","embeddable":true,"href":"https:\/\/moto-oprema.com\/hr\/wp-json\/wp\/v2\/brand?post=150800"},{"taxonomy":"gender","embeddable":true,"href":"https:\/\/moto-oprema.com\/hr\/wp-json\/wp\/v2\/gender?post=150800"},{"taxonomy":"product_brand","embeddable":true,"href":"https:\/\/moto-oprema.com\/hr\/wp-json\/wp\/v2\/product_brand?post=150800"},{"taxonomy":"product_cat","embeddable":true,"href":"https:\/\/moto-oprema.com\/hr\/wp-json\/wp\/v2\/product_cat?post=150800"},{"taxonomy":"product_tag","embeddable":true,"href":"https:\/\/moto-oprema.com\/hr\/wp-json\/wp\/v2\/product_tag?post=150800"}],"curies":[{"name":"wp","href":"https:\/\/api.w.org\/{rel}","templated":true}]}}