{"id":150647,"date":"2022-09-26T11:07:50","date_gmt":"2022-09-26T11:07:50","guid":{"rendered":"https:\/\/moto-oprema.com\/Artikel\/leatt-mx-compet-jersey-hlace-komplet-za-voznju-3-5-crne\/"},"modified":"2022-09-26T11:07:50","modified_gmt":"2022-09-26T11:07:50","slug":"leatt-mx-compet-jersey-hlace-komplet-za-voznju-3-5-crne","status":"publish","type":"product","link":"https:\/\/moto-oprema.com\/hr\/Artikel\/leatt-mx-compet-jersey-hlace-komplet-za-voznju-3-5-crne\/","title":{"rendered":"LEATT MX COMPET JERSEY HLA\u010cE KOMPLET ZA VO\u017dNJU 3.5 CRNE"},"content":{"rendered":"<p>3.5 Ride Kit sastoji se od MX hla\u010da i dresa te nudi izvrsnu vrijednost za novac u klasi\u010dnom, kroju.<\/p>\n<p>Dres je izra\u0111en od 3D rastezljive mre\u017easte tkanine s zra\u010dnim kanalima i overlock \u0161avovima za ve\u0107u udobnost, a prilago\u0111eni kroj omogu\u0107uje no\u0161enje dresa sa ili bez \u0161titnika.<\/p>\n<p>Hla\u010de imaju rastezljive pletene dijelove koji su oja\u010dani na kriti\u010dnim mjestima radi izdr\u017eljivosti i prozra\u010dnosti. Ko\u017eni umetak na desnom koljenu \u0161titi nogu od topline ispu\u0161nih plinova, a visokokvalitetni YKK patentni zatvara\u010di sa silikonskim prianjanjem u struku dr\u017ee hla\u010de na mjestu. <\/p>\n<p class=\"tw-data-text tw-text-large tw-ta\" style=\"text-align:left;\" dir=\"ltr\"><span xml_lang=\"sl\" lang=\"sl\">Sastav sirovine: 100% poliester<\/span><\/p>\n","protected":false},"excerpt":{"rendered":"","protected":false},"featured_media":19331,"comment_status":"open","ping_status":"closed","template":"","meta":{"_acf_changed":false},"brand":[2744],"gender":[],"product_brand":[],"product_cat":[1356,2895,2733,2892],"product_tag":[],"class_list":{"0":"post-150647","1":"product","2":"type-product","3":"status-publish","4":"has-post-thumbnail","6":"brand-leatt-hr","7":"product_cat-motociklisticka-oprema","8":"product_cat-mx-hlace-hr-2","9":"product_cat-oprema-za-motokros","10":"product_cat-za-najmlade-hr","11":"pa_size-l-hr","12":"pa_size-m-hr","13":"pa_size-s-hr","14":"pa_size-xl-hr","15":"pa_size-xs-hr","16":"pa_size-xxl-hr","17":"pa_size-xxxl-hr","18":"pa_size-xxxxl-hr","20":"first","21":"outofstock","22":"taxable","23":"shipping-taxable","24":"purchasable","25":"product-type-variable"},"acf":[],"_links":{"self":[{"href":"https:\/\/moto-oprema.com\/hr\/wp-json\/wp\/v2\/product\/150647","targetHints":{"allow":["GET"]}}],"collection":[{"href":"https:\/\/moto-oprema.com\/hr\/wp-json\/wp\/v2\/product"}],"about":[{"href":"https:\/\/moto-oprema.com\/hr\/wp-json\/wp\/v2\/types\/product"}],"replies":[{"embeddable":true,"href":"https:\/\/moto-oprema.com\/hr\/wp-json\/wp\/v2\/comments?post=150647"}],"wp:featuredmedia":[{"embeddable":true,"href":"https:\/\/moto-oprema.com\/hr\/wp-json\/wp\/v2\/media\/19331"}],"wp:attachment":[{"href":"https:\/\/moto-oprema.com\/hr\/wp-json\/wp\/v2\/media?parent=150647"}],"wp:term":[{"taxonomy":"brand","embeddable":true,"href":"https:\/\/moto-oprema.com\/hr\/wp-json\/wp\/v2\/brand?post=150647"},{"taxonomy":"gender","embeddable":true,"href":"https:\/\/moto-oprema.com\/hr\/wp-json\/wp\/v2\/gender?post=150647"},{"taxonomy":"product_brand","embeddable":true,"href":"https:\/\/moto-oprema.com\/hr\/wp-json\/wp\/v2\/product_brand?post=150647"},{"taxonomy":"product_cat","embeddable":true,"href":"https:\/\/moto-oprema.com\/hr\/wp-json\/wp\/v2\/product_cat?post=150647"},{"taxonomy":"product_tag","embeddable":true,"href":"https:\/\/moto-oprema.com\/hr\/wp-json\/wp\/v2\/product_tag?post=150647"}],"curies":[{"name":"wp","href":"https:\/\/api.w.org\/{rel}","templated":true}]}}