{"id":150634,"date":"2022-09-26T10:27:43","date_gmt":"2022-09-26T10:27:43","guid":{"rendered":"https:\/\/moto-oprema.com\/Artikel\/leatt-mx-dres-moto-4-5-crveni\/"},"modified":"2022-09-26T10:27:43","modified_gmt":"2022-09-26T10:27:43","slug":"leatt-mx-dres-moto-4-5-crveni","status":"publish","type":"product","link":"https:\/\/moto-oprema.com\/hr\/Artikel\/leatt-mx-dres-moto-4-5-crveni\/","title":{"rendered":"LEATT MX DRES MOTO 4.5 CRVENI"},"content":{"rendered":"<p>Ovaj Leatt dres klasi\u010dnog kroja ima izdr\u017eljive mre\u017easte umetke na prsima i rukavima te overlock \u0161avove za optimalnu udobnost. Krojen je za no\u0161enje sa ili bez za\u0161tite za gornji dio tijela. <\/p>\n","protected":false},"excerpt":{"rendered":"<p>Ovaj Leatt dres klasi\u010dnog kroja ima izdr\u017eljive mre\u017easte umetke na prsima i rukavima te overlock \u0161avove&#8230;<\/p>\n","protected":false},"featured_media":19254,"comment_status":"open","ping_status":"open","template":"","meta":{"_acf_changed":false},"brand":[2744],"gender":[],"product_brand":[],"product_cat":[2746,2733],"product_tag":[],"class_list":{"0":"post-150634","1":"product","2":"type-product","3":"status-publish","4":"has-post-thumbnail","6":"brand-leatt-hr","7":"product_cat-mx-dresovi","8":"product_cat-oprema-za-motokros","9":"pa_size-l-hr","10":"pa_size-m-hr","11":"pa_size-s-hr","12":"pa_size-xl-hr","14":"first","15":"onbackorder","16":"taxable","17":"shipping-taxable","18":"purchasable","19":"product-type-variable"},"acf":[],"_links":{"self":[{"href":"https:\/\/moto-oprema.com\/hr\/wp-json\/wp\/v2\/product\/150634","targetHints":{"allow":["GET"]}}],"collection":[{"href":"https:\/\/moto-oprema.com\/hr\/wp-json\/wp\/v2\/product"}],"about":[{"href":"https:\/\/moto-oprema.com\/hr\/wp-json\/wp\/v2\/types\/product"}],"replies":[{"embeddable":true,"href":"https:\/\/moto-oprema.com\/hr\/wp-json\/wp\/v2\/comments?post=150634"}],"wp:featuredmedia":[{"embeddable":true,"href":"https:\/\/moto-oprema.com\/hr\/wp-json\/wp\/v2\/media\/19254"}],"wp:attachment":[{"href":"https:\/\/moto-oprema.com\/hr\/wp-json\/wp\/v2\/media?parent=150634"}],"wp:term":[{"taxonomy":"brand","embeddable":true,"href":"https:\/\/moto-oprema.com\/hr\/wp-json\/wp\/v2\/brand?post=150634"},{"taxonomy":"gender","embeddable":true,"href":"https:\/\/moto-oprema.com\/hr\/wp-json\/wp\/v2\/gender?post=150634"},{"taxonomy":"product_brand","embeddable":true,"href":"https:\/\/moto-oprema.com\/hr\/wp-json\/wp\/v2\/product_brand?post=150634"},{"taxonomy":"product_cat","embeddable":true,"href":"https:\/\/moto-oprema.com\/hr\/wp-json\/wp\/v2\/product_cat?post=150634"},{"taxonomy":"product_tag","embeddable":true,"href":"https:\/\/moto-oprema.com\/hr\/wp-json\/wp\/v2\/product_tag?post=150634"}],"curies":[{"name":"wp","href":"https:\/\/api.w.org\/{rel}","templated":true}]}}