{"id":150588,"date":"2022-09-26T09:55:09","date_gmt":"2022-09-26T09:55:09","guid":{"rendered":"https:\/\/moto-oprema.com\/Artikel\/dres-leatt-mx-moto-5-5-ultraweld-citrus\/"},"modified":"2022-09-26T09:55:09","modified_gmt":"2022-09-26T09:55:09","slug":"dres-leatt-mx-moto-5-5-ultraweld-citrus","status":"publish","type":"product","link":"https:\/\/moto-oprema.com\/hr\/Artikel\/dres-leatt-mx-moto-5-5-ultraweld-citrus\/","title":{"rendered":"DRES LEATT MX MOTO 5.5 UltraWeld CITRUS"},"content":{"rendered":"<p>Dres 5.5 UltraWeld je nenadma\u0161an po pitanju kvalitete i pristajanja!<br \/>Zahvaljuju\u0107i integriranim usisnicima za zrak i laserski izrezanim perforacijama, dres je posebno lagan i prozra\u010dan. Rastezljiv materijal omogu\u0107uje maksimalnu fleksibilnost i \u010dvrsto prianjanje. Za\u0161titnik se lako mo\u017ee nositi ispod\/preko majice!  <\/p>\n<p>Ovratnik je posebno dizajniran za Leatt ovratnik. \u0160avovi su zalijepljeni na dnu i zape\u0161\u0107ima radi udobnosti. Osim toga, dres je oja\u010dan tankom Brush Guard folijom kako bi za\u0161titio gornji dio tijela od ogrebotina.  <\/p>\n","protected":false},"excerpt":{"rendered":"<p>Dres 5.5 UltraWeld je nenadma\u0161an po pitanju kvalitete i pristajanja!Zahvaljuju\u0107i integriranim usisnicima za zrak i laserski&#8230;<\/p>\n","protected":false},"featured_media":19201,"comment_status":"open","ping_status":"open","template":"","meta":{"_acf_changed":false},"brand":[2744],"gender":[],"product_brand":[],"product_cat":[2746,2733],"product_tag":[],"class_list":{"0":"post-150588","1":"product","2":"type-product","3":"status-publish","4":"has-post-thumbnail","6":"brand-leatt-hr","7":"product_cat-mx-dresovi","8":"product_cat-oprema-za-motokros","9":"pa_size-l-hr","10":"pa_size-m-hr","11":"pa_size-s-hr","12":"pa_size-xl-hr","14":"first","15":"onbackorder","16":"taxable","17":"shipping-taxable","18":"purchasable","19":"product-type-variable"},"acf":[],"_links":{"self":[{"href":"https:\/\/moto-oprema.com\/hr\/wp-json\/wp\/v2\/product\/150588","targetHints":{"allow":["GET"]}}],"collection":[{"href":"https:\/\/moto-oprema.com\/hr\/wp-json\/wp\/v2\/product"}],"about":[{"href":"https:\/\/moto-oprema.com\/hr\/wp-json\/wp\/v2\/types\/product"}],"replies":[{"embeddable":true,"href":"https:\/\/moto-oprema.com\/hr\/wp-json\/wp\/v2\/comments?post=150588"}],"wp:featuredmedia":[{"embeddable":true,"href":"https:\/\/moto-oprema.com\/hr\/wp-json\/wp\/v2\/media\/19201"}],"wp:attachment":[{"href":"https:\/\/moto-oprema.com\/hr\/wp-json\/wp\/v2\/media?parent=150588"}],"wp:term":[{"taxonomy":"brand","embeddable":true,"href":"https:\/\/moto-oprema.com\/hr\/wp-json\/wp\/v2\/brand?post=150588"},{"taxonomy":"gender","embeddable":true,"href":"https:\/\/moto-oprema.com\/hr\/wp-json\/wp\/v2\/gender?post=150588"},{"taxonomy":"product_brand","embeddable":true,"href":"https:\/\/moto-oprema.com\/hr\/wp-json\/wp\/v2\/product_brand?post=150588"},{"taxonomy":"product_cat","embeddable":true,"href":"https:\/\/moto-oprema.com\/hr\/wp-json\/wp\/v2\/product_cat?post=150588"},{"taxonomy":"product_tag","embeddable":true,"href":"https:\/\/moto-oprema.com\/hr\/wp-json\/wp\/v2\/product_tag?post=150588"}],"curies":[{"name":"wp","href":"https:\/\/api.w.org\/{rel}","templated":true}]}}