{"id":150535,"date":"2022-09-23T10:49:48","date_gmt":"2022-09-23T10:49:48","guid":{"rendered":"https:\/\/moto-oprema.com\/Artikel\/leatt-4-5-mx-cizme-narancaste\/"},"modified":"2022-09-23T10:49:48","modified_gmt":"2022-09-23T10:49:48","slug":"leatt-4-5-mx-cizme-narancaste","status":"publish","type":"product","link":"https:\/\/moto-oprema.com\/hr\/Artikel\/leatt-4-5-mx-cizme-narancaste\/","title":{"rendered":"LEATT 4.5 MX \u010cIZME NARAN\u010cASTE"},"content":{"rendered":"<div class=\"ui-tabs-panel ui-widget-content ui-corner-bottom\" id=\"tab-product-description\">\n<div class=\"description\"><strong>Leatt 4.5 MX \u010dizme<\/strong><\/p>\n<p>S Moto 4.5 motocross \u010dizmama, Leatt ubija tri muhe jednim udarcem: udobnost, sigurnost i dizajn. Zahvaljuju\u0107i odabranim materijalima i sofisticiranom kroju, \u010dak su i \u0161ira stopala vrlo udobna tijekom vo\u017enje izvan ceste. S brojnim novim tehnologijama koje je posebno razvio Leatt, nude novu razinu sigurnosti, a svojim modernim i futuristi\u010dkim dizajnom ujedno su i pravi magnet za poglede!  <\/p>\n<p>Zna\u010dajke:<\/p>\n<ul>\n<li>  Iznimna udobnost s prvoklasnim pristajanjem \u010dak i za \u0161iroka stopala<\/li>\n<li>  Zatvaranje: SlideLock sustav, samozaklju\u010davaju\u0107i, jednosmjerno klizno zatvaranje za \u010dvrsto brtvljenje na vrhu prtlja\u017enika.<\/li>\n<li>  Polimerne kompozitne kop\u010de s overlock sustavom i bazom od nehr\u0111aju\u0107eg \u010delika<\/li>\n<li>  Prianjanje: Unutra\u0161njost prtlja\u017enika je ravna i ima dobro prianjanje, pru\u017eaju\u0107i izvrsno iskustvo vo\u017enje<\/li>\n<li>  Pretinac za prste: nizak profil za jednostavno prebacivanje<\/li>\n<li>  Gle\u017eanj: Dizajn s hvati\u0161tem pete za gle\u017eanj za stabilnost pri vo\u017enji na prstima<\/li>\n<li>  Potplat: DualZone tvrdo\u0107a<\/li>\n<li>  Pro\u0161ireno podru\u010dje pedaliranja za stil vo\u017enje u luku i prstima<\/li>\n<li>  Oja\u010dana \u010deli\u010dna osovina<\/li>\n<li>  Unutarnja podstava: prozra\u010dna 3D mre\u017easta unutarnja podstava s protukliznim oja\u010danjem za nulto podizanje pete<\/li>\n<\/ul>\n<\/div>\n<\/div>\n","protected":false},"excerpt":{"rendered":"<p>Leatt 4.5 MX \u010dizme S Moto 4.5 motocross \u010dizmama, Leatt ubija tri muhe jednim udarcem: udobnost,&#8230;<\/p>\n","protected":false},"featured_media":19167,"comment_status":"open","ping_status":"closed","template":"","meta":{"_acf_changed":false},"brand":[2744],"gender":[],"product_brand":[],"product_cat":[1356,2900,2733],"product_tag":[],"class_list":{"0":"post-150535","1":"product","2":"type-product","3":"status-publish","4":"has-post-thumbnail","6":"brand-leatt-hr","7":"product_cat-motociklisticka-oprema","8":"product_cat-motokros-cizme","9":"product_cat-oprema-za-motokros","10":"pa_velikost-skornji-42-hr","11":"pa_velikost-skornji-43-hr","12":"pa_velikost-skornji-44-5-hr","13":"pa_velikost-skornji-45-5-hr","14":"pa_velikost-skornji-47-hr","16":"first","17":"outofstock","18":"sale","19":"taxable","20":"shipping-taxable","21":"purchasable","22":"product-type-variable"},"acf":[],"_links":{"self":[{"href":"https:\/\/moto-oprema.com\/hr\/wp-json\/wp\/v2\/product\/150535","targetHints":{"allow":["GET"]}}],"collection":[{"href":"https:\/\/moto-oprema.com\/hr\/wp-json\/wp\/v2\/product"}],"about":[{"href":"https:\/\/moto-oprema.com\/hr\/wp-json\/wp\/v2\/types\/product"}],"replies":[{"embeddable":true,"href":"https:\/\/moto-oprema.com\/hr\/wp-json\/wp\/v2\/comments?post=150535"}],"wp:featuredmedia":[{"embeddable":true,"href":"https:\/\/moto-oprema.com\/hr\/wp-json\/wp\/v2\/media\/19167"}],"wp:attachment":[{"href":"https:\/\/moto-oprema.com\/hr\/wp-json\/wp\/v2\/media?parent=150535"}],"wp:term":[{"taxonomy":"brand","embeddable":true,"href":"https:\/\/moto-oprema.com\/hr\/wp-json\/wp\/v2\/brand?post=150535"},{"taxonomy":"gender","embeddable":true,"href":"https:\/\/moto-oprema.com\/hr\/wp-json\/wp\/v2\/gender?post=150535"},{"taxonomy":"product_brand","embeddable":true,"href":"https:\/\/moto-oprema.com\/hr\/wp-json\/wp\/v2\/product_brand?post=150535"},{"taxonomy":"product_cat","embeddable":true,"href":"https:\/\/moto-oprema.com\/hr\/wp-json\/wp\/v2\/product_cat?post=150535"},{"taxonomy":"product_tag","embeddable":true,"href":"https:\/\/moto-oprema.com\/hr\/wp-json\/wp\/v2\/product_tag?post=150535"}],"curies":[{"name":"wp","href":"https:\/\/api.w.org\/{rel}","templated":true}]}}