{"id":150534,"date":"2022-09-22T10:17:59","date_gmt":"2022-09-22T10:17:59","guid":{"rendered":"https:\/\/moto-oprema.com\/Artikel\/leatt-rolloff-velocity-6-5-narancaste-zastitne-naocale\/"},"modified":"2022-09-22T10:17:59","modified_gmt":"2022-09-22T10:17:59","slug":"leatt-rolloff-velocity-6-5-narancaste-zastitne-naocale","status":"publish","type":"product","link":"https:\/\/moto-oprema.com\/hr\/Artikel\/leatt-rolloff-velocity-6-5-narancaste-zastitne-naocale\/","title":{"rendered":"LEATT ROLLOFF VELOCITY 6.5 NARAN\u010cASTE ZA\u0160TITNE NAO\u010cALE"},"content":{"rendered":"<p>Otporno na metke prema ANSI Z87.1-2015 i vojnom standardu za balisti\u010dki udar (MIL-DTL-43511D), pri\u010dvr\u0161\u0107ivanje remena od 50 mm s protukliznim premazom, zatvorena dvostruka le\u0107a WideVision od 170\u00b0, trajna funkcija protiv zamagljivanja, samodrenje dizajna okvira le\u0107a, jednostavno umetanje\/izvla\u010denje le\u0107a, dvostupanjska tvrdo\u0107a okvira, pogodno \u010dak i za najte\u017ee kacige, OTG &#8211; Preko nao\u010dala &#8211; Pogodno za nositelje nao\u010dala, troslojna pjena razli\u010ditih viskoziteta plus premaz od flisa, spremno za rolanje za sustav WideVision od 48 mm (opcionalno), spremno za kidanje s iglama (paket za kidanje uklju\u010den), uklonjivi \u0161titnik za nos, 83% prozirno<\/p>\n","protected":false},"excerpt":{"rendered":"<p>Naran\u010dasto bistro 83%<\/p>\n","protected":false},"featured_media":19139,"comment_status":"open","ping_status":"open","template":"","meta":{"_acf_changed":false},"brand":[2744],"gender":[2172],"product_brand":[],"product_cat":[2861,2733],"product_tag":[],"class_list":{"0":"post-150534","1":"product","2":"type-product","3":"status-publish","4":"has-post-thumbnail","6":"brand-leatt-hr","7":"gender-unisex-hr","8":"product_cat-mx-naocale","9":"product_cat-oprema-za-motokros","11":"first","12":"onbackorder","13":"taxable","14":"shipping-taxable","15":"purchasable","16":"product-type-simple"},"acf":[],"_links":{"self":[{"href":"https:\/\/moto-oprema.com\/hr\/wp-json\/wp\/v2\/product\/150534","targetHints":{"allow":["GET"]}}],"collection":[{"href":"https:\/\/moto-oprema.com\/hr\/wp-json\/wp\/v2\/product"}],"about":[{"href":"https:\/\/moto-oprema.com\/hr\/wp-json\/wp\/v2\/types\/product"}],"replies":[{"embeddable":true,"href":"https:\/\/moto-oprema.com\/hr\/wp-json\/wp\/v2\/comments?post=150534"}],"wp:featuredmedia":[{"embeddable":true,"href":"https:\/\/moto-oprema.com\/hr\/wp-json\/wp\/v2\/media\/19139"}],"wp:attachment":[{"href":"https:\/\/moto-oprema.com\/hr\/wp-json\/wp\/v2\/media?parent=150534"}],"wp:term":[{"taxonomy":"brand","embeddable":true,"href":"https:\/\/moto-oprema.com\/hr\/wp-json\/wp\/v2\/brand?post=150534"},{"taxonomy":"gender","embeddable":true,"href":"https:\/\/moto-oprema.com\/hr\/wp-json\/wp\/v2\/gender?post=150534"},{"taxonomy":"product_brand","embeddable":true,"href":"https:\/\/moto-oprema.com\/hr\/wp-json\/wp\/v2\/product_brand?post=150534"},{"taxonomy":"product_cat","embeddable":true,"href":"https:\/\/moto-oprema.com\/hr\/wp-json\/wp\/v2\/product_cat?post=150534"},{"taxonomy":"product_tag","embeddable":true,"href":"https:\/\/moto-oprema.com\/hr\/wp-json\/wp\/v2\/product_tag?post=150534"}],"curies":[{"name":"wp","href":"https:\/\/api.w.org\/{rel}","templated":true}]}}